{"id":15731,"date":"2020-09-23T21:15:17","date_gmt":"2020-09-23T21:15:17","guid":{"rendered":"https:\/\/bim6d.eu\/contacto\/"},"modified":"2024-05-31T07:33:44","modified_gmt":"2024-05-31T07:33:44","slug":"contacto","status":"publish","type":"page","link":"https:\/\/bim6d.eu\/es\/contacto\/","title":{"rendered":"CONTACTO"},"content":{"rendered":"<p>[vc_row section_type=\u00bbfullwidth\u00bb header_feature=\u00bbyes\u00bb footer_feature=\u00bbyes\u00bb equal_column_height=\u00bbmiddle-content\u00bb padding_top=\u00bb0&#8243; padding_bottom=\u00bb0&#8243;][vc_column width=\u00bb1\/3&#8243; css=\u00bb.vc_custom_1602178919906{padding-right: 60px !important;}\u00bb]<div class=\"grve-map-wrapper\">  <div class=\"grve-element grve-map\" data-lat=\"41.405456\" data-lng=\"2.144833\" data-zoom=\"14\" data-disable-style=\"yes\" style=\"height: 820px;\"><\/div>  <div style=\"display:none\" class=\"grve-map-point\" data-point-lat=\"41.405456\" data-point-lng=\"2.144833\" data-point-marker=\"https:\/\/bim6d.eu\/wp-content\/uploads\/2016\/01\/marker-01.png\" data-point-title=\"\"><\/div><\/div>[\/vc_column][vc_column width=\u00bb2\/3&#8243; css=\u00bb.vc_custom_1455640444817{padding-right: 8% !important;padding-left: 8% !important;}\u00bb][vc_empty_space height=\u00bb50&#8243;]<div class=\"grve-element grve-slogan grve-align-left grve-animated-item grve-fadeInRight\" style=\"\" data-delay=\"400\"><h2 class=\"grve-slogan-title grve-align-left grve-h2\"><span>Ponte en contacto<\/span><\/h2>  <p class=\"grve-leader-text\">Si quieres preguntar por alg\u00fan tema digital concreto en el que podamos ayudarte, no dudes en ponerte en contacto con nosotros, s\u00f3lo tienes que tener claro lo que quieres por nuestra parte te responderemos de forma r\u00e1pida y eficaz por parte de nuestros especialistas.<\/p><div class=\"grve-btn-wrapper\"><a href=\"#grve-top-right-form-modal\" class=\"grve-btn grve-btn-medium grve-round grve-bg-primary-1 grve-bg-hover-black grve-toggle-modal\"><span>Enviar mensaje<\/span><\/a><\/div><\/div>[vc_empty_space height=\u00bb50&#8243;][vc_column_text]<\/p>\n<h4>Oficina de Barcelona:<\/h4>\n<p style=\"text-align: left;\"><strong><a href=\"https:\/\/g.page\/bim6d?share\" target=\"_blank\" rel=\"noopener\">Ronda General Mitre 200 7\u00ba 1\u00aa. 08006. Barcelona, Espa\u00f1a<\/a><\/strong><\/p>\n<p><strong>+34<a href=\"tel:+34%20935192807\"> 935192807<\/a> | <a href=\"tel:+34%20670745247\">+34 670745247 <\/a><\/strong><strong>| <a href=\"mailto:info@bim6d.eu\" target=\"_blank\" rel=\"noopener\">info@bim6d.eu<\/a><\/strong>[\/vc_column_text][\/vc_column][\/vc_row]<\/p>\n","protected":false},"excerpt":{"rendered":"<p>[vc_row section_type=\u00bbfullwidth\u00bb header_feature=\u00bbyes\u00bb footer_feature=\u00bbyes\u00bb equal_column_height=\u00bbmiddle-content\u00bb padding_top=\u00bb0&#8243; padding_bottom=\u00bb0&#8243;][vc_column width=\u00bb1\/3&#8243; css=\u00bb.vc_custom_1602178919906{padding-right: 60px !important;}\u00bb][\/vc_column][vc_column width=\u00bb2\/3&#8243; css=\u00bb.vc_custom_1455640444817{padding-right: 8% !important;padding-left: 8% !important;}\u00bb][vc_empty_space height=\u00bb50&#8243;][vc_empty_space height=\u00bb50&#8243;][vc_column_text] Oficina de Barcelona: Ronda General Mitre 200 7\u00ba 1\u00aa. 08006. Barcelona, Espa\u00f1a +34 935192807 | +34 670745247 | info@bim6d.eu[\/vc_column_text][\/vc_column][\/vc_row]<\/p>\n","protected":false},"author":1,"featured_media":0,"parent":0,"menu_order":0,"comment_status":"closed","ping_status":"closed","template":"","meta":{"om_disable_all_campaigns":false,"_monsterinsights_skip_tracking":false,"_monsterinsights_sitenote_active":false,"_monsterinsights_sitenote_note":"","_monsterinsights_sitenote_category":0,"footnotes":""},"class_list":["post-15731","page","type-page","status-publish","hentry"],"aioseo_notices":[],"_links":{"self":[{"href":"https:\/\/bim6d.eu\/es\/wp-json\/wp\/v2\/pages\/15731"}],"collection":[{"href":"https:\/\/bim6d.eu\/es\/wp-json\/wp\/v2\/pages"}],"about":[{"href":"https:\/\/bim6d.eu\/es\/wp-json\/wp\/v2\/types\/page"}],"author":[{"embeddable":true,"href":"https:\/\/bim6d.eu\/es\/wp-json\/wp\/v2\/users\/1"}],"replies":[{"embeddable":true,"href":"https:\/\/bim6d.eu\/es\/wp-json\/wp\/v2\/comments?post=15731"}],"version-history":[{"count":2,"href":"https:\/\/bim6d.eu\/es\/wp-json\/wp\/v2\/pages\/15731\/revisions"}],"predecessor-version":[{"id":15733,"href":"https:\/\/bim6d.eu\/es\/wp-json\/wp\/v2\/pages\/15731\/revisions\/15733"}],"wp:attachment":[{"href":"https:\/\/bim6d.eu\/es\/wp-json\/wp\/v2\/media?parent=15731"}],"curies":[{"name":"wp","href":"https:\/\/api.w.org\/{rel}","templated":true}]}}