{"id":15734,"date":"2021-02-16T12:37:32","date_gmt":"2021-02-16T12:37:32","guid":{"rendered":"https:\/\/bim6d.eu\/ingenieria-inteligente-4-0\/"},"modified":"2024-05-31T08:13:53","modified_gmt":"2024-05-31T08:13:53","slug":"ingenieria-inteligente-4-0","status":"publish","type":"page","link":"https:\/\/bim6d.eu\/es\/proyectos\/ingenieria-inteligente-4-0\/","title":{"rendered":"INGENIER\u00cdA INTELIGENTE 4.0"},"content":{"rendered":"<p>[vc_row section_type=\u00bbfullwidth\u00bb bg_type=\u00bbgradient\u00bb bg_gradient_color_1=\u00bb#3399ff\u00bb bg_gradient_color_2=\u00bb#ff9900&#8243; header_feature=\u00bbyes\u00bb equal_column_height=\u00bbmiddle-content\u00bb padding_top=\u00bb0&#8243; padding_bottom=\u00bb0&#8243; font_color=\u00bb#ffffff\u00bb][vc_column font_color=\u00bb#ffffff\u00bb css=\u00bb.vc_custom_1613152630793{padding-right: 8% !important;padding-left: 8% !important;}\u00bb][vc_empty_space height=\u00bb25&#8243;][vc_column_text]<\/p>\n<div class=\"grve-subtitle\">EDIFICIOS M\u00c1S EFICIENTES Y SOSTENIBLES<\/div>\n<h2 class=\"grve-slogan-title grve-align-left grve-h2\"><span style=\"color: #ffffff;\">INGENIER\u00cdA INTELIGENTE 4.0<\/span><\/h2>\n<h6><span style=\"color: #ffffff;\">Los edificios inteligentes utilizan la tecnolog\u00eda de la informaci\u00f3n durante su funcionamiento para conectar diversos subsistemas, que suelen funcionar de forma independiente, de modo que estos sistemas puedan compartir informaci\u00f3n para optimizar el rendimiento total del edificio. Los edificios inteligentes deben mirar m\u00e1s all\u00e1 del equipamiento del edificio dentro de sus cuatro paredes. Deben estar conectados y responder a la red el\u00e9ctrica y a las fuentes de energ\u00eda renovables, as\u00ed como disponer de enlaces seguros a Internet e interactuar con los operadores y ocupantes de los edificios para dotarles de nuevos niveles de visibilidad e informaci\u00f3n procesable.<\/span><\/h6>\n<h6><span style=\"color: #ffffff;\">Los Edificios Inteligentes prestan servicios \u00fatiles a los edificios que hacen que sus ocupantes est\u00e9n c\u00f3modos y sean productivos (por ejemplo, iluminaci\u00f3n, confort t\u00e9rmico, saneamiento, calidad del aire, seguridad f\u00edsica, movilidad y muchos m\u00e1s) con el menor coste e impacto medioambiental a lo largo del ciclo de vida del edificio. Alcanzar esta visi\u00f3n requiere una planificaci\u00f3n detallada durante la fase inicial, as\u00ed como garantizar la longevidad de las tecnolog\u00edas implantadas.<\/span><\/h6>\n<p>[\/vc_column_text][vc_empty_space height=\u00bb10&#8243;][\/vc_column][\/vc_row][vc_row section_type=\u00bbfullwidth\u00bb bg_type=\u00bbcolor\u00bb equal_column_height=\u00bbmiddle-content\u00bb margin_bottom=\u00bb0&#8243; bg_color=\u00bb#3399ff\u00bb][vc_column width=\u00bb1\/2&#8243; tablet_sm_width=\u00bb1&#8243; heading_color=\u00bbdark\u00bb css=\u00bb.vc_custom_1614376422916{margin-top: -30px !important;padding-right: 4% !important;padding-left: 8% !important;background-color: #3399ff !important;}\u00bb font_color=\u00bbrgba(0,0,0,0.9)\u00bb][vc_empty_space height=\u00bb30&#8243;]<div class=\"grve-element grve-slogan grve-align-left grve-animated-item grve-fadeInDown\" style=\"\" data-delay=\"200\"><h2 class=\"grve-slogan-title grve-align-left grve-h6\"><span>Dise\u00f1o conceptual<span class=\"grve-title-line grve-bg-black\" style=\"width: 50px;height: 2px;\"><\/span><\/span><\/h2><\/div>[vc_column_text]<\/p>\n<ul>\n<li>\n<h5>MEP, EERR y Evaluaci\u00f3n de Estrategias de Sostenibilidad y Digitalizaci\u00f3n<\/h5>\n<\/li>\n<li class=\"m_-246959348928099726MsoListParagraph\">\n<h5><span lang=\"EN-US\">Propiedad y activos Evaluaciones de ingenier\u00eda e informes de diligencia debida<\/span><\/h5>\n<\/li>\n<\/ul>\n<p>[\/vc_column_text][vc_empty_space height=\u00bb30&#8243;][\/vc_column][vc_column width=\u00bb1\/2&#8243; css=\u00bb.vc_custom_1614373728616{margin-top: -30px !important;padding-right: 8% !important;padding-left: 4% !important;background-color: #3399ff !important;}\u00bb]<div class=\"grve-element grve-image grve-align-center\" style=\"\"><img loading=\"lazy\" decoding=\"async\" width=\"2560\" height=\"1707\" src=\"https:\/\/bim6d.eu\/wp-content\/uploads\/2021\/02\/luca-bravo-SRjZtxsK3Os-unsplash-scaled.jpg\" class=\"grve-full-image attachment-full size-full\" alt=\"\" srcset=\"https:\/\/bim6d.eu\/wp-content\/uploads\/2021\/02\/luca-bravo-SRjZtxsK3Os-unsplash-scaled.jpg 1x,https:\/\/bim6d.eu\/wp-content\/uploads\/2021\/02\/luca-bravo-SRjZtxsK3Os-unsplash-scaled.jpg 2x\" \/><\/div>[\/vc_column][\/vc_row][vc_row section_type=\u00bbfullwidth\u00bb bg_type=\u00bbcolor\u00bb equal_column_height=\u00bbmiddle-content\u00bb margin_bottom=\u00bb0&#8243; bg_color=\u00bb#7399b0&#8243;][vc_column width=\u00bb1\/2&#8243; css=\u00bb.vc_custom_1613906224688{padding-right: 4% !important;padding-left: 8% !important;background-color: #7399b0 !important;}\u00bb]<div class=\"grve-element grve-image grve-align-center\" style=\"\"><img loading=\"lazy\" decoding=\"async\" width=\"2560\" height=\"1763\" src=\"https:\/\/bim6d.eu\/wp-content\/uploads\/2021\/02\/A102_Mock-up_Sorigue_Montaje-scaled.jpg\" class=\"grve-full-image attachment-full size-full\" alt=\"\" srcset=\"https:\/\/bim6d.eu\/wp-content\/uploads\/2021\/02\/A102_Mock-up_Sorigue_Montaje-scaled.jpg 1x,https:\/\/bim6d.eu\/wp-content\/uploads\/2021\/02\/A102_Mock-up_Sorigue_Montaje-scaled.jpg 2x\" \/><\/div>[\/vc_column][vc_column width=\u00bb1\/2&#8243; tablet_sm_width=\u00bb1&#8243; heading_color=\u00bbdark\u00bb css=\u00bb.vc_custom_1614125654593{padding-right: 8% !important;padding-left: 4% !important;background-color: #7399b0 !important;}\u00bb font_color=\u00bbrgba(0,0,0,0.9)\u00bb][vc_empty_space height=\u00bb30&#8243;]<div class=\"grve-element grve-slogan grve-align-left grve-animated-item grve-fadeInDown\" style=\"\" data-delay=\"200\"><h2 class=\"grve-slogan-title grve-align-left grve-h6\"><span>Desarrollo del dise\u00f1o t\u00e9cnico<span class=\"grve-title-line grve-bg-black\" style=\"width: 50px;height: 2px;\"><\/span><\/span><\/h2><\/div>[vc_column_text]<\/p>\n<ul>\n<li>\n<h5><span lang=\"EN-US\">MEP, eBMS y redes de energ\u00eda y agua Dise\u00f1o e ingenier\u00eda de valor<\/span><\/h5>\n<\/li>\n<li>\n<h5><u><\/u><u><\/u><span lang=\"EN-GB\">Ingenier\u00eda y consultor\u00eda de Edificios y Redes Inteligentes Sostenibles<\/span><\/h5>\n<\/li>\n<li>\n<h5><u><\/u><u><\/u><span lang=\"EN-GB\">Modelizaci\u00f3n y evaluaci\u00f3n energ\u00e9tica<\/span><\/h5>\n<\/li>\n<li>\n<h5><u><\/u><u><\/u><span lang=\"EN-GB\">Integraci\u00f3n Ac\u00fastica de edificios, Ingenier\u00eda de incendios e Inform\u00e1tica<\/span><\/h5>\n<\/li>\n<\/ul>\n<p>[\/vc_column_text][vc_empty_space height=\u00bb30&#8243;][\/vc_column][\/vc_row][vc_row section_type=\u00bbfullwidth\u00bb bg_type=\u00bbcolor\u00bb equal_column_height=\u00bbmiddle-content\u00bb margin_bottom=\u00bb0&#8243; bg_color=\u00bb#939786&#8243;][vc_column width=\u00bb1\/2&#8243; tablet_sm_width=\u00bb1&#8243; heading_color=\u00bbdark\u00bb css=\u00bb.vc_custom_1614125618482{padding-right: 4% !important;padding-left: 8% !important;background-color: #939786 !important;}\u00bb font_color=\u00bbrgba(0,0,0,0.9)\u00bb][vc_empty_space height=\u00bb30&#8243;]<div class=\"grve-element grve-slogan grve-align-left grve-animated-item grve-fadeInDown\" style=\"\" data-delay=\"200\"><h2 class=\"grve-slogan-title grve-align-left grve-h6\"><span>Construcci\u00f3n<span class=\"grve-title-line grve-bg-black\" style=\"width: 50px;height: 2px;\"><\/span><\/span><\/h2><\/div>[vc_column_text]<\/p>\n<ul>\n<li class=\"m_-246959348928099726MsoListParagraph\">\n<h5><span lang=\"EN-US\">Supervisi\u00f3n y seguimiento de las obras<u><\/u><u><\/u><\/span><\/h5>\n<\/li>\n<li class=\"m_-246959348928099726MsoListParagraph\">\n<h5><span lang=\"EN-US\">Puesta en servicio<u><\/u><u><\/u><\/span><\/h5>\n<\/li>\n<li class=\"m_-246959348928099726MsoListParagraph\">\n<h5><span lang=\"EN-US\">Implementaci\u00f3n de los Gemelos Digitales<\/span><\/h5>\n<\/li>\n<\/ul>\n<p>[\/vc_column_text][vc_empty_space height=\u00bb30&#8243;][\/vc_column][vc_column width=\u00bb1\/2&#8243; css=\u00bb.vc_custom_1614125639210{padding-right: 8% !important;padding-left: 4% !important;background-color: #939786 !important;}\u00bb]<div class=\"grve-element grve-image grve-align-center\" style=\"\"><img loading=\"lazy\" decoding=\"async\" width=\"1920\" height=\"960\" src=\"https:\/\/bim6d.eu\/wp-content\/uploads\/2017\/09\/Captura-de-pantalla-2020-09-09-22.13.49.png\" class=\"grve-full-image attachment-full size-full\" alt=\"\" srcset=\"https:\/\/bim6d.eu\/wp-content\/uploads\/2017\/09\/Captura-de-pantalla-2020-09-09-22.13.49.png 1x,https:\/\/bim6d.eu\/wp-content\/uploads\/2017\/09\/Captura-de-pantalla-2020-09-09-22.13.49.png 2x\" \/><\/div>[\/vc_column][\/vc_row][vc_row section_type=\u00bbfullwidth\u00bb bg_type=\u00bbcolor\u00bb equal_column_height=\u00bbmiddle-content\u00bb margin_bottom=\u00bb0&#8243; bg_color=\u00bb#b79a56&#8243;][vc_column width=\u00bb1\/2&#8243; css=\u00bb.vc_custom_1614374836355{padding-right: 4% !important;padding-left: 8% !important;background-color: #b79a56 !important;}\u00bb]<div class=\"grve-element grve-image grve-align-center\" style=\"\"><img loading=\"lazy\" decoding=\"async\" width=\"1592\" height=\"1080\" src=\"https:\/\/bim6d.eu\/wp-content\/uploads\/2021\/02\/03_BMSInfraestructure01-1.jpg\" class=\"attachment-full size-full\" alt=\"\" srcset=\"https:\/\/bim6d.eu\/wp-content\/uploads\/2021\/02\/03_BMSInfraestructure01-1.jpg 1x,https:\/\/bim6d.eu\/wp-content\/uploads\/2021\/02\/03_BMSInfraestructure01-1.jpg 2x\" \/><\/div>[\/vc_column][vc_column width=\u00bb1\/2&#8243; tablet_sm_width=\u00bb1&#8243; heading_color=\u00bbdark\u00bb css=\u00bb.vc_custom_1614374828459{padding-right: 8% !important;padding-left: 4% !important;background-color: #b79a56 !important;}\u00bb font_color=\u00bbrgba(0,0,0,0.9)\u00bb][vc_empty_space height=\u00bb30&#8243;]<div class=\"grve-element grve-slogan grve-align-left grve-animated-item grve-fadeInDown\" style=\"\" data-delay=\"200\"><h2 class=\"grve-slogan-title grve-align-left grve-h6\"><span>En uso \/ Operaciones<span class=\"grve-title-line grve-bg-black\" style=\"width: 50px;height: 2px;\"><\/span><\/span><\/h2><\/div>[vc_column_text]<\/p>\n<ul>\n<li class=\"m_-246959348928099726MsoListParagraph\">\n<h5><span lang=\"EN-US\">Evaluaci\u00f3n y planes de mantenimiento<u><\/u><u><\/u><\/span><\/h5>\n<\/li>\n<li class=\"m_-246959348928099726MsoListParagraph\">\n<h5><span lang=\"EN-US\">Evaluaci\u00f3n y supervisi\u00f3n de la gesti\u00f3n energ\u00e9tica<u><\/u><u><\/u><\/span><\/h5>\n<\/li>\n<li class=\"m_-246959348928099726MsoListParagraph\">\n<h5><span lang=\"EN-US\">Integraci\u00f3n de Gemelos Digitales en GMAO<\/span><\/h5>\n<\/li>\n<\/ul>\n<p>[\/vc_column_text][vc_empty_space height=\u00bb30&#8243;][\/vc_column][\/vc_row][vc_row section_type=\u00bbfullwidth\u00bb bg_type=\u00bbcolor\u00bb footer_feature=\u00bbyes\u00bb padding_top=\u00bb40&#8243; bg_color=\u00bb#1e1e1e\u00bb font_color=\u00bb#ffffff\u00bb][vc_column][vc_column_text]<\/p>\n<h3 style=\"text-align: center;\"><span style=\"color: #ffffff;\">CONSULTA NUESTROS PROYECTOS DE INGENIER\u00cdA<\/span><\/h3>\n<p>[\/vc_column_text]\t\t\t<div class=\"grve-element grve-with-gap grve-portfolio grve-isotope\" style=\"\" data-spinner=\"no\" data-columns=\"4\" data-columns-tablet-landscape=\"4\" data-columns-tablet-portrait=\"2\" data-columns-mobile=\"1\" data-layout=\"fitRows\" data-gutter-size=\"8\">\r\n\t\t\r\n\t\t\t<div class=\"grve-isotope-container\">\r\n\t\t\t\t\t\t\t<article id=\"portfolio-15590-69e5a296c2ff7\" class=\"grve-isotope-item grve-portfolio-item  post-15590 portfolio type-portfolio status-publish has-post-thumbnail hentry portfolio_category-1d-es portfolio_category-2d-es portfolio_category-3d-es portfolio_category-4d-es portfolio_category-5d-es portfolio_category-6d-es portfolio_category-apps-es portfolio_category-arquitectos portfolio_category-clientes portfolio_category-constructores portfolio_category-consultores-bim portfolio_category-dimensiones portfolio_category-estado-real portfolio_category-gestores-de-instalaciones portfolio_category-hosteleria portfolio_category-ingenieros-de-estructuras portfolio_category-ingenieros-mep portfolio_category-iot-es portfolio_category-oficinas portfolio_category-power-bi-es portfolio_category-powerbim-es portfolio_category-propietarios portfolio_category-proyectos portfolio_category-residencial portfolio_category-retail portfolio_category-servicios-de-plataforma-autodesk portfolio_category-usuarios-finales\">\r\n\t\t\t\t\t\t\t\t\t\t\t\t\t\t\t\t\t<a href=\"https:\/\/bim6d.eu\/es\/portfolio\/digitaltwin-para-el-proyecto-de-regeneracion-urbana-madrid-nuevo-norte\/\">\r\n\t\t\t\t\t\t\t\t\t\t<div class=\"grve-isotope-item-inner grve-zoomIn\">\r\n\t\t\t\t\t\t\t\t<figure class=\"grve-hover-style-4 grve-image-hover grve-zoom-none\">\r\n\t\t\t\t\t\t\t\t\t<div class=\"grve-media grve-bg-none\">\r\n\t\t\t\t\t\t\t\t\t\t\t\t\t\t\t\t\t\t\t\t<div class=\"grve-bg-primary-1 grve-hover-overlay grve-opacity-100\"><\/div>\r\n\t\t\t\t\t\t\t\t\t\t\t\t\t\t\t\t\t\t\t\t<img loading=\"lazy\" decoding=\"async\" width=\"600\" height=\"600\" src=\"https:\/\/bim6d.eu\/wp-content\/uploads\/2023\/01\/MNN_004-600x600.jpg\" class=\"attachment-blade-grve-small-square size-blade-grve-small-square\" alt=\"\" srcset=\"https:\/\/bim6d.eu\/wp-content\/uploads\/2023\/01\/MNN_004-600x600.jpg 600w, https:\/\/bim6d.eu\/wp-content\/uploads\/2023\/01\/MNN_004-150x150.jpg 150w, https:\/\/bim6d.eu\/wp-content\/uploads\/2023\/01\/MNN_004-300x300.jpg 300w, https:\/\/bim6d.eu\/wp-content\/uploads\/2023\/01\/MNN_004-100x100.jpg 100w\" sizes=\"(max-width: 600px) 100vw, 600px\" \/>\t\t\t\t\t\t\t\t\t<\/div>\r\n\t\t\t\t\t\t\t\t\t<figcaption class=\"grve-text-light\">\r\n\t\t\t\t\t\t\t\t\t\t\t\t\t\t\t\t\t\t\t\t\t<div class=\"grve-portfolio-content\">\r\n\t\t\t\t\t\t\t\t\t\t\t\t\t\t\t\t\t\t\t\t\t\t\t\t\t\t\t\t\t\t\t\t\t\t\t\t<h2 class=\"grve-title grve-text-light grve-h6\">DIGITALTWIN PARA EL PROYECTO DE REGENERACI\u00d3N URBANA MADRID NUEVO NORTE<\/h2>\r\n\t\t\t\t\t\t\t\t\t\t\t\t\t\t\t\t\t\t\t\t\t\t\t\t\t\t\t\t\t\t\t\t\t\t\t\t<div class=\"grve-caption grve-text-light\">DigitalTwin implementation for Urban Development<\/div>\r\n\t\t\t\t\t\t\t\t\t\t\t\t\t\t\t\t\t\t\t\t\t\t\t<\/div>\r\n\t\t\t\t\t\t\t\t\t\t\t\t\t\t\t\t\t\t\t<\/figcaption>\r\n\t\t\t\t\t\t\t\t<\/figure>\r\n\t\t\t\t\t\t\t<\/div>\r\n\t\t\t\t\t\t\t<\/a>\t\t\t\t\t\t\r\n\t\t\t\t\t<\/article>\r\n\t\t\t\t\t<article id=\"portfolio-15607-69e5a296c498b\" class=\"grve-isotope-item grve-portfolio-item  post-15607 portfolio type-portfolio status-publish has-post-thumbnail hentry portfolio_category-2d-es portfolio_category-3d-es portfolio_category-5d-es portfolio_category-apps-es portfolio_category-clientes portfolio_category-ingenieros-mep portfolio_category-oficinas portfolio_category-power-bi-es portfolio_category-powerbim-es portfolio_category-proyectos portfolio_category-residencial portfolio_category-retail portfolio_category-servicios-de-plataforma-autodesk\">\r\n\t\t\t\t\t\t\t\t\t\t\t\t\t\t\t\t\t<a href=\"https:\/\/bim6d.eu\/es\/portfolio\/torre-garellano\/\">\r\n\t\t\t\t\t\t\t\t\t\t<div class=\"grve-isotope-item-inner grve-zoomIn\">\r\n\t\t\t\t\t\t\t\t<figure class=\"grve-hover-style-4 grve-image-hover grve-zoom-none\">\r\n\t\t\t\t\t\t\t\t\t<div class=\"grve-media grve-bg-none\">\r\n\t\t\t\t\t\t\t\t\t\t\t\t\t\t\t\t\t\t\t\t<div class=\"grve-bg-primary-1 grve-hover-overlay grve-opacity-100\"><\/div>\r\n\t\t\t\t\t\t\t\t\t\t\t\t\t\t\t\t\t\t\t\t<img loading=\"lazy\" decoding=\"async\" width=\"600\" height=\"600\" src=\"https:\/\/bim6d.eu\/wp-content\/uploads\/2020\/10\/2437378-600x600.jpg\" class=\"attachment-blade-grve-small-square size-blade-grve-small-square\" alt=\"\" srcset=\"https:\/\/bim6d.eu\/wp-content\/uploads\/2020\/10\/2437378-600x600.jpg 600w, https:\/\/bim6d.eu\/wp-content\/uploads\/2020\/10\/2437378-150x150.jpg 150w, https:\/\/bim6d.eu\/wp-content\/uploads\/2020\/10\/2437378-300x300.jpg 300w, https:\/\/bim6d.eu\/wp-content\/uploads\/2020\/10\/2437378-100x100.jpg 100w\" sizes=\"(max-width: 600px) 100vw, 600px\" \/>\t\t\t\t\t\t\t\t\t<\/div>\r\n\t\t\t\t\t\t\t\t\t<figcaption class=\"grve-text-light\">\r\n\t\t\t\t\t\t\t\t\t\t\t\t\t\t\t\t\t\t\t\t\t<div class=\"grve-portfolio-content\">\r\n\t\t\t\t\t\t\t\t\t\t\t\t\t\t\t\t\t\t\t\t\t\t\t\t\t\t\t\t\t\t\t\t\t\t\t\t<h2 class=\"grve-title grve-text-light grve-h6\">Torre Garellano<\/h2>\r\n\t\t\t\t\t\t\t\t\t\t\t\t\t\t\t\t\t\t\t\t\t\t\t\t\t\t\t\t\t\t\t\t\t\t\t\t<div class=\"grve-caption grve-text-light\">Modelado BIM MEP y coordinaci\u00f3n BIM. Proyecto piloto POWERBIM. Servicios de ingenier\u00eda.<\/div>\r\n\t\t\t\t\t\t\t\t\t\t\t\t\t\t\t\t\t\t\t\t\t\t\t<\/div>\r\n\t\t\t\t\t\t\t\t\t\t\t\t\t\t\t\t\t\t\t<\/figcaption>\r\n\t\t\t\t\t\t\t\t<\/figure>\r\n\t\t\t\t\t\t\t<\/div>\r\n\t\t\t\t\t\t\t<\/a>\t\t\t\t\t\t\r\n\t\t\t\t\t<\/article>\r\n\t\t\t\t\t<article id=\"portfolio-15609-69e5a296c5ab3\" class=\"grve-isotope-item grve-portfolio-item  post-15609 portfolio type-portfolio status-publish has-post-thumbnail hentry portfolio_category-2d-es portfolio_category-3d-es portfolio_category-arquitectos portfolio_category-clientes portfolio_category-dimensiones portfolio_category-estado-real portfolio_category-ingenieros-mep portfolio_category-nube-de-puntos portfolio_category-polideportivo portfolio_category-power-bi-es portfolio_category-powerbim-es portfolio_category-propietarios portfolio_category-proyectos portfolio_category-servicios-de-plataforma-autodesk\">\r\n\t\t\t\t\t\t\t\t\t\t\t\t\t\t\t\t\t<a href=\"https:\/\/bim6d.eu\/es\/portfolio\/pabellon-olimpico\/\">\r\n\t\t\t\t\t\t\t\t\t\t<div class=\"grve-isotope-item-inner grve-zoomIn\">\r\n\t\t\t\t\t\t\t\t<figure class=\"grve-hover-style-4 grve-image-hover grve-zoom-none\">\r\n\t\t\t\t\t\t\t\t\t<div class=\"grve-media grve-bg-none\">\r\n\t\t\t\t\t\t\t\t\t\t\t\t\t\t\t\t\t\t\t\t<div class=\"grve-bg-primary-1 grve-hover-overlay grve-opacity-100\"><\/div>\r\n\t\t\t\t\t\t\t\t\t\t\t\t\t\t\t\t\t\t\t\t<img loading=\"lazy\" decoding=\"async\" width=\"600\" height=\"600\" src=\"https:\/\/bim6d.eu\/wp-content\/uploads\/2019\/07\/01-600x600.jpg\" class=\"attachment-blade-grve-small-square size-blade-grve-small-square\" alt=\"\" srcset=\"https:\/\/bim6d.eu\/wp-content\/uploads\/2019\/07\/01-600x600.jpg 600w, https:\/\/bim6d.eu\/wp-content\/uploads\/2019\/07\/01-150x150.jpg 150w, https:\/\/bim6d.eu\/wp-content\/uploads\/2019\/07\/01-1120x1120.jpg 1120w, https:\/\/bim6d.eu\/wp-content\/uploads\/2019\/07\/01-300x300.jpg 300w, https:\/\/bim6d.eu\/wp-content\/uploads\/2019\/07\/01-100x100.jpg 100w\" sizes=\"(max-width: 600px) 100vw, 600px\" \/>\t\t\t\t\t\t\t\t\t<\/div>\r\n\t\t\t\t\t\t\t\t\t<figcaption class=\"grve-text-light\">\r\n\t\t\t\t\t\t\t\t\t\t\t\t\t\t\t\t\t\t\t\t\t<div class=\"grve-portfolio-content\">\r\n\t\t\t\t\t\t\t\t\t\t\t\t\t\t\t\t\t\t\t\t\t\t\t\t\t\t\t\t\t\t\t\t\t\t\t\t<h2 class=\"grve-title grve-text-light grve-h6\">PABELL\u00d3N OL\u00cdMPICO<\/h2>\r\n\t\t\t\t\t\t\t\t\t\t\t\t\t\t\t\t\t\t\t\t\t\t\t\t\t\t\t\t\t\t\t\t\t\t\t\t<div class=\"grve-caption grve-text-light\">Modelado BIM MEP y arquitect\u00f3nico. Ingenier\u00eda MEP. Documentos de construcci\u00f3n<\/div>\r\n\t\t\t\t\t\t\t\t\t\t\t\t\t\t\t\t\t\t\t\t\t\t\t<\/div>\r\n\t\t\t\t\t\t\t\t\t\t\t\t\t\t\t\t\t\t\t<\/figcaption>\r\n\t\t\t\t\t\t\t\t<\/figure>\r\n\t\t\t\t\t\t\t<\/div>\r\n\t\t\t\t\t\t\t<\/a>\t\t\t\t\t\t\r\n\t\t\t\t\t<\/article>\r\n\t\t\t\t\t<article id=\"portfolio-15612-69e5a296c6bc2\" class=\"grve-isotope-item grve-portfolio-item  post-15612 portfolio type-portfolio status-publish has-post-thumbnail hentry portfolio_category-3d-es portfolio_category-6d-es portfolio_category-apps-es portfolio_category-clientes portfolio_category-dimensiones portfolio_category-ingenieros-mep portfolio_category-museo portfolio_category-power-bi-es portfolio_category-powerbim-es portfolio_category-proyectos portfolio_category-servicios-de-plataforma-autodesk\">\r\n\t\t\t\t\t\t\t\t\t\t\t\t\t\t\t\t\t<a href=\"https:\/\/bim6d.eu\/es\/portfolio\/powerbim-para-simulaciones-energeticas-museo-del-ferrocarril\/\">\r\n\t\t\t\t\t\t\t\t\t\t<div class=\"grve-isotope-item-inner grve-zoomIn\">\r\n\t\t\t\t\t\t\t\t<figure class=\"grve-hover-style-4 grve-image-hover grve-zoom-none\">\r\n\t\t\t\t\t\t\t\t\t<div class=\"grve-media grve-bg-none\">\r\n\t\t\t\t\t\t\t\t\t\t\t\t\t\t\t\t\t\t\t\t<div class=\"grve-bg-primary-1 grve-hover-overlay grve-opacity-100\"><\/div>\r\n\t\t\t\t\t\t\t\t\t\t\t\t\t\t\t\t\t\t\t\t<img loading=\"lazy\" decoding=\"async\" width=\"600\" height=\"600\" src=\"https:\/\/bim6d.eu\/wp-content\/uploads\/2021\/02\/6D_ENERGY-SIMULATIONS_01-600x600.png\" class=\"attachment-blade-grve-small-square size-blade-grve-small-square\" alt=\"\" srcset=\"https:\/\/bim6d.eu\/wp-content\/uploads\/2021\/02\/6D_ENERGY-SIMULATIONS_01-600x600.png 600w, https:\/\/bim6d.eu\/wp-content\/uploads\/2021\/02\/6D_ENERGY-SIMULATIONS_01-150x150.png 150w, https:\/\/bim6d.eu\/wp-content\/uploads\/2021\/02\/6D_ENERGY-SIMULATIONS_01-300x300.png 300w, https:\/\/bim6d.eu\/wp-content\/uploads\/2021\/02\/6D_ENERGY-SIMULATIONS_01-100x100.png 100w\" sizes=\"(max-width: 600px) 100vw, 600px\" \/>\t\t\t\t\t\t\t\t\t<\/div>\r\n\t\t\t\t\t\t\t\t\t<figcaption class=\"grve-text-light\">\r\n\t\t\t\t\t\t\t\t\t\t\t\t\t\t\t\t\t\t\t\t\t<div class=\"grve-portfolio-content\">\r\n\t\t\t\t\t\t\t\t\t\t\t\t\t\t\t\t\t\t\t\t\t\t\t\t\t\t\t\t\t\t\t\t\t\t\t\t<h2 class=\"grve-title grve-text-light grve-h6\">POWERBIM PARA SIMULACIONES ENERG\u00c9TICAS &#8211; MUSEO DEL FERROCARRIL<\/h2>\r\n\t\t\t\t\t\t\t\t\t\t\t\t\t\t\t\t\t\t\t\t\t\t\t\t\t\t\t\t\t\t\t\t\t\t\t\t<div class=\"grve-caption grve-text-light\">Proyecto piloto POWERBIM<\/div>\r\n\t\t\t\t\t\t\t\t\t\t\t\t\t\t\t\t\t\t\t\t\t\t\t<\/div>\r\n\t\t\t\t\t\t\t\t\t\t\t\t\t\t\t\t\t\t\t<\/figcaption>\r\n\t\t\t\t\t\t\t\t<\/figure>\r\n\t\t\t\t\t\t\t<\/div>\r\n\t\t\t\t\t\t\t<\/a>\t\t\t\t\t\t\r\n\t\t\t\t\t<\/article>\r\n\t\t\t\t\t<article id=\"portfolio-15621-69e5a296c7b6a\" class=\"grve-isotope-item grve-portfolio-item  post-15621 portfolio type-portfolio status-publish has-post-thumbnail hentry portfolio_category-1d-es portfolio_category-2d-es portfolio_category-3d-es portfolio_category-4d-es portfolio_category-6d-es portfolio_category-clientes portfolio_category-constructores portfolio_category-dimensiones portfolio_category-ingenieros-mep portfolio_category-oficinas portfolio_category-power-bi-es portfolio_category-powerbim-es portfolio_category-proyectos portfolio_category-residencial portfolio_category-retail portfolio_category-servicios-de-plataforma-autodesk\">\r\n\t\t\t\t\t\t\t\t\t\t\t\t\t\t\t\t\t<a href=\"https:\/\/bim6d.eu\/es\/portfolio\/torre-bmce-en-rabat\/\">\r\n\t\t\t\t\t\t\t\t\t\t<div class=\"grve-isotope-item-inner grve-zoomIn\">\r\n\t\t\t\t\t\t\t\t<figure class=\"grve-hover-style-4 grve-image-hover grve-zoom-none\">\r\n\t\t\t\t\t\t\t\t\t<div class=\"grve-media grve-bg-none\">\r\n\t\t\t\t\t\t\t\t\t\t\t\t\t\t\t\t\t\t\t\t<div class=\"grve-bg-primary-1 grve-hover-overlay grve-opacity-100\"><\/div>\r\n\t\t\t\t\t\t\t\t\t\t\t\t\t\t\t\t\t\t\t\t<img loading=\"lazy\" decoding=\"async\" width=\"600\" height=\"600\" src=\"https:\/\/bim6d.eu\/wp-content\/uploads\/2021\/02\/Tour-BMCE_01-600x600.png\" class=\"attachment-blade-grve-small-square size-blade-grve-small-square\" alt=\"\" srcset=\"https:\/\/bim6d.eu\/wp-content\/uploads\/2021\/02\/Tour-BMCE_01-600x600.png 600w, https:\/\/bim6d.eu\/wp-content\/uploads\/2021\/02\/Tour-BMCE_01-150x150.png 150w, https:\/\/bim6d.eu\/wp-content\/uploads\/2021\/02\/Tour-BMCE_01-300x300.png 300w, https:\/\/bim6d.eu\/wp-content\/uploads\/2021\/02\/Tour-BMCE_01-100x100.png 100w\" sizes=\"(max-width: 600px) 100vw, 600px\" \/>\t\t\t\t\t\t\t\t\t<\/div>\r\n\t\t\t\t\t\t\t\t\t<figcaption class=\"grve-text-light\">\r\n\t\t\t\t\t\t\t\t\t\t\t\t\t\t\t\t\t\t\t\t\t<div class=\"grve-portfolio-content\">\r\n\t\t\t\t\t\t\t\t\t\t\t\t\t\t\t\t\t\t\t\t\t\t\t\t\t\t\t\t\t\t\t\t\t\t\t\t<h2 class=\"grve-title grve-text-light grve-h6\">TORRE BMCE EN RABAT<\/h2>\r\n\t\t\t\t\t\t\t\t\t\t\t\t\t\t\t\t\t\t\t\t\t\t\t\t\t\t\t\t\t\t\t\t\t\t\t\t<div class=\"grve-caption grve-text-light\">Gesti\u00f3n BIM y Coordinaci\u00f3n BIM en fase de construcci\u00f3n. Proyecto piloto POWERBIM.<\/div>\r\n\t\t\t\t\t\t\t\t\t\t\t\t\t\t\t\t\t\t\t\t\t\t\t<\/div>\r\n\t\t\t\t\t\t\t\t\t\t\t\t\t\t\t\t\t\t\t<\/figcaption>\r\n\t\t\t\t\t\t\t\t<\/figure>\r\n\t\t\t\t\t\t\t<\/div>\r\n\t\t\t\t\t\t\t<\/a>\t\t\t\t\t\t\r\n\t\t\t\t\t<\/article>\r\n\t\t\t\t<\/div>\r\n\t\t\t<\/div>\r\n\r\n\t\t[\/vc_column][\/vc_row]<\/p>\n","protected":false},"excerpt":{"rendered":"<p>[vc_row section_type=\u00bbfullwidth\u00bb bg_type=\u00bbgradient\u00bb bg_gradient_color_1=\u00bb#3399ff\u00bb bg_gradient_color_2=\u00bb#ff9900&#8243; header_feature=\u00bbyes\u00bb equal_column_height=\u00bbmiddle-content\u00bb padding_top=\u00bb0&#8243; padding_bottom=\u00bb0&#8243; font_color=\u00bb#ffffff\u00bb][vc_column font_color=\u00bb#ffffff\u00bb css=\u00bb.vc_custom_1613152630793{padding-right: 8% !important;padding-left: 8% !important;}\u00bb][vc_empty_space height=\u00bb25&#8243;][vc_column_text] EDIFICIOS M\u00c1S EFICIENTES Y SOSTENIBLES INGENIER\u00cdA INTELIGENTE 4.0 Los edificios inteligentes utilizan la tecnolog\u00eda de la informaci\u00f3n durante su funcionamiento para conectar diversos subsistemas, que suelen funcionar de forma independiente, de modo que estos sistemas puedan compartir informaci\u00f3n [&hellip;]<\/p>\n","protected":false},"author":1,"featured_media":0,"parent":15746,"menu_order":0,"comment_status":"closed","ping_status":"closed","template":"","meta":{"om_disable_all_campaigns":false,"_monsterinsights_skip_tracking":false,"_monsterinsights_sitenote_active":false,"_monsterinsights_sitenote_note":"","_monsterinsights_sitenote_category":0,"footnotes":""},"class_list":["post-15734","page","type-page","status-publish","hentry"],"aioseo_notices":[],"_links":{"self":[{"href":"https:\/\/bim6d.eu\/es\/wp-json\/wp\/v2\/pages\/15734"}],"collection":[{"href":"https:\/\/bim6d.eu\/es\/wp-json\/wp\/v2\/pages"}],"about":[{"href":"https:\/\/bim6d.eu\/es\/wp-json\/wp\/v2\/types\/page"}],"author":[{"embeddable":true,"href":"https:\/\/bim6d.eu\/es\/wp-json\/wp\/v2\/users\/1"}],"replies":[{"embeddable":true,"href":"https:\/\/bim6d.eu\/es\/wp-json\/wp\/v2\/comments?post=15734"}],"version-history":[{"count":2,"href":"https:\/\/bim6d.eu\/es\/wp-json\/wp\/v2\/pages\/15734\/revisions"}],"predecessor-version":[{"id":15736,"href":"https:\/\/bim6d.eu\/es\/wp-json\/wp\/v2\/pages\/15734\/revisions\/15736"}],"up":[{"embeddable":true,"href":"https:\/\/bim6d.eu\/es\/wp-json\/wp\/v2\/pages\/15746"}],"wp:attachment":[{"href":"https:\/\/bim6d.eu\/es\/wp-json\/wp\/v2\/media?parent=15734"}],"curies":[{"name":"wp","href":"https:\/\/api.w.org\/{rel}","templated":true}]}}