{"id":15740,"date":"2021-02-16T12:33:35","date_gmt":"2021-02-16T12:33:35","guid":{"rendered":"https:\/\/bim6d.eu\/gestion-de-la-construccion\/"},"modified":"2024-05-31T08:13:53","modified_gmt":"2024-05-31T08:13:53","slug":"gestion-de-la-construccion","status":"publish","type":"page","link":"https:\/\/bim6d.eu\/es\/proyectos\/gestion-de-la-construccion\/","title":{"rendered":"GESTI\u00d3N DE LA CONSTRUCCI\u00d3N"},"content":{"rendered":"<p>[vc_row section_type=\u00bbfullwidth\u00bb][vc_column width=\u00bb1\/4&#8243; css=\u00bb.vc_custom_1613152872233{padding-left: 100px !important;}\u00bb][vc_column_text]<\/p>\n<h3>Proyectos para el Proceso de Construcci\u00f3n<\/h3>\n<p>[\/vc_column_text]\t\t\t<div class=\"grve-element grve-portfolio grve-isotope\" style=\"\" data-spinner=\"no\" data-columns=\"2\" data-columns-tablet-landscape=\"2\" data-columns-tablet-portrait=\"2\" data-columns-mobile=\"1\" data-layout=\"fitRows\">\r\n\t\t\r\n\t\t\t<div class=\"grve-isotope-container\">\r\n\t\t\t\t\t\t\t<article id=\"portfolio-15590-69d4bd93a5b95\" class=\"grve-isotope-item grve-portfolio-item  post-15590 portfolio type-portfolio status-publish has-post-thumbnail hentry portfolio_category-1d-es portfolio_category-2d-es portfolio_category-3d-es portfolio_category-4d-es portfolio_category-5d-es portfolio_category-6d-es portfolio_category-apps-es portfolio_category-arquitectos portfolio_category-clientes portfolio_category-constructores portfolio_category-consultores-bim portfolio_category-dimensiones portfolio_category-estado-real portfolio_category-gestores-de-instalaciones portfolio_category-hosteleria portfolio_category-ingenieros-de-estructuras portfolio_category-ingenieros-mep portfolio_category-iot-es portfolio_category-oficinas portfolio_category-power-bi-es portfolio_category-powerbim-es portfolio_category-propietarios portfolio_category-proyectos portfolio_category-residencial portfolio_category-retail portfolio_category-servicios-de-plataforma-autodesk portfolio_category-usuarios-finales\">\r\n\t\t\t\t\t\t\t\t\t\t\t\t\t\t\t\t\t<a href=\"https:\/\/bim6d.eu\/es\/portfolio\/digitaltwin-para-el-proyecto-de-regeneracion-urbana-madrid-nuevo-norte\/\">\r\n\t\t\t\t\t\t\t\t\t\t<div class=\"grve-isotope-item-inner grve-zoomIn\">\r\n\t\t\t\t\t\t\t\t<figure class=\"grve-hover-style-1 grve-image-hover grve-zoom-none\">\r\n\t\t\t\t\t\t\t\t\t<div class=\"grve-media grve-bg-none\">\r\n\t\t\t\t\t\t\t\t\t\t\t\t\t\t\t\t\t\t\t\t<div class=\"grve-bg-light grve-hover-overlay grve-opacity-90\"><\/div>\r\n\t\t\t\t\t\t\t\t\t\t\t\t\t\t\t\t\t\t\t\t<img loading=\"lazy\" decoding=\"async\" width=\"600\" height=\"600\" src=\"https:\/\/bim6d.eu\/wp-content\/uploads\/2023\/01\/MNN_004-600x600.jpg\" class=\"attachment-blade-grve-small-square size-blade-grve-small-square\" alt=\"\" srcset=\"https:\/\/bim6d.eu\/wp-content\/uploads\/2023\/01\/MNN_004-600x600.jpg 600w, https:\/\/bim6d.eu\/wp-content\/uploads\/2023\/01\/MNN_004-150x150.jpg 150w, https:\/\/bim6d.eu\/wp-content\/uploads\/2023\/01\/MNN_004-300x300.jpg 300w, https:\/\/bim6d.eu\/wp-content\/uploads\/2023\/01\/MNN_004-100x100.jpg 100w\" sizes=\"(max-width: 600px) 100vw, 600px\" \/>\t\t\t\t\t\t\t\t\t<\/div>\r\n\t\t\t\t\t\t\t\t\t<figcaption class=\"grve-text-dark\">\r\n\t\t\t\t\t\t\t\t\t\t\t\t\t\t\t\t\t\t\t\t\t\t\t\t\t\t\t\t\t\t\t\t<div class=\"grve-portfolio-content\">\r\n\t\t\t\t\t\t\t\t\t\t\t\t\t\t\t\t\t\t\t\t\t\t\t\t<h2 class=\"grve-title grve-text-dark grve-h5\">DIGITALTWIN PARA EL PROYECTO DE REGENERACI\u00d3N URBANA MADRID NUEVO NORTE<\/h2>\r\n\t\t\t\t\t\t\t\t\t\t\t\t\t\t\t\t\t\t\t\t\t\t\t\t\t\t\t\t\t\t\t\t\t\t\t<\/div>\r\n\t\t\t\t\t\t\t\t\t\t\t\t\t\t\t\t\t\t\t<\/figcaption>\r\n\t\t\t\t\t\t\t\t<\/figure>\r\n\t\t\t\t\t\t\t<\/div>\r\n\t\t\t\t\t\t\t<\/a>\t\t\t\t\t\t\r\n\t\t\t\t\t<\/article>\r\n\t\t\t\t\t<article id=\"portfolio-15600-69d4bd93a6aa4\" class=\"grve-isotope-item grve-portfolio-item  post-15600 portfolio type-portfolio status-publish has-post-thumbnail hentry portfolio_category-2d-es portfolio_category-3d-es portfolio_category-4d-es portfolio_category-5d-es portfolio_category-6d-es portfolio_category-apps-es portfolio_category-clientes portfolio_category-constructores portfolio_category-dimensiones portfolio_category-estado-real portfolio_category-gestores-de-instalaciones portfolio_category-integracion-del-sge portfolio_category-iot-es portfolio_category-power-bi-es portfolio_category-powerbim-es portfolio_category-propietarios portfolio_category-proyectos portfolio_category-sanidad portfolio_category-servicios-de-plataforma-autodesk portfolio_category-vision-por-ordenador\">\r\n\t\t\t\t\t\t\t\t\t\t\t\t\t\t\t\t\t<a href=\"https:\/\/bim6d.eu\/es\/portfolio\/inspeccion-remota-de-2-hospitales-durante-la-construccion-de-emergencia-para-covid-19\/\">\r\n\t\t\t\t\t\t\t\t\t\t<div class=\"grve-isotope-item-inner grve-zoomIn\">\r\n\t\t\t\t\t\t\t\t<figure class=\"grve-hover-style-1 grve-image-hover grve-zoom-none\">\r\n\t\t\t\t\t\t\t\t\t<div class=\"grve-media grve-bg-none\">\r\n\t\t\t\t\t\t\t\t\t\t\t\t\t\t\t\t\t\t\t\t<div class=\"grve-bg-light grve-hover-overlay grve-opacity-90\"><\/div>\r\n\t\t\t\t\t\t\t\t\t\t\t\t\t\t\t\t\t\t\t\t<img loading=\"lazy\" decoding=\"async\" width=\"600\" height=\"600\" src=\"https:\/\/bim6d.eu\/wp-content\/uploads\/2021\/03\/COVER-600x600.jpg\" class=\"attachment-blade-grve-small-square size-blade-grve-small-square\" alt=\"\" srcset=\"https:\/\/bim6d.eu\/wp-content\/uploads\/2021\/03\/COVER-600x600.jpg 600w, https:\/\/bim6d.eu\/wp-content\/uploads\/2021\/03\/COVER-150x150.jpg 150w, https:\/\/bim6d.eu\/wp-content\/uploads\/2021\/03\/COVER-300x300.jpg 300w, https:\/\/bim6d.eu\/wp-content\/uploads\/2021\/03\/COVER-100x100.jpg 100w\" sizes=\"(max-width: 600px) 100vw, 600px\" \/>\t\t\t\t\t\t\t\t\t<\/div>\r\n\t\t\t\t\t\t\t\t\t<figcaption class=\"grve-text-dark\">\r\n\t\t\t\t\t\t\t\t\t\t\t\t\t\t\t\t\t\t\t\t\t\t\t\t\t\t\t\t\t\t\t\t<div class=\"grve-portfolio-content\">\r\n\t\t\t\t\t\t\t\t\t\t\t\t\t\t\t\t\t\t\t\t\t\t\t\t<h2 class=\"grve-title grve-text-dark grve-h5\">INSPECCI\u00d3N REMOTA DE 2 HOSPITALES DURANTE LA CONSTRUCCI\u00d3N DE EMERGENCIA PARA COVID-19<\/h2>\r\n\t\t\t\t\t\t\t\t\t\t\t\t\t\t\t\t\t\t\t\t\t\t\t\t\t\t\t\t\t\t\t\t\t\t\t<\/div>\r\n\t\t\t\t\t\t\t\t\t\t\t\t\t\t\t\t\t\t\t<\/figcaption>\r\n\t\t\t\t\t\t\t\t<\/figure>\r\n\t\t\t\t\t\t\t<\/div>\r\n\t\t\t\t\t\t\t<\/a>\t\t\t\t\t\t\r\n\t\t\t\t\t<\/article>\r\n\t\t\t\t\t<article id=\"portfolio-15602-69d4bd93a77aa\" class=\"grve-isotope-item grve-portfolio-item  post-15602 portfolio type-portfolio status-publish has-post-thumbnail hentry portfolio_category-3d-es portfolio_category-5d-es portfolio_category-apps-es portfolio_category-arquitectos portfolio_category-clientes portfolio_category-constructores portfolio_category-estado-real portfolio_category-power-bi-es portfolio_category-powerbim-es portfolio_category-propietarios portfolio_category-residencial portfolio_category-servicios-de-plataforma-autodesk\">\r\n\t\t\t\t\t\t\t\t\t\t\t\t\t\t\t\t\t<a href=\"https:\/\/bim6d.eu\/es\/portfolio\/proyecto-piloto-powerbim-5d-para-inmobiliaria\/\">\r\n\t\t\t\t\t\t\t\t\t\t<div class=\"grve-isotope-item-inner grve-zoomIn\">\r\n\t\t\t\t\t\t\t\t<figure class=\"grve-hover-style-1 grve-image-hover grve-zoom-none\">\r\n\t\t\t\t\t\t\t\t\t<div class=\"grve-media grve-bg-none\">\r\n\t\t\t\t\t\t\t\t\t\t\t\t\t\t\t\t\t\t\t\t<div class=\"grve-bg-light grve-hover-overlay grve-opacity-90\"><\/div>\r\n\t\t\t\t\t\t\t\t\t\t\t\t\t\t\t\t\t\t\t\t<img loading=\"lazy\" decoding=\"async\" width=\"600\" height=\"600\" src=\"https:\/\/bim6d.eu\/wp-content\/uploads\/2020\/08\/Captura-de-pantalla-2020-08-15-13.04.45-600x600.png\" class=\"attachment-blade-grve-small-square size-blade-grve-small-square\" alt=\"\" srcset=\"https:\/\/bim6d.eu\/wp-content\/uploads\/2020\/08\/Captura-de-pantalla-2020-08-15-13.04.45-600x600.png 600w, https:\/\/bim6d.eu\/wp-content\/uploads\/2020\/08\/Captura-de-pantalla-2020-08-15-13.04.45-150x150.png 150w, https:\/\/bim6d.eu\/wp-content\/uploads\/2020\/08\/Captura-de-pantalla-2020-08-15-13.04.45-300x300.png 300w, https:\/\/bim6d.eu\/wp-content\/uploads\/2020\/08\/Captura-de-pantalla-2020-08-15-13.04.45-100x100.png 100w\" sizes=\"(max-width: 600px) 100vw, 600px\" \/>\t\t\t\t\t\t\t\t\t<\/div>\r\n\t\t\t\t\t\t\t\t\t<figcaption class=\"grve-text-dark\">\r\n\t\t\t\t\t\t\t\t\t\t\t\t\t\t\t\t\t\t\t\t\t\t\t\t\t\t\t\t\t\t\t\t<div class=\"grve-portfolio-content\">\r\n\t\t\t\t\t\t\t\t\t\t\t\t\t\t\t\t\t\t\t\t\t\t\t\t<h2 class=\"grve-title grve-text-dark grve-h5\">PROYECTO PILOTO POWERBIM 5D PARA INMOBILIARIA<\/h2>\r\n\t\t\t\t\t\t\t\t\t\t\t\t\t\t\t\t\t\t\t\t\t\t\t\t\t\t\t\t\t\t\t\t\t\t\t<\/div>\r\n\t\t\t\t\t\t\t\t\t\t\t\t\t\t\t\t\t\t\t<\/figcaption>\r\n\t\t\t\t\t\t\t\t<\/figure>\r\n\t\t\t\t\t\t\t<\/div>\r\n\t\t\t\t\t\t\t<\/a>\t\t\t\t\t\t\r\n\t\t\t\t\t<\/article>\r\n\t\t\t\t\t<article id=\"portfolio-15603-69d4bd93a864e\" class=\"grve-isotope-item grve-portfolio-item  post-15603 portfolio type-portfolio status-publish has-post-thumbnail hentry portfolio_category-3d-es portfolio_category-6d-es portfolio_category-apps-es portfolio_category-clientes portfolio_category-constructores portfolio_category-estado-real portfolio_category-gestores-de-instalaciones portfolio_category-power-bi-es portfolio_category-powerbim-es portfolio_category-propietarios portfolio_category-servicios-de-plataforma-autodesk\">\r\n\t\t\t\t\t\t\t\t\t\t\t\t\t\t\t\t\t<a href=\"https:\/\/bim6d.eu\/es\/portfolio\/powerbim-para-zalando\/\">\r\n\t\t\t\t\t\t\t\t\t\t<div class=\"grve-isotope-item-inner grve-zoomIn\">\r\n\t\t\t\t\t\t\t\t<figure class=\"grve-hover-style-1 grve-image-hover grve-zoom-none\">\r\n\t\t\t\t\t\t\t\t\t<div class=\"grve-media grve-bg-none\">\r\n\t\t\t\t\t\t\t\t\t\t\t\t\t\t\t\t\t\t\t\t<div class=\"grve-bg-light grve-hover-overlay grve-opacity-90\"><\/div>\r\n\t\t\t\t\t\t\t\t\t\t\t\t\t\t\t\t\t\t\t\t<img loading=\"lazy\" decoding=\"async\" width=\"600\" height=\"600\" src=\"https:\/\/bim6d.eu\/wp-content\/uploads\/2020\/08\/01_ZALANDO-POWERBIM_-600x600.png\" class=\"attachment-blade-grve-small-square size-blade-grve-small-square\" alt=\"\" srcset=\"https:\/\/bim6d.eu\/wp-content\/uploads\/2020\/08\/01_ZALANDO-POWERBIM_-600x600.png 600w, https:\/\/bim6d.eu\/wp-content\/uploads\/2020\/08\/01_ZALANDO-POWERBIM_-150x150.png 150w, https:\/\/bim6d.eu\/wp-content\/uploads\/2020\/08\/01_ZALANDO-POWERBIM_-300x300.png 300w, https:\/\/bim6d.eu\/wp-content\/uploads\/2020\/08\/01_ZALANDO-POWERBIM_-100x100.png 100w\" sizes=\"(max-width: 600px) 100vw, 600px\" \/>\t\t\t\t\t\t\t\t\t<\/div>\r\n\t\t\t\t\t\t\t\t\t<figcaption class=\"grve-text-dark\">\r\n\t\t\t\t\t\t\t\t\t\t\t\t\t\t\t\t\t\t\t\t\t\t\t\t\t\t\t\t\t\t\t\t<div class=\"grve-portfolio-content\">\r\n\t\t\t\t\t\t\t\t\t\t\t\t\t\t\t\t\t\t\t\t\t\t\t\t<h2 class=\"grve-title grve-text-dark grve-h5\">POWERBIM PARA ZALANDO<\/h2>\r\n\t\t\t\t\t\t\t\t\t\t\t\t\t\t\t\t\t\t\t\t\t\t\t\t\t\t\t\t\t\t\t\t\t\t\t<\/div>\r\n\t\t\t\t\t\t\t\t\t\t\t\t\t\t\t\t\t\t\t<\/figcaption>\r\n\t\t\t\t\t\t\t\t<\/figure>\r\n\t\t\t\t\t\t\t<\/div>\r\n\t\t\t\t\t\t\t<\/a>\t\t\t\t\t\t\r\n\t\t\t\t\t<\/article>\r\n\t\t\t\t\t<article id=\"portfolio-15605-69d4bd93a94b8\" class=\"grve-isotope-item grve-portfolio-item  post-15605 portfolio type-portfolio status-publish has-post-thumbnail hentry portfolio_category-2d-es portfolio_category-3d-es portfolio_category-almacen portfolio_category-clientes portfolio_category-constructores portfolio_category-estado-real portfolio_category-gestores-de-instalaciones portfolio_category-logistica portfolio_category-oficinas portfolio_category-propietarios portfolio_category-proyectos\">\r\n\t\t\t\t\t\t\t\t\t\t\t\t\t\t\t\t\t<a href=\"https:\/\/bim6d.eu\/es\/portfolio\/centro-logistico-de-almacenes-en-holanda\/\">\r\n\t\t\t\t\t\t\t\t\t\t<div class=\"grve-isotope-item-inner grve-zoomIn\">\r\n\t\t\t\t\t\t\t\t<figure class=\"grve-hover-style-1 grve-image-hover grve-zoom-none\">\r\n\t\t\t\t\t\t\t\t\t<div class=\"grve-media grve-bg-none\">\r\n\t\t\t\t\t\t\t\t\t\t\t\t\t\t\t\t\t\t\t\t<div class=\"grve-bg-light grve-hover-overlay grve-opacity-90\"><\/div>\r\n\t\t\t\t\t\t\t\t\t\t\t\t\t\t\t\t\t\t\t\t<img loading=\"lazy\" decoding=\"async\" width=\"600\" height=\"600\" src=\"https:\/\/bim6d.eu\/wp-content\/uploads\/2020\/01\/200_ARC_GEN_XX_0008-GENERAL-3D-VIEW-NW_mod-600x600.jpg\" class=\"attachment-blade-grve-small-square size-blade-grve-small-square\" alt=\"\" srcset=\"https:\/\/bim6d.eu\/wp-content\/uploads\/2020\/01\/200_ARC_GEN_XX_0008-GENERAL-3D-VIEW-NW_mod-600x600.jpg 600w, https:\/\/bim6d.eu\/wp-content\/uploads\/2020\/01\/200_ARC_GEN_XX_0008-GENERAL-3D-VIEW-NW_mod-150x150.jpg 150w, https:\/\/bim6d.eu\/wp-content\/uploads\/2020\/01\/200_ARC_GEN_XX_0008-GENERAL-3D-VIEW-NW_mod-1120x1120.jpg 1120w, https:\/\/bim6d.eu\/wp-content\/uploads\/2020\/01\/200_ARC_GEN_XX_0008-GENERAL-3D-VIEW-NW_mod-300x300.jpg 300w, https:\/\/bim6d.eu\/wp-content\/uploads\/2020\/01\/200_ARC_GEN_XX_0008-GENERAL-3D-VIEW-NW_mod-100x100.jpg 100w\" sizes=\"(max-width: 600px) 100vw, 600px\" \/>\t\t\t\t\t\t\t\t\t<\/div>\r\n\t\t\t\t\t\t\t\t\t<figcaption class=\"grve-text-dark\">\r\n\t\t\t\t\t\t\t\t\t\t\t\t\t\t\t\t\t\t\t\t\t\t\t\t\t\t\t\t\t\t\t\t<div class=\"grve-portfolio-content\">\r\n\t\t\t\t\t\t\t\t\t\t\t\t\t\t\t\t\t\t\t\t\t\t\t\t<h2 class=\"grve-title grve-text-dark grve-h5\">Centro Log\u00edstico de Almacenes en Holanda<\/h2>\r\n\t\t\t\t\t\t\t\t\t\t\t\t\t\t\t\t\t\t\t\t\t\t\t\t\t\t\t\t\t\t\t\t\t\t\t<\/div>\r\n\t\t\t\t\t\t\t\t\t\t\t\t\t\t\t\t\t\t\t<\/figcaption>\r\n\t\t\t\t\t\t\t\t<\/figure>\r\n\t\t\t\t\t\t\t<\/div>\r\n\t\t\t\t\t\t\t<\/a>\t\t\t\t\t\t\r\n\t\t\t\t\t<\/article>\r\n\t\t\t\t\t<article id=\"portfolio-15608-69d4bd93aa254\" class=\"grve-isotope-item grve-portfolio-item  post-15608 portfolio type-portfolio status-publish has-post-thumbnail hentry portfolio_category-2d-es portfolio_category-3d-es portfolio_category-4d-es portfolio_category-almacen portfolio_category-clientes portfolio_category-constructores portfolio_category-logistica portfolio_category-proyectos\">\r\n\t\t\t\t\t\t\t\t\t\t\t\t\t\t\t\t\t<a href=\"https:\/\/bim6d.eu\/es\/portfolio\/centro-logistico-en-barcelona-zona-franca\/\">\r\n\t\t\t\t\t\t\t\t\t\t<div class=\"grve-isotope-item-inner grve-zoomIn\">\r\n\t\t\t\t\t\t\t\t<figure class=\"grve-hover-style-1 grve-image-hover grve-zoom-none\">\r\n\t\t\t\t\t\t\t\t\t<div class=\"grve-media grve-bg-none\">\r\n\t\t\t\t\t\t\t\t\t\t\t\t\t\t\t\t\t\t\t\t<div class=\"grve-bg-light grve-hover-overlay grve-opacity-90\"><\/div>\r\n\t\t\t\t\t\t\t\t\t\t\t\t\t\t\t\t\t\t\t\t<img loading=\"lazy\" decoding=\"async\" width=\"600\" height=\"600\" src=\"https:\/\/bim6d.eu\/wp-content\/uploads\/2021\/02\/nave-copcisa-acciona-portada-600x600.jpg\" class=\"attachment-blade-grve-small-square size-blade-grve-small-square\" alt=\"\" srcset=\"https:\/\/bim6d.eu\/wp-content\/uploads\/2021\/02\/nave-copcisa-acciona-portada-600x600.jpg 600w, https:\/\/bim6d.eu\/wp-content\/uploads\/2021\/02\/nave-copcisa-acciona-portada-150x150.jpg 150w, https:\/\/bim6d.eu\/wp-content\/uploads\/2021\/02\/nave-copcisa-acciona-portada-300x300.jpg 300w, https:\/\/bim6d.eu\/wp-content\/uploads\/2021\/02\/nave-copcisa-acciona-portada-100x100.jpg 100w\" sizes=\"(max-width: 600px) 100vw, 600px\" \/>\t\t\t\t\t\t\t\t\t<\/div>\r\n\t\t\t\t\t\t\t\t\t<figcaption class=\"grve-text-dark\">\r\n\t\t\t\t\t\t\t\t\t\t\t\t\t\t\t\t\t\t\t\t\t\t\t\t\t\t\t\t\t\t\t\t<div class=\"grve-portfolio-content\">\r\n\t\t\t\t\t\t\t\t\t\t\t\t\t\t\t\t\t\t\t\t\t\t\t\t<h2 class=\"grve-title grve-text-dark grve-h5\">CENTRO LOG\u00cdSTICO EN BARCELONA ZONA FRANCA<\/h2>\r\n\t\t\t\t\t\t\t\t\t\t\t\t\t\t\t\t\t\t\t\t\t\t\t\t\t\t\t\t\t\t\t\t\t\t\t<\/div>\r\n\t\t\t\t\t\t\t\t\t\t\t\t\t\t\t\t\t\t\t<\/figcaption>\r\n\t\t\t\t\t\t\t\t<\/figure>\r\n\t\t\t\t\t\t\t<\/div>\r\n\t\t\t\t\t\t\t<\/a>\t\t\t\t\t\t\r\n\t\t\t\t\t<\/article>\r\n\t\t\t\t\t<article id=\"portfolio-15621-69d4bd93aae99\" class=\"grve-isotope-item grve-portfolio-item  post-15621 portfolio type-portfolio status-publish has-post-thumbnail hentry portfolio_category-1d-es portfolio_category-2d-es portfolio_category-3d-es portfolio_category-4d-es portfolio_category-6d-es portfolio_category-clientes portfolio_category-constructores portfolio_category-dimensiones portfolio_category-ingenieros-mep portfolio_category-oficinas portfolio_category-power-bi-es portfolio_category-powerbim-es portfolio_category-proyectos portfolio_category-residencial portfolio_category-retail portfolio_category-servicios-de-plataforma-autodesk\">\r\n\t\t\t\t\t\t\t\t\t\t\t\t\t\t\t\t\t<a href=\"https:\/\/bim6d.eu\/es\/portfolio\/torre-bmce-en-rabat\/\">\r\n\t\t\t\t\t\t\t\t\t\t<div class=\"grve-isotope-item-inner grve-zoomIn\">\r\n\t\t\t\t\t\t\t\t<figure class=\"grve-hover-style-1 grve-image-hover grve-zoom-none\">\r\n\t\t\t\t\t\t\t\t\t<div class=\"grve-media grve-bg-none\">\r\n\t\t\t\t\t\t\t\t\t\t\t\t\t\t\t\t\t\t\t\t<div class=\"grve-bg-light grve-hover-overlay grve-opacity-90\"><\/div>\r\n\t\t\t\t\t\t\t\t\t\t\t\t\t\t\t\t\t\t\t\t<img loading=\"lazy\" decoding=\"async\" width=\"600\" height=\"600\" src=\"https:\/\/bim6d.eu\/wp-content\/uploads\/2021\/02\/Tour-BMCE_01-600x600.png\" class=\"attachment-blade-grve-small-square size-blade-grve-small-square\" alt=\"\" srcset=\"https:\/\/bim6d.eu\/wp-content\/uploads\/2021\/02\/Tour-BMCE_01-600x600.png 600w, https:\/\/bim6d.eu\/wp-content\/uploads\/2021\/02\/Tour-BMCE_01-150x150.png 150w, https:\/\/bim6d.eu\/wp-content\/uploads\/2021\/02\/Tour-BMCE_01-300x300.png 300w, https:\/\/bim6d.eu\/wp-content\/uploads\/2021\/02\/Tour-BMCE_01-100x100.png 100w\" sizes=\"(max-width: 600px) 100vw, 600px\" \/>\t\t\t\t\t\t\t\t\t<\/div>\r\n\t\t\t\t\t\t\t\t\t<figcaption class=\"grve-text-dark\">\r\n\t\t\t\t\t\t\t\t\t\t\t\t\t\t\t\t\t\t\t\t\t\t\t\t\t\t\t\t\t\t\t\t<div class=\"grve-portfolio-content\">\r\n\t\t\t\t\t\t\t\t\t\t\t\t\t\t\t\t\t\t\t\t\t\t\t\t<h2 class=\"grve-title grve-text-dark grve-h5\">TORRE BMCE EN RABAT<\/h2>\r\n\t\t\t\t\t\t\t\t\t\t\t\t\t\t\t\t\t\t\t\t\t\t\t\t\t\t\t\t\t\t\t\t\t\t\t<\/div>\r\n\t\t\t\t\t\t\t\t\t\t\t\t\t\t\t\t\t\t\t<\/figcaption>\r\n\t\t\t\t\t\t\t\t<\/figure>\r\n\t\t\t\t\t\t\t<\/div>\r\n\t\t\t\t\t\t\t<\/a>\t\t\t\t\t\t\r\n\t\t\t\t\t<\/article>\r\n\t\t\t\t\t<article id=\"portfolio-15626-69d4bd93abb1b\" class=\"grve-isotope-item grve-portfolio-item  post-15626 portfolio type-portfolio status-publish has-post-thumbnail hentry portfolio_category-2d-es portfolio_category-3d-es portfolio_category-arquitectos portfolio_category-clientes portfolio_category-constructores portfolio_category-proyectos portfolio_category-sanidad\">\r\n\t\t\t\t\t\t\t\t\t\t\t\t\t\t\t\t\t<a href=\"https:\/\/bim6d.eu\/es\/portfolio\/hospital-quillota-en-chile\/\">\r\n\t\t\t\t\t\t\t\t\t\t<div class=\"grve-isotope-item-inner grve-zoomIn\">\r\n\t\t\t\t\t\t\t\t<figure class=\"grve-hover-style-1 grve-image-hover grve-zoom-none\">\r\n\t\t\t\t\t\t\t\t\t<div class=\"grve-media grve-bg-none\">\r\n\t\t\t\t\t\t\t\t\t\t\t\t\t\t\t\t\t\t\t\t<div class=\"grve-bg-light grve-hover-overlay grve-opacity-90\"><\/div>\r\n\t\t\t\t\t\t\t\t\t\t\t\t\t\t\t\t\t\t\t\t<img loading=\"lazy\" decoding=\"async\" width=\"600\" height=\"600\" src=\"https:\/\/bim6d.eu\/wp-content\/uploads\/2016\/09\/HBQP_005-600x600.png\" class=\"attachment-blade-grve-small-square size-blade-grve-small-square\" alt=\"\" srcset=\"https:\/\/bim6d.eu\/wp-content\/uploads\/2016\/09\/HBQP_005-600x600.png 600w, https:\/\/bim6d.eu\/wp-content\/uploads\/2016\/09\/HBQP_005-150x150.png 150w, https:\/\/bim6d.eu\/wp-content\/uploads\/2016\/09\/HBQP_005-300x300.png 300w, https:\/\/bim6d.eu\/wp-content\/uploads\/2016\/09\/HBQP_005-100x100.png 100w\" sizes=\"(max-width: 600px) 100vw, 600px\" \/>\t\t\t\t\t\t\t\t\t<\/div>\r\n\t\t\t\t\t\t\t\t\t<figcaption class=\"grve-text-dark\">\r\n\t\t\t\t\t\t\t\t\t\t\t\t\t\t\t\t\t\t\t\t\t\t\t\t\t\t\t\t\t\t\t\t<div class=\"grve-portfolio-content\">\r\n\t\t\t\t\t\t\t\t\t\t\t\t\t\t\t\t\t\t\t\t\t\t\t\t<h2 class=\"grve-title grve-text-dark grve-h5\">Hospital Quillota en Chile<\/h2>\r\n\t\t\t\t\t\t\t\t\t\t\t\t\t\t\t\t\t\t\t\t\t\t\t\t\t\t\t\t\t\t\t\t\t\t\t<\/div>\r\n\t\t\t\t\t\t\t\t\t\t\t\t\t\t\t\t\t\t\t<\/figcaption>\r\n\t\t\t\t\t\t\t\t<\/figure>\r\n\t\t\t\t\t\t\t<\/div>\r\n\t\t\t\t\t\t\t<\/a>\t\t\t\t\t\t\r\n\t\t\t\t\t<\/article>\r\n\t\t\t\t\t<article id=\"portfolio-15628-69d4bd93ac665\" class=\"grve-isotope-item grve-portfolio-item  post-15628 portfolio type-portfolio status-publish has-post-thumbnail hentry portfolio_category-2d-es portfolio_category-3d-es portfolio_category-arquitectos portfolio_category-clientes portfolio_category-constructores portfolio_category-dimensiones portfolio_category-proyectos portfolio_category-sanidad\">\r\n\t\t\t\t\t\t\t\t\t\t\t\t\t\t\t\t\t<a href=\"https:\/\/bim6d.eu\/es\/portfolio\/hospital-al-jahra-en-kuwait\/\">\r\n\t\t\t\t\t\t\t\t\t\t<div class=\"grve-isotope-item-inner grve-zoomIn\">\r\n\t\t\t\t\t\t\t\t<figure class=\"grve-hover-style-1 grve-image-hover grve-zoom-none\">\r\n\t\t\t\t\t\t\t\t\t<div class=\"grve-media grve-bg-none\">\r\n\t\t\t\t\t\t\t\t\t\t\t\t\t\t\t\t\t\t\t\t<div class=\"grve-bg-light grve-hover-overlay grve-opacity-90\"><\/div>\r\n\t\t\t\t\t\t\t\t\t\t\t\t\t\t\t\t\t\t\t\t<img loading=\"lazy\" decoding=\"async\" width=\"600\" height=\"600\" src=\"https:\/\/bim6d.eu\/wp-content\/uploads\/2021\/03\/V31_01_FINAL_PORTADA-600x600.jpg\" class=\"attachment-blade-grve-small-square size-blade-grve-small-square\" alt=\"\" srcset=\"https:\/\/bim6d.eu\/wp-content\/uploads\/2021\/03\/V31_01_FINAL_PORTADA-600x600.jpg 600w, https:\/\/bim6d.eu\/wp-content\/uploads\/2021\/03\/V31_01_FINAL_PORTADA-150x150.jpg 150w, https:\/\/bim6d.eu\/wp-content\/uploads\/2021\/03\/V31_01_FINAL_PORTADA-1120x1120.jpg 1120w, https:\/\/bim6d.eu\/wp-content\/uploads\/2021\/03\/V31_01_FINAL_PORTADA-300x300.jpg 300w, https:\/\/bim6d.eu\/wp-content\/uploads\/2021\/03\/V31_01_FINAL_PORTADA-100x100.jpg 100w\" sizes=\"(max-width: 600px) 100vw, 600px\" \/>\t\t\t\t\t\t\t\t\t<\/div>\r\n\t\t\t\t\t\t\t\t\t<figcaption class=\"grve-text-dark\">\r\n\t\t\t\t\t\t\t\t\t\t\t\t\t\t\t\t\t\t\t\t\t\t\t\t\t\t\t\t\t\t\t\t<div class=\"grve-portfolio-content\">\r\n\t\t\t\t\t\t\t\t\t\t\t\t\t\t\t\t\t\t\t\t\t\t\t\t<h2 class=\"grve-title grve-text-dark grve-h5\">HOSPITAL AL JAHRA EN KUWAIT<\/h2>\r\n\t\t\t\t\t\t\t\t\t\t\t\t\t\t\t\t\t\t\t\t\t\t\t\t\t\t\t\t\t\t\t\t\t\t\t<\/div>\r\n\t\t\t\t\t\t\t\t\t\t\t\t\t\t\t\t\t\t\t<\/figcaption>\r\n\t\t\t\t\t\t\t\t<\/figure>\r\n\t\t\t\t\t\t\t<\/div>\r\n\t\t\t\t\t\t\t<\/a>\t\t\t\t\t\t\r\n\t\t\t\t\t<\/article>\r\n\t\t\t\t<\/div>\r\n\t\t\t<\/div>\r\n\r\n\t\t[vc_empty_space height=\u00bb50&#8243;][\/vc_column][vc_column width=\u00bb3\/4&#8243; css=\u00bb.vc_custom_1613152810928{padding-right: 8% !important;padding-left: 8% !important;}\u00bb][vc_tta_accordion autoplay=\u00bb5&#8243; active_section=\u00bb1&#8243;][vc_tta_section title=\u00bbPROCESO DE DISE\u00d1O Y CONSTRUCCI\u00d3N MEDIANTE BIM\u00bb tab_id=\u00bb1613650243274-0f707197-ae0c\u00bb][\/vc_tta_section][vc_tta_section title=\u00bbMODELO BIM AS BUILT\u00bb tab_id=\u00bb1613650140164-736ff7c9-9106&#8243;][\/vc_tta_section][vc_tta_section title=\u00bbMODELADO 4D PARA LA PLANIFICACI\u00d3N DE LA CONSTRUCCI\u00d3N\u00bb tab_id=\u00bb1613650106909-f00631c2-a5f4&#8243;][\/vc_tta_section][vc_tta_section title=\u00bbMODELIZACI\u00d3N 5D PARA LICITACIONES Y GESTI\u00d3N DE COSTES\u00bb tab_id=\u00bb1613650186760-36782620-d0ca\u00bb][\/vc_tta_section][vc_tta_section title=\u00bbINSPECCI\u00d3N A DISTANCIA DESDE C\u00c1MARAS Y SENSORES\u00bb tab_id=\u00bb1613071578028-1e2556fd-81e6&#8243;]<blockquote class=\"grve-element\" style=\"\"><p>Hoy tenemos que ser m\u00e1s eficaces en la inspecci\u00f3n de edificios. Las nuevas tecnolog\u00edas ofrecen la oportunidad de acceder en remoto a la zona, lo que necesitamos es una plataforma global que almacene las grabaciones de las inspecciones mediante c\u00e1maras fijas o port\u00e1tiles, que retransmita en directo la c\u00e1mara de una persona sobre el terreno para tener acceso a m\u00faltiples interesados trabajando en casa, y que geolocalice y asigne tiempo a los trayectos. Utilizando la plataforma POWERBIM digitaltwin podemos integrar todos los servicios multimedia para la inspecci\u00f3n a distancia.<\/p><\/blockquote><div class=\"grve-element grve-image grve-align-center\" style=\"\"><img loading=\"lazy\" decoding=\"async\" width=\"730\" height=\"368\" src=\"https:\/\/bim6d.eu\/wp-content\/uploads\/2021\/03\/1614878059205.gif\" class=\"attachment-full size-full\" alt=\"\" srcset=\"https:\/\/bim6d.eu\/wp-content\/uploads\/2021\/03\/1614878059205.gif 1x,https:\/\/bim6d.eu\/wp-content\/uploads\/2021\/03\/1614878059205.gif 2x\" \/><\/div>[\/vc_tta_section][\/vc_tta_accordion][vc_empty_space height=\u00bb25&#8243;][\/vc_column][\/vc_row]<\/p>\n","protected":false},"excerpt":{"rendered":"<p>[vc_row section_type=\u00bbfullwidth\u00bb][vc_column width=\u00bb1\/4&#8243; css=\u00bb.vc_custom_1613152872233{padding-left: 100px !important;}\u00bb][vc_column_text] Proyectos para el Proceso de Construcci\u00f3n [\/vc_column_text][vc_empty_space height=\u00bb50&#8243;][\/vc_column][vc_column width=\u00bb3\/4&#8243; css=\u00bb.vc_custom_1613152810928{padding-right: 8% !important;padding-left: 8% !important;}\u00bb][vc_tta_accordion autoplay=\u00bb5&#8243; active_section=\u00bb1&#8243;][vc_tta_section title=\u00bbPROCESO DE DISE\u00d1O Y CONSTRUCCI\u00d3N MEDIANTE BIM\u00bb tab_id=\u00bb1613650243274-0f707197-ae0c\u00bb][\/vc_tta_section][vc_tta_section title=\u00bbMODELO BIM AS BUILT\u00bb tab_id=\u00bb1613650140164-736ff7c9-9106&#8243;][\/vc_tta_section][vc_tta_section title=\u00bbMODELADO 4D PARA LA PLANIFICACI\u00d3N DE LA CONSTRUCCI\u00d3N\u00bb tab_id=\u00bb1613650106909-f00631c2-a5f4&#8243;][\/vc_tta_section][vc_tta_section title=\u00bbMODELIZACI\u00d3N 5D PARA LICITACIONES Y GESTI\u00d3N DE COSTES\u00bb tab_id=\u00bb1613650186760-36782620-d0ca\u00bb][\/vc_tta_section][vc_tta_section title=\u00bbINSPECCI\u00d3N A [&hellip;]<\/p>\n","protected":false},"author":1,"featured_media":0,"parent":15746,"menu_order":0,"comment_status":"closed","ping_status":"closed","template":"","meta":{"om_disable_all_campaigns":false,"_monsterinsights_skip_tracking":false,"_monsterinsights_sitenote_active":false,"_monsterinsights_sitenote_note":"","_monsterinsights_sitenote_category":0,"footnotes":""},"class_list":["post-15740","page","type-page","status-publish","hentry"],"aioseo_notices":[],"_links":{"self":[{"href":"https:\/\/bim6d.eu\/es\/wp-json\/wp\/v2\/pages\/15740"}],"collection":[{"href":"https:\/\/bim6d.eu\/es\/wp-json\/wp\/v2\/pages"}],"about":[{"href":"https:\/\/bim6d.eu\/es\/wp-json\/wp\/v2\/types\/page"}],"author":[{"embeddable":true,"href":"https:\/\/bim6d.eu\/es\/wp-json\/wp\/v2\/users\/1"}],"replies":[{"embeddable":true,"href":"https:\/\/bim6d.eu\/es\/wp-json\/wp\/v2\/comments?post=15740"}],"version-history":[{"count":5,"href":"https:\/\/bim6d.eu\/es\/wp-json\/wp\/v2\/pages\/15740\/revisions"}],"predecessor-version":[{"id":15745,"href":"https:\/\/bim6d.eu\/es\/wp-json\/wp\/v2\/pages\/15740\/revisions\/15745"}],"up":[{"embeddable":true,"href":"https:\/\/bim6d.eu\/es\/wp-json\/wp\/v2\/pages\/15746"}],"wp:attachment":[{"href":"https:\/\/bim6d.eu\/es\/wp-json\/wp\/v2\/media?parent=15740"}],"curies":[{"name":"wp","href":"https:\/\/api.w.org\/{rel}","templated":true}]}}