{"id":15774,"date":"2022-02-08T11:26:18","date_gmt":"2022-02-08T11:26:18","guid":{"rendered":"https:\/\/bim6d.eu\/contacto\/carreras\/"},"modified":"2024-06-04T13:31:32","modified_gmt":"2024-06-04T13:31:32","slug":"carreras","status":"publish","type":"page","link":"https:\/\/bim6d.eu\/es\/contacto\/carreras\/","title":{"rendered":"CARRERAS"},"content":{"rendered":"<p>[vc_row section_type=\u00bbfullwidth\u00bb header_feature=\u00bbyes\u00bb padding_top=\u00bb60&#8243; padding_bottom=\u00bb60&#8243;][vc_column css=\u00bb.vc_custom_1614008915320{padding-right: 8% !important;padding-left: 8% !important;}\u00bb]<h3 class=\"grve-element grve-title grve-align-left grve-h3\" style=\"\"><span>T\u00edtulo de la muestra<\/span><\/h3>[vc_tta_tabs alignment=\u00bbcenter\u00bb active_section=\u00bb1&#8243;][vc_tta_section title=\u00bbDEV.01 &#8211; Desarrollador Fullstack\u00bb tab_id=\u00bb1644321714162-62818d12-05a8&#8243;]<h4 class=\"grve-element grve-title grve-align-center grve-h4\" style=\"\"><span>DESCRIPCI\u00d3N GENERAL<\/span><\/h4><div class=\"grve-element grve-image-text\" style=\"\"><div class=\"grve-image grve-position-left\"><img loading=\"lazy\" decoding=\"async\" width=\"1289\" height=\"859\" src=\"https:\/\/bim6d.eu\/wp-content\/uploads\/2021\/07\/image5.jpg\" class=\"grve-full-image attachment-full size-full\" alt=\"\" srcset=\"https:\/\/bim6d.eu\/wp-content\/uploads\/2021\/07\/image5.jpg 1289w, https:\/\/bim6d.eu\/wp-content\/uploads\/2021\/07\/image5-300x200.jpg 300w, https:\/\/bim6d.eu\/wp-content\/uploads\/2021\/07\/image5-1024x682.jpg 1024w, https:\/\/bim6d.eu\/wp-content\/uploads\/2021\/07\/image5-768x512.jpg 768w, https:\/\/bim6d.eu\/wp-content\/uploads\/2021\/07\/image5-600x400.jpg 600w\" sizes=\"(max-width: 1289px) 100vw, 1289px\" \/><\/div>  <div class=\"grve-content grve-position-right grve-align-left\">  <p>Estamos construyendo la plataforma SaaS en la nube POWERBIM Digitaltwin para el entorno de la construcci\u00f3n y estamos buscando a la persona adecuada para que nos ayude. En este puesto te unir\u00e1s a un equipo con talento, con oportunidades de crecimiento y que informa directamente al Director T\u00e9cnico y Director General.<\/p>\n<p>El puesto menciona el desarrollo back-end o full-stack para reflejar el hecho de que la ingenier\u00eda de los servicios back-end-cloud ser\u00e1 crucial para este puesto, pero tambi\u00e9n que se valoran los conocimientos de desarrollo front-end moderno y existe la oportunidad de contribuir a ambos.<\/p>\n<p>En el aspecto t\u00e9cnico, trabajar\u00e1s con pilas y paradigmas tecnol\u00f3gicos modernos, desde sistemas de orquestaci\u00f3n sin servidor y microservicios hasta aplicaciones web progresivas y de una sola p\u00e1gina, todo ello en un entorno automatizado de CI\/CD. Operamos nuestros propios servicios, por lo que tambi\u00e9n tendr\u00e1s la oportunidad de involucrarte con DevOps tanto o tan poco como te sientas c\u00f3modo.<\/p>    <a href=\"https:\/\/vimeo.com\/channels\/powerbim\" target=\"_blank\" class=\"grve-link-text grve-read-more \">SEE DEMOS OF THE PLATFORM<\/a>  <\/div><\/div>[vc_column_text]<\/p>\n<ul>\n<li>Contribuir al dise\u00f1o, la aplicaci\u00f3n, las pruebas y el despliegue de nuestros productos y plataformas.<\/li>\n<li>Asumir la propiedad de servicios, funciones, etc. y crear aplicaciones y API de acuerdo con las especificaciones.<\/li>\n<li>Escribir c\u00f3digo utilizando los principios b\u00e1sicos de ingenier\u00eda y las mejores pr\u00e1cticas del sector para garantizar la calidad, la facilidad de uso y el rendimiento.<\/li>\n<li>Definir y crear conjuntos de pruebas, realizar an\u00e1lisis para identificar oportunidades de mejora y automatizaci\u00f3n y crearlas.<\/li>\n<li>Colaborar estrechamente con nuestro equipo de desarrolladores y gestores de productos para crear el mejor producto posible.<\/li>\n<li>Participar en nuestro proceso de desarrollo \u00e1gil, incluidos talleres de planificaci\u00f3n de sprints y demostraciones, revisiones de c\u00f3digo y actividades de control de calidad.<\/li>\n<li>Ayude a garantizar el \u00e9xito de nuestro producto participando en talleres y debates<\/li>\n<\/ul>\n<p>[\/vc_column_text]<h4 class=\"grve-element grve-title grve-align-center grve-h4\" style=\"\"><span>COMPETENCIAS Y EXPERIENCIA REQUERIDAS<\/span><\/h4>[vc_column_text]Buscamos un Desarrollador Back-end o Full-stack con experiencia laboral en la construcci\u00f3n de APIs back-end basadas en la nube y desarrollo web moderno. Fomentamos la transparencia, la autonom\u00eda y la innovaci\u00f3n, por lo que buscamos a alguien que aprecie el entorno abierto y de colaboraci\u00f3n.<\/p>\n<p>Para este puesto, se requiere que demuestres experiencia y habilidades en lo siguiente:<\/p>\n<p><em><strong>Experiencia general en desarrollo<\/strong><\/em><br \/>\ndesarrollo en un entorno de c\u00f3digo fuente controlado (Git) con pr\u00e1cticas DevOps modernas<\/p>\n<p><em><strong>Conocimientos de tecnolog\u00eda back-end<\/strong><\/em><br \/>\namplios conocimientos de JavaScript (ES6+) o TypeScript (NodeJs)<br \/>\nSe valorar\u00e1n muy positivamente los conocimientos de C# y Python.<br \/>\nexperiencia en la creaci\u00f3n de API en una arquitectura de microservicios o basada en eventos<br \/>\nexperiencia construyendo en un entorno serverless como Azure Functions &amp; Durable Functions<br \/>\nexperiencia en la creaci\u00f3n de servicios con bases de datos NoSQL (Cosmos, Mongo) o SQL alojadas en la nube<\/p>\n<p><em><strong>DevOps<\/strong><\/em><br \/>\nexperiencia en desarrollo para entornos y servicios Azure (o AWS)<br \/>\nAltos conocimientos en Docker y Kubernetes.<br \/>\nexperiencia o altos conocimientos en sistemas IOT, Azure IOT Hub, protocolos y conectividad<\/p>\n<p><em><strong>Competencias clave<\/strong><\/em><br \/>\nexcelentes habilidades de comunicaci\u00f3n verbal y escrita &#8211; ingl\u00e9s + espa\u00f1ol<br \/>\niniciativa y metodolog\u00eda de trabajo proactiva<br \/>\naltamente adaptable y con ganas de desarrollar sus habilidades en un entorno colaborativo y atractivo<br \/>\ncapacidad para traducir los requisitos empresariales en requisitos t\u00e9cnicos y soluciones para encontrar la mejor estrategia[\/vc_column_text]<h4 class=\"grve-element grve-title grve-align-center grve-h4\" style=\"\"><span>APTITUDES Y EXPERIENCIA OPTATIVAS DESEADAS<\/span><\/h4>[vc_column_text]<em><strong>Front-end Tecnolog\u00edas<\/strong><\/em><br \/>\nconocimientos de CSS y HTML<br \/>\nconocimientos o experiencia en ReactJs<br \/>\nconocimientos o experiencia en NodeRed<br \/>\nconocimientos o experiencia en API de software 3D\/BIM<\/p>\n<p><em><strong>Cualificaciones<\/strong><\/em><br \/>\nM\u00e1ster en inform\u00e1tica, ingenier\u00eda inform\u00e1tica, desarrollo de software o campos relacionados[\/vc_column_text][\/vc_tta_section][vc_tta_section title=\u00bbBIM.01 &#8211; Especialista BIM\u00bb tab_id=\u00bb1644321746394-6334e9a1-74d4&#8243;]<h4 class=\"grve-element grve-title grve-align-center grve-h4\" style=\"\"><span>DESCRIPCI\u00d3N GENERAL<\/span><\/h4><div class=\"grve-element grve-image-text\" style=\"\"><div class=\"grve-image grve-position-left\"><img loading=\"lazy\" decoding=\"async\" width=\"1855\" height=\"795\" src=\"https:\/\/bim6d.eu\/wp-content\/uploads\/2020\/10\/PROJECTS_COVER_01.jpg\" class=\"grve-full-image attachment-full size-full\" alt=\"\" srcset=\"https:\/\/bim6d.eu\/wp-content\/uploads\/2020\/10\/PROJECTS_COVER_01.jpg 1855w, https:\/\/bim6d.eu\/wp-content\/uploads\/2020\/10\/PROJECTS_COVER_01-300x129.jpg 300w, https:\/\/bim6d.eu\/wp-content\/uploads\/2020\/10\/PROJECTS_COVER_01-1024x439.jpg 1024w, https:\/\/bim6d.eu\/wp-content\/uploads\/2020\/10\/PROJECTS_COVER_01-768x329.jpg 768w, https:\/\/bim6d.eu\/wp-content\/uploads\/2020\/10\/PROJECTS_COVER_01-1536x658.jpg 1536w, https:\/\/bim6d.eu\/wp-content\/uploads\/2020\/10\/PROJECTS_COVER_01-600x257.jpg 600w\" sizes=\"(max-width: 1855px) 100vw, 1855px\" \/><\/div>  <div class=\"grve-content grve-position-right grve-align-left\">  <p>Dentro de nuestra estrategia de crecimiento como empresa referente en transformaci\u00f3n digital aplicada al sector AECO, buscamos un nuevo candidato con experiencia en el desarrollo de proyectos de arquitectura y\/o ingenier\u00eda con metodolog\u00eda BIM (soluciones Autodesk), con conocimientos de modelado colaborativo, coordinaci\u00f3n BIM.<\/p>\n<p>Formar\u00e1s parte de un equipo multidisciplinar que es agente de cambio en el sector AECO, pionero en el uso de la tecnolog\u00eda BIM y en el desarrollo de software y aplicaciones para el sector.<\/p>  <\/div><\/div><h4 class=\"grve-element grve-title grve-align-center grve-h4\" style=\"\"><span>HABILIDADES REQUERIDAS<\/span><\/h4>[vc_column_text]<\/p>\n<ul>\n<li>Experiencia demostrable en modelado y coordinaci\u00f3n BIM<\/li>\n<li>Software Revit, Navisworks<\/li>\n<li>Preparar documentaci\u00f3n t\u00e9cnica de proyectos de construcci\u00f3n, informes<\/li>\n<li>Capacidad para resolver problemas de proyectos con profesionalidad<\/li>\n<li>Formaci\u00f3n acad\u00e9mica demostrable, t\u00edtulo profesional<\/li>\n<\/ul>\n<p>[\/vc_column_text]<h4 class=\"grve-element grve-title grve-align-center grve-h4\" style=\"\"><span>HABILIDADES VALIOSAS<\/span><\/h4>[vc_column_text]<\/p>\n<ul>\n<li>Conocimientos de programaci\u00f3n BIM (C#, Dynamo, Autodesk Forge)<\/li>\n<li>Conocimientos de visualizaci\u00f3n (renderizado, animaciones)<\/li>\n<li>Otros conocimientos de software BIM (4D,5D,6D)<\/li>\n<\/ul>\n<p>[\/vc_column_text][\/vc_tta_section][vc_tta_section title=\u00bb3D.03 &#8211; Experto en Unreal Engine\u00bb tab_id=\u00bb1701556398912-641c44cc-8f86&#8243;]<h4 class=\"grve-element grve-title grve-align-center grve-h4\" style=\"\"><span>DESCRIPCI\u00d3N GENERAL<\/span><\/h4><div class=\"grve-element grve-image grve-align-center\" style=\"\"><img loading=\"lazy\" decoding=\"async\" width=\"2081\" height=\"720\" src=\"https:\/\/bim6d.eu\/wp-content\/uploads\/2023\/08\/M4B_HIRING-copy.jpg\" class=\"attachment-full size-full\" alt=\"\" srcset=\"https:\/\/bim6d.eu\/wp-content\/uploads\/2023\/08\/M4B_HIRING-copy.jpg 2081w, https:\/\/bim6d.eu\/wp-content\/uploads\/2023\/08\/M4B_HIRING-copy-300x104.jpg 300w, https:\/\/bim6d.eu\/wp-content\/uploads\/2023\/08\/M4B_HIRING-copy-1024x354.jpg 1024w, https:\/\/bim6d.eu\/wp-content\/uploads\/2023\/08\/M4B_HIRING-copy-768x266.jpg 768w, https:\/\/bim6d.eu\/wp-content\/uploads\/2023\/08\/M4B_HIRING-copy-1536x531.jpg 1536w, https:\/\/bim6d.eu\/wp-content\/uploads\/2023\/08\/M4B_HIRING-copy-1920x664.jpg 1920w, https:\/\/bim6d.eu\/wp-content\/uploads\/2023\/08\/M4B_HIRING-copy-600x208.jpg 600w\" sizes=\"(max-width: 2081px) 100vw, 2081px\" \/><\/div>[vc_column_text]<strong>En BIM6D estamos evolucionando r\u00e1pidamente en el desarrollo metaverso para la industria AECO (edificios, infraestructuras, movilidad, ciudad inteligente), y est\u00e1n llegando nuevos proyectos sorprendentes en diferentes \u00e1reas. La plataforma META4BIM es la respuesta para el futuro de BIM a lo largo del metaverso y estamos buscando un experto en tecnolog\u00edas espec\u00edficas que ayude a reforzar el equipo y a ir al siguiente nivel.<\/strong><\/p>\n<p><strong>Buscamos un experto en Unreal Engine 5 , experto en 3D para modificar mallas y texturizar de forma realista y de alto nivel, habilidades en gamificaci\u00f3n usando blueprints para crear interactividad, animaciones y todo tipo de configuraciones para gamificaciones y experiencias inmmersivas para VR, XR, otros.<\/strong><\/p>\n<p><strong style=\"font-family: inherit; font-size: inherit; font-style: inherit; font-variant-ligatures: inherit; font-variant-caps: inherit;\">Formar\u00e1s parte de un equipo multidisciplinar y estar\u00e1s centrado en nuevos proyectos innovadores y pioneros en desarrollo metaverso para importantes clientes y proyectos, nacionales e internacionales.<\/strong>[\/vc_column_text]<h4 class=\"grve-element grve-title grve-align-center grve-h4\" style=\"\"><span>HABILIDADES REQUERIDAS<\/span><\/h4>[vc_column_text]<\/p>\n<ul>\n<li>Experiencia demostrable en Unreal Engine 5, y desarrollo de planos.<\/li>\n<li>Experiencia demostrable en modelado realista 3D, texturizaci\u00f3n (deseable Substance Painter o Designer) y visualitazion + Motion Graphics para VR \/ XR \/ otros entornos.<\/li>\n<li>Formaci\u00f3n acad\u00e9mica demostrable, t\u00edtulo profesional<\/li>\n<li>Se valorar\u00e1n otros conocimientos de desarrollo (programaci\u00f3n de NPC, UMG (widgets), javascript, C#, python&#8230;)<\/li>\n<\/ul>\n<p>[\/vc_column_text][\/vc_tta_section][\/vc_tta_tabs][\/vc_column][\/vc_row]<\/p>\n","protected":false},"excerpt":{"rendered":"<p>[vc_row section_type=\u00bbfullwidth\u00bb header_feature=\u00bbyes\u00bb padding_top=\u00bb60&#8243; padding_bottom=\u00bb60&#8243;][vc_column css=\u00bb.vc_custom_1614008915320{padding-right: 8% !important;padding-left: 8% !important;}\u00bb][vc_tta_tabs alignment=\u00bbcenter\u00bb active_section=\u00bb1&#8243;][vc_tta_section title=\u00bbDEV.01 &#8211; Desarrollador Fullstack\u00bb tab_id=\u00bb1644321714162-62818d12-05a8&#8243;][vc_column_text] Contribuir al dise\u00f1o, la aplicaci\u00f3n, las pruebas y el despliegue de nuestros productos y plataformas. Asumir la propiedad de servicios, funciones, etc. y crear aplicaciones y API de acuerdo con las especificaciones. Escribir c\u00f3digo utilizando los principios b\u00e1sicos [&hellip;]<\/p>\n","protected":false},"author":1,"featured_media":0,"parent":15731,"menu_order":0,"comment_status":"closed","ping_status":"closed","template":"","meta":{"om_disable_all_campaigns":false,"_monsterinsights_skip_tracking":false,"_monsterinsights_sitenote_active":false,"_monsterinsights_sitenote_note":"","_monsterinsights_sitenote_category":0,"footnotes":""},"class_list":["post-15774","page","type-page","status-publish","hentry"],"aioseo_notices":[],"_links":{"self":[{"href":"https:\/\/bim6d.eu\/es\/wp-json\/wp\/v2\/pages\/15774"}],"collection":[{"href":"https:\/\/bim6d.eu\/es\/wp-json\/wp\/v2\/pages"}],"about":[{"href":"https:\/\/bim6d.eu\/es\/wp-json\/wp\/v2\/types\/page"}],"author":[{"embeddable":true,"href":"https:\/\/bim6d.eu\/es\/wp-json\/wp\/v2\/users\/1"}],"replies":[{"embeddable":true,"href":"https:\/\/bim6d.eu\/es\/wp-json\/wp\/v2\/comments?post=15774"}],"version-history":[{"count":2,"href":"https:\/\/bim6d.eu\/es\/wp-json\/wp\/v2\/pages\/15774\/revisions"}],"predecessor-version":[{"id":15776,"href":"https:\/\/bim6d.eu\/es\/wp-json\/wp\/v2\/pages\/15774\/revisions\/15776"}],"up":[{"embeddable":true,"href":"https:\/\/bim6d.eu\/es\/wp-json\/wp\/v2\/pages\/15731"}],"wp:attachment":[{"href":"https:\/\/bim6d.eu\/es\/wp-json\/wp\/v2\/media?parent=15774"}],"curies":[{"name":"wp","href":"https:\/\/api.w.org\/{rel}","templated":true}]}}