{"id":15780,"date":"2020-09-23T08:25:16","date_gmt":"2020-09-23T08:25:16","guid":{"rendered":"https:\/\/bim6d.eu\/servicios-digitales-por-dimensiones\/bim1d\/"},"modified":"2024-06-04T20:09:41","modified_gmt":"2024-06-04T20:09:41","slug":"bim1d","status":"publish","type":"page","link":"https:\/\/bim6d.eu\/es\/servicios-digitales-por-dimensiones\/bim1d\/","title":{"rendered":"BIM1D"},"content":{"rendered":"<p>[vc_row section_type=\u00bbfullwidth\u00bb bg_type=\u00bbcolor\u00bb header_feature=\u00bbyes\u00bb equal_column_height=\u00bbmiddle-content\u00bb padding_top=\u00bb0&#8243; padding_bottom=\u00bb0&#8243; bg_color=\u00bb#ff9900&#8243; font_color=\u00bb#ffffff\u00bb][vc_column width=\u00bb1\/4&#8243;][vc_empty_space height=\u00bb50&#8243;]<div class=\"grve-element grve-image grve-align-center\" style=\"\"><img loading=\"lazy\" decoding=\"async\" width=\"300\" height=\"300\" src=\"https:\/\/bim6d.eu\/wp-content\/uploads\/2020\/09\/1D_SYMBOLTEXT.png\" class=\"attachment-full size-full\" alt=\"\" srcset=\"https:\/\/bim6d.eu\/wp-content\/uploads\/2020\/09\/1D_SYMBOLTEXT.png 1x,https:\/\/bim6d.eu\/wp-content\/uploads\/2020\/09\/1D_SYMBOLTEXT.png 2x\" \/><\/div>[vc_empty_space height=\u00bb50&#8243;][\/vc_column][vc_column width=\u00bb3\/4&#8243; font_color=\u00bb#ffffff\u00bb css=\u00bb.vc_custom_1613152630793{padding-right: 8% !important;padding-left: 8% !important;}\u00bb][vc_empty_space height=\u00bb75&#8243;][vc_column_text]<\/p>\n<div class=\"grve-subtitle\">ESTRATEGIA DE DIGITALIZACI\u00d3N<\/div>\n<h2 class=\"grve-slogan-title grve-align-left grve-h2\"><span style=\"color: #ffffff;\">PUNTO DE RAYADO<\/span><\/h2>\n<p class=\"grve-leader-text\">En la dimensi\u00f3n 1D no necesitamos modelos BIM o 3D, necesitamos definir qu\u00e9 esperamos de ellos y c\u00f3mo necesitamos utilizar la digitalizaci\u00f3n en beneficio de los objetivos del proyecto o de la estrategia de negocio de la empresa \/ organizaci\u00f3n. 1D es la estrategia de BIM Management y Facility Management 4.0, definimos BIM EIR (exchange information requirements) para empresas o BEP (BIM execution plans) para proyectos bas\u00e1ndonos en est\u00e1ndares y en nuestra gran experiencia en m\u00faltiples proyectos.<\/p>\n<p>[\/vc_column_text][vc_empty_space height=\u00bb25&#8243;][\/vc_column][\/vc_row][vc_row section_type=\u00bbfullwidth\u00bb][vc_column width=\u00bb1\/4&#8243; css=\u00bb.vc_custom_1613152872233{padding-left: 100px !important;}\u00bb][vc_column_text]<\/p>\n<h3>Proyectos BIM1D<\/h3>\n<p>[\/vc_column_text]\t\t\t<div class=\"grve-element grve-portfolio grve-isotope\" style=\"\" data-spinner=\"no\" data-columns=\"2\" data-columns-tablet-landscape=\"2\" data-columns-tablet-portrait=\"2\" data-columns-mobile=\"1\" data-layout=\"fitRows\">\r\n\t\t\r\n\t\t\t<div class=\"grve-isotope-container\">\r\n\t\t\t\t\t\t\t<article id=\"portfolio-15590-69d4d3e5ec949\" class=\"grve-isotope-item grve-portfolio-item  post-15590 portfolio type-portfolio status-publish has-post-thumbnail hentry portfolio_category-1d-es portfolio_category-2d-es portfolio_category-3d-es portfolio_category-4d-es portfolio_category-5d-es portfolio_category-6d-es portfolio_category-apps-es portfolio_category-arquitectos portfolio_category-clientes portfolio_category-constructores portfolio_category-consultores-bim portfolio_category-dimensiones portfolio_category-estado-real portfolio_category-gestores-de-instalaciones portfolio_category-hosteleria portfolio_category-ingenieros-de-estructuras portfolio_category-ingenieros-mep portfolio_category-iot-es portfolio_category-oficinas portfolio_category-power-bi-es portfolio_category-powerbim-es portfolio_category-propietarios portfolio_category-proyectos portfolio_category-residencial portfolio_category-retail portfolio_category-servicios-de-plataforma-autodesk portfolio_category-usuarios-finales\">\r\n\t\t\t\t\t\t\t\t\t\t\t\t\t\t\t\t\t<a href=\"https:\/\/bim6d.eu\/es\/portfolio\/digitaltwin-para-el-proyecto-de-regeneracion-urbana-madrid-nuevo-norte\/\">\r\n\t\t\t\t\t\t\t\t\t\t<div class=\"grve-isotope-item-inner grve-zoomIn\">\r\n\t\t\t\t\t\t\t\t<figure class=\"grve-hover-style-1 grve-image-hover grve-zoom-none\">\r\n\t\t\t\t\t\t\t\t\t<div class=\"grve-media grve-bg-none\">\r\n\t\t\t\t\t\t\t\t\t\t\t\t\t\t\t\t\t\t\t\t<div class=\"grve-bg-light grve-hover-overlay grve-opacity-90\"><\/div>\r\n\t\t\t\t\t\t\t\t\t\t\t\t\t\t\t\t\t\t\t\t<img loading=\"lazy\" decoding=\"async\" width=\"600\" height=\"600\" src=\"https:\/\/bim6d.eu\/wp-content\/uploads\/2023\/01\/MNN_004-600x600.jpg\" class=\"attachment-blade-grve-small-square size-blade-grve-small-square\" alt=\"\" srcset=\"https:\/\/bim6d.eu\/wp-content\/uploads\/2023\/01\/MNN_004-600x600.jpg 600w, https:\/\/bim6d.eu\/wp-content\/uploads\/2023\/01\/MNN_004-150x150.jpg 150w, https:\/\/bim6d.eu\/wp-content\/uploads\/2023\/01\/MNN_004-300x300.jpg 300w, https:\/\/bim6d.eu\/wp-content\/uploads\/2023\/01\/MNN_004-100x100.jpg 100w\" sizes=\"(max-width: 600px) 100vw, 600px\" \/>\t\t\t\t\t\t\t\t\t<\/div>\r\n\t\t\t\t\t\t\t\t\t<figcaption class=\"grve-text-dark\">\r\n\t\t\t\t\t\t\t\t\t\t\t\t\t\t\t\t\t\t\t\t\t\t\t\t\t\t\t\t\t\t\t\t<div class=\"grve-portfolio-content\">\r\n\t\t\t\t\t\t\t\t\t\t\t\t\t\t\t\t\t\t\t\t\t\t\t\t<h2 class=\"grve-title grve-text-dark grve-h5\">DIGITALTWIN PARA EL PROYECTO DE REGENERACI\u00d3N URBANA MADRID NUEVO NORTE<\/h2>\r\n\t\t\t\t\t\t\t\t\t\t\t\t\t\t\t\t\t\t\t\t\t\t\t\t\t\t\t\t\t\t\t\t\t\t\t<\/div>\r\n\t\t\t\t\t\t\t\t\t\t\t\t\t\t\t\t\t\t\t<\/figcaption>\r\n\t\t\t\t\t\t\t\t<\/figure>\r\n\t\t\t\t\t\t\t<\/div>\r\n\t\t\t\t\t\t\t<\/a>\t\t\t\t\t\t\r\n\t\t\t\t\t<\/article>\r\n\t\t\t\t\t<article id=\"portfolio-15606-69d4d3e5ed7b0\" class=\"grve-isotope-item grve-portfolio-item  post-15606 portfolio type-portfolio status-publish has-post-thumbnail hentry portfolio_category-1d-es portfolio_category-almacen portfolio_category-estado-real portfolio_category-gestores-de-instalaciones portfolio_category-propietarios portfolio_category-proyectos\">\r\n\t\t\t\t\t\t\t\t\t\t\t\t\t\t\t\t\t<a href=\"https:\/\/bim6d.eu\/es\/portfolio\/requisitos-de-intercambio-de-informacion-para-zalando-se\/\">\r\n\t\t\t\t\t\t\t\t\t\t<div class=\"grve-isotope-item-inner grve-zoomIn\">\r\n\t\t\t\t\t\t\t\t<figure class=\"grve-hover-style-1 grve-image-hover grve-zoom-none\">\r\n\t\t\t\t\t\t\t\t\t<div class=\"grve-media grve-bg-none\">\r\n\t\t\t\t\t\t\t\t\t\t\t\t\t\t\t\t\t\t\t\t<div class=\"grve-bg-light grve-hover-overlay grve-opacity-90\"><\/div>\r\n\t\t\t\t\t\t\t\t\t\t\t\t\t\t\t\t\t\t\t\t<img loading=\"lazy\" decoding=\"async\" width=\"600\" height=\"600\" src=\"https:\/\/bim6d.eu\/wp-content\/uploads\/2020\/01\/EIR-COVER-600x600.jpg\" class=\"attachment-blade-grve-small-square size-blade-grve-small-square\" alt=\"\" srcset=\"https:\/\/bim6d.eu\/wp-content\/uploads\/2020\/01\/EIR-COVER-600x600.jpg 600w, https:\/\/bim6d.eu\/wp-content\/uploads\/2020\/01\/EIR-COVER-150x150.jpg 150w, https:\/\/bim6d.eu\/wp-content\/uploads\/2020\/01\/EIR-COVER-1120x1120.jpg 1120w, https:\/\/bim6d.eu\/wp-content\/uploads\/2020\/01\/EIR-COVER-300x300.jpg 300w, https:\/\/bim6d.eu\/wp-content\/uploads\/2020\/01\/EIR-COVER-100x100.jpg 100w\" sizes=\"(max-width: 600px) 100vw, 600px\" \/>\t\t\t\t\t\t\t\t\t<\/div>\r\n\t\t\t\t\t\t\t\t\t<figcaption class=\"grve-text-dark\">\r\n\t\t\t\t\t\t\t\t\t\t\t\t\t\t\t\t\t\t\t\t\t\t\t\t\t\t\t\t\t\t\t\t<div class=\"grve-portfolio-content\">\r\n\t\t\t\t\t\t\t\t\t\t\t\t\t\t\t\t\t\t\t\t\t\t\t\t<h2 class=\"grve-title grve-text-dark grve-h5\">Requisitos de intercambio de informaci\u00f3n para Zalando SE<\/h2>\r\n\t\t\t\t\t\t\t\t\t\t\t\t\t\t\t\t\t\t\t\t\t\t\t\t\t\t\t\t\t\t\t\t\t\t\t<\/div>\r\n\t\t\t\t\t\t\t\t\t\t\t\t\t\t\t\t\t\t\t<\/figcaption>\r\n\t\t\t\t\t\t\t\t<\/figure>\r\n\t\t\t\t\t\t\t<\/div>\r\n\t\t\t\t\t\t\t<\/a>\t\t\t\t\t\t\r\n\t\t\t\t\t<\/article>\r\n\t\t\t\t\t<article id=\"portfolio-15621-69d4d3e5ee3ff\" class=\"grve-isotope-item grve-portfolio-item  post-15621 portfolio type-portfolio status-publish has-post-thumbnail hentry portfolio_category-1d-es portfolio_category-2d-es portfolio_category-3d-es portfolio_category-4d-es portfolio_category-6d-es portfolio_category-clientes portfolio_category-constructores portfolio_category-dimensiones portfolio_category-ingenieros-mep portfolio_category-oficinas portfolio_category-power-bi-es portfolio_category-powerbim-es portfolio_category-proyectos portfolio_category-residencial portfolio_category-retail portfolio_category-servicios-de-plataforma-autodesk\">\r\n\t\t\t\t\t\t\t\t\t\t\t\t\t\t\t\t\t<a href=\"https:\/\/bim6d.eu\/es\/portfolio\/torre-bmce-en-rabat\/\">\r\n\t\t\t\t\t\t\t\t\t\t<div class=\"grve-isotope-item-inner grve-zoomIn\">\r\n\t\t\t\t\t\t\t\t<figure class=\"grve-hover-style-1 grve-image-hover grve-zoom-none\">\r\n\t\t\t\t\t\t\t\t\t<div class=\"grve-media grve-bg-none\">\r\n\t\t\t\t\t\t\t\t\t\t\t\t\t\t\t\t\t\t\t\t<div class=\"grve-bg-light grve-hover-overlay grve-opacity-90\"><\/div>\r\n\t\t\t\t\t\t\t\t\t\t\t\t\t\t\t\t\t\t\t\t<img loading=\"lazy\" decoding=\"async\" width=\"600\" height=\"600\" src=\"https:\/\/bim6d.eu\/wp-content\/uploads\/2021\/02\/Tour-BMCE_01-600x600.png\" class=\"attachment-blade-grve-small-square size-blade-grve-small-square\" alt=\"\" srcset=\"https:\/\/bim6d.eu\/wp-content\/uploads\/2021\/02\/Tour-BMCE_01-600x600.png 600w, https:\/\/bim6d.eu\/wp-content\/uploads\/2021\/02\/Tour-BMCE_01-150x150.png 150w, https:\/\/bim6d.eu\/wp-content\/uploads\/2021\/02\/Tour-BMCE_01-300x300.png 300w, https:\/\/bim6d.eu\/wp-content\/uploads\/2021\/02\/Tour-BMCE_01-100x100.png 100w\" sizes=\"(max-width: 600px) 100vw, 600px\" \/>\t\t\t\t\t\t\t\t\t<\/div>\r\n\t\t\t\t\t\t\t\t\t<figcaption class=\"grve-text-dark\">\r\n\t\t\t\t\t\t\t\t\t\t\t\t\t\t\t\t\t\t\t\t\t\t\t\t\t\t\t\t\t\t\t\t<div class=\"grve-portfolio-content\">\r\n\t\t\t\t\t\t\t\t\t\t\t\t\t\t\t\t\t\t\t\t\t\t\t\t<h2 class=\"grve-title grve-text-dark grve-h5\">TORRE BMCE EN RABAT<\/h2>\r\n\t\t\t\t\t\t\t\t\t\t\t\t\t\t\t\t\t\t\t\t\t\t\t\t\t\t\t\t\t\t\t\t\t\t\t<\/div>\r\n\t\t\t\t\t\t\t\t\t\t\t\t\t\t\t\t\t\t\t<\/figcaption>\r\n\t\t\t\t\t\t\t\t<\/figure>\r\n\t\t\t\t\t\t\t<\/div>\r\n\t\t\t\t\t\t\t<\/a>\t\t\t\t\t\t\r\n\t\t\t\t\t<\/article>\r\n\t\t\t\t\t<article id=\"portfolio-15620-69d4d3e5eef9d\" class=\"grve-isotope-item grve-portfolio-item  post-15620 portfolio type-portfolio status-publish has-post-thumbnail hentry portfolio_category-1d-es portfolio_category-2d-es portfolio_category-3d-es portfolio_category-arquitectos portfolio_category-clientes portfolio_category-dimensiones portfolio_category-proyectos portfolio_category-sanidad\">\r\n\t\t\t\t\t\t\t\t\t\t\t\t\t\t\t\t\t<a href=\"https:\/\/bim6d.eu\/es\/portfolio\/ampliacion-del-hospital-de-sabadell\/\">\r\n\t\t\t\t\t\t\t\t\t\t<div class=\"grve-isotope-item-inner grve-zoomIn\">\r\n\t\t\t\t\t\t\t\t<figure class=\"grve-hover-style-1 grve-image-hover grve-zoom-none\">\r\n\t\t\t\t\t\t\t\t\t<div class=\"grve-media grve-bg-none\">\r\n\t\t\t\t\t\t\t\t\t\t\t\t\t\t\t\t\t\t\t\t<div class=\"grve-bg-light grve-hover-overlay grve-opacity-90\"><\/div>\r\n\t\t\t\t\t\t\t\t\t\t\t\t\t\t\t\t\t\t\t\t<img loading=\"lazy\" decoding=\"async\" width=\"600\" height=\"600\" src=\"https:\/\/bim6d.eu\/wp-content\/uploads\/2017\/09\/Captura-de-pantalla-2017-09-14-11.34.03-600x600.png\" class=\"attachment-blade-grve-small-square size-blade-grve-small-square\" alt=\"\" srcset=\"https:\/\/bim6d.eu\/wp-content\/uploads\/2017\/09\/Captura-de-pantalla-2017-09-14-11.34.03-600x600.png 600w, https:\/\/bim6d.eu\/wp-content\/uploads\/2017\/09\/Captura-de-pantalla-2017-09-14-11.34.03-150x150.png 150w, https:\/\/bim6d.eu\/wp-content\/uploads\/2017\/09\/Captura-de-pantalla-2017-09-14-11.34.03-300x300.png 300w, https:\/\/bim6d.eu\/wp-content\/uploads\/2017\/09\/Captura-de-pantalla-2017-09-14-11.34.03-100x100.png 100w\" sizes=\"(max-width: 600px) 100vw, 600px\" \/>\t\t\t\t\t\t\t\t\t<\/div>\r\n\t\t\t\t\t\t\t\t\t<figcaption class=\"grve-text-dark\">\r\n\t\t\t\t\t\t\t\t\t\t\t\t\t\t\t\t\t\t\t\t\t\t\t\t\t\t\t\t\t\t\t\t<div class=\"grve-portfolio-content\">\r\n\t\t\t\t\t\t\t\t\t\t\t\t\t\t\t\t\t\t\t\t\t\t\t\t<h2 class=\"grve-title grve-text-dark grve-h5\">AMPLIACI\u00d3N DEL HOSPITAL DE SABADELL<\/h2>\r\n\t\t\t\t\t\t\t\t\t\t\t\t\t\t\t\t\t\t\t\t\t\t\t\t\t\t\t\t\t\t\t\t\t\t\t<\/div>\r\n\t\t\t\t\t\t\t\t\t\t\t\t\t\t\t\t\t\t\t<\/figcaption>\r\n\t\t\t\t\t\t\t\t<\/figure>\r\n\t\t\t\t\t\t\t<\/div>\r\n\t\t\t\t\t\t\t<\/a>\t\t\t\t\t\t\r\n\t\t\t\t\t<\/article>\r\n\t\t\t\t<\/div>\r\n\t\t\t<\/div>\r\n\r\n\t\t[vc_empty_space height=\u00bb50&#8243;][\/vc_column][vc_column width=\u00bb3\/4&#8243; css=\u00bb.vc_custom_1613152810928{padding-right: 8% !important;padding-left: 8% !important;}\u00bb][vc_tta_accordion autoplay=\u00bb5&#8243; active_section=\u00bb1&#8243;][vc_tta_section title=\u00bbESTRATEGIA DIGITAL\u00bb tab_id=\u00bb1613071578028-1e2556fd-81e6&#8243;]<blockquote class=\"grve-element\" style=\"\"><p>El mundo est\u00e1 cambiando r\u00e1pidamente y exige profesionales preparados para los grandes retos tecnol\u00f3gicos, ya.<br \/>\nLas empresas tienen que definir c\u00f3mo quieren evolucionar hacia la nueva era de la tecnolog\u00eda. Somos expertos en integrar BIM a la estrategia digital de empresas y organizaciones.<\/p><\/blockquote>[\/vc_tta_section][vc_tta_section title=\u00bbNORMALIZACI\u00d3N BIM\u00bb tab_id=\u00bb1613487802638-d029f7d9-ecce\u00bb]<blockquote class=\"grve-element\" style=\"\"><p>Existe una gran variedad de directrices y normas que fijan patrones de uso en la tecnolog\u00eda BIM, es importante conocer las principales para permitir seleccionar los patrones conocidos adecuados en el desarrollo del proyecto BIM. Adaptarse a estos patrones nos aporta beneficios tales como disponer de documentaci\u00f3n y herramientas BIM suficientes para asumir estos est\u00e1ndares, colaborar eficazmente con otros equipos que participar\u00e1n en el proyecto y, al fin y al cabo, evitar perdernos en un mundo desconocido de improvisaci\u00f3n. A continuaci\u00f3n mencionamos algunas de las normas m\u00e1s conocidas:<\/p><\/blockquote>[vc_column_text]<\/p>\n<ul>\n<li><strong>IFC &#8211; Industry Foundation Classes &#8211; Es una plataforma neutral, un formato de archivo est\u00e1ndar y opensource, desarrollado para facilitar la interoperabilidad entre las cada vez m\u00e1s numerosas plataformas BIM (software), permitiendo as\u00ed generar modelos federados para la gesti\u00f3n que re\u00fanen la informaci\u00f3n del proyecto procedente de todas las disciplinas implicadas en el mismo.<\/strong><\/li>\n<li><strong>COBie &#8211; Construction Operations Building Information Exchange (Intercambio de informaci\u00f3n sobre operaciones de construcci\u00f3n de edificios) &#8211; Su objetivo es intercambiar informaci\u00f3n que se recopila durante la construcci\u00f3n para transmitirla al \u00e1mbito de Facility Managemet.<\/strong> COBie define la forma de estructurar esta informaci\u00f3n y los formatos que pueden utilizarse.<\/li>\n<li><strong>LOD &#8211; Nivel de Desarrollo &#8211; Es un par\u00e1metro que define el nivel de definici\u00f3n de la informaci\u00f3n en un elemento BIM.<\/strong> No es necesariamente la cantidad de informaci\u00f3n, sino la reilabilidad basada en criterios espec\u00edficos, y no est\u00e1 directamente asociada al desarrollo geom\u00e9trico de ese elemento BIM.<\/li>\n<li><strong>BCF &#8211; BIM Collaboration Format (Formato de colaboraci\u00f3n BIM) &#8211; Es un est\u00e1ndar abierto (archivo digital) para comunicar sobre los \u00abproblemas\u00bb de un modelo BIM durante su ciclo de dise\u00f1o.<\/strong> Resulta muy pr\u00e1ctico a la hora de compartir informaci\u00f3n del proyecto en tiempo real entre distintas plataformas BIM.<\/li>\n<li><strong>UNICLASS &#8211; Es un sistema de clasificaci\u00f3n unificado para todos los sectores de la industria de la construcci\u00f3n del Reino Unido.<\/strong> Uniclass permiti\u00f3 estructurar la informaci\u00f3n de los proyectos seg\u00fan una norma reconocida. Posteriormente, la versi\u00f3n original se revis\u00f3 a fondo para hacerla compatible con los procesos de modelado de informaci\u00f3n para la construcci\u00f3n (BIM).<\/li>\n<\/ul>\n<p>[\/vc_column_text][\/vc_tta_section][vc_tta_section title=\u00bbBIM PARA NUEVOS MODELOS DE NEGOCIO\u00bb tab_id=\u00bb1613149451999-fb2f4d0d-7218&#8243;]<blockquote class=\"grve-element\" style=\"\"><p>BIM es la oportunidad de digitalizar no s\u00f3lo un proyecto, sino tambi\u00e9n de digitalizar por completo una empresa AECO. Pero primero hay que entender que BIM no es un modelo ni un grupo de personas que crean modelos 3D de edificios. BIM forma parte del proceso de digitalizaci\u00f3n en el que todas las empresas pueden sacar provecho para crear nuevos negocios. Le explicaremos c\u00f3mo conseguirlo.<\/p><\/blockquote>[\/vc_tta_section][vc_tta_section title=\u00bbGESTI\u00d3N BIM\u00bb tab_id=\u00bb1613071624040-a66707f0-5e53&#8243;]<blockquote class=\"grve-element\" style=\"\"><p>El cliente final\/propietario debe contratar la gesti\u00f3n BIM para dirigir mejor los objetivos a la fase m\u00e1s importante de un proyecto, que es la explotaci\u00f3n y el mantenimiento para el rendimiento del edificio. Los requisitos BIM deben ser definidos por expertos que garanticen que todas las partes interesadas est\u00e1n creando conjuntos de datos y modelos BIM que se utilizar\u00e1n en beneficio del proyecto.<\/p><\/blockquote>[\/vc_tta_section][vc_tta_section title=\u00bbAUDITOR\u00cdA BIM Y CONTROL DE CALIDAD\u00bb tab_id=\u00bb1613490409167-7fd7616c-7201&#8243;][\/vc_tta_section][vc_tta_section title=\u00bbREQUISITOS DE INTERCAMBIO DE INFORMACI\u00d3N (EIR)\u00bb tab_id=\u00bb1613071578040-a459200a-ecad\u00bb]<blockquote class=\"grve-element\" style=\"\"><p>Los requisitos de intercambio de informaci\u00f3n definen c\u00f3mo deben crear BIM, los modelos digitales y la informaci\u00f3n todas las partes implicadas en el ciclo de vida del proyecto. El protocolo est\u00e1 destinado a organizaciones y empresas que quieran estandarizar el uso de BIM para m\u00faltiples prop\u00f3sitos y debe basarse en est\u00e1ndares, pero lo m\u00e1s importante es que EIR debe garantizar los objetivos de digitalizaci\u00f3n de la empresa que utiliza BIM.<\/p><\/blockquote>[\/vc_tta_section][vc_tta_section title=\u00bbPLAN DE EJECUCI\u00d3N BIM (BEP)\u00bb tab_id=\u00bb1613149391941-cfd3e43c-4757&#8243;]<blockquote class=\"grve-element\" style=\"\"><p>Un BEP es la traslaci\u00f3n del EIR (tema anterior) a un proyecto concreto, define la forma de llevar a cabo la metodolog\u00eda BIM y define aspectos t\u00e9cnicos para proporcionar a los equipos profesionales la forma de colaborar, los objetivos y entregables a conseguir entre otros aspectos t\u00e9cnicos. Recomendamos que las BEP sean digitales y, m\u00e1s que un documento impreso, utilizamos el concepto de \u00abBEP digital\u00bb como un conjunto de reglas de requisitos para automatizar las tareas de auditor\u00eda de los modelos con respecto a las BEP.<\/p><\/blockquote><div class=\"grve-element grve-align-left\"><a href=\"https:\/\/vimeo.com\/399620538\" title=\"AUDITOR\u00cdA DIGITAL BEP\" target=\"_blank\" class=\"grve-btn grve-btn-medium grve-square grve-bg-primary-1 grve-bg-hover-black grve-fullwidth-btn grve-fluid-btn-short\"><span>MUESTRA DIGITAL BEP CON FINES DE AUDITOR\u00cdA<\/span><\/a><\/div>[\/vc_tta_section][vc_tta_section title=\u00bbENTORNO COM\u00daN DE DATOS\u00bb tab_id=\u00bb1613149415634-eda4ba14-a599&#8243;]<blockquote class=\"grve-element\" style=\"\"><p>Definimos un CDE como \u00abUn lugar virtual \u00fanico, accesible y operable desde internet, para la gesti\u00f3n de los modelos federados BIM, la informaci\u00f3n que genera BIM (gr\u00e1fica y no gr\u00e1fica), los procesos evolutivos del proyecto, los roles de los agentes implicados y sus comunicaciones, de forma estructurada y direccionada hacia la consecuci\u00f3n de los objetivos del proyecto.\u00bb<br \/>\nRecomendamos utilizar la plataforma Autodesk BIM360 como CDE pero existen m\u00faltiples capaces de colaborar en BIM de forma remota \/ efectiva \/ inteligente y colaborativa.<\/p><\/blockquote><div class=\"grve-element grve-align-left\"><a href=\"http:\/\/bim6d.eu\/bim1d\/common-data-environment\/\" title=\"MODELADO BIM\" class=\"grve-btn grve-btn-medium grve-square grve-bg-primary-1 grve-bg-hover-black grve-fullwidth-btn grve-fluid-btn-short\"><span>more information<\/span><\/a><\/div>[\/vc_tta_section][vc_tta_section title=\u00bbINTEGRACI\u00d3N BIM CON OTROS SISTEMAS\u00bb tab_id=\u00bb1613149610250-f0b50800-bb03&#8243;]<blockquote class=\"grve-element\" style=\"\"><p>Automatizaci\u00f3n, big data, gesti\u00f3n de instalaciones, coordinaci\u00f3n de proyectos, implementaci\u00f3n de est\u00e1ndares, innovaci\u00f3n y digitaltwin son solo algunos de los temas en los que estamos especializados y el uso de BIM como integraci\u00f3n a m\u00faltiples sistemas y tecnolog\u00edas existentes proporcionar\u00e1 una forma nueva y m\u00e1s eficaz de alcanzar los objetivos.<\/p><\/blockquote>[\/vc_tta_section][\/vc_tta_accordion][vc_empty_space height=\u00bb25&#8243;][\/vc_column][\/vc_row]<\/p>\n","protected":false},"excerpt":{"rendered":"<p>[vc_row section_type=\u00bbfullwidth\u00bb bg_type=\u00bbcolor\u00bb header_feature=\u00bbyes\u00bb equal_column_height=\u00bbmiddle-content\u00bb padding_top=\u00bb0&#8243; padding_bottom=\u00bb0&#8243; bg_color=\u00bb#ff9900&#8243; font_color=\u00bb#ffffff\u00bb][vc_column width=\u00bb1\/4&#8243;][vc_empty_space height=\u00bb50&#8243;][vc_empty_space height=\u00bb50&#8243;][\/vc_column][vc_column width=\u00bb3\/4&#8243; font_color=\u00bb#ffffff\u00bb css=\u00bb.vc_custom_1613152630793{padding-right: 8% !important;padding-left: 8% !important;}\u00bb][vc_empty_space height=\u00bb75&#8243;][vc_column_text] ESTRATEGIA DE DIGITALIZACI\u00d3N PUNTO DE RAYADO En la dimensi\u00f3n 1D no necesitamos modelos BIM o 3D, necesitamos definir qu\u00e9 esperamos de ellos y c\u00f3mo necesitamos utilizar la digitalizaci\u00f3n en beneficio de los objetivos del proyecto [&hellip;]<\/p>\n","protected":false},"author":1,"featured_media":0,"parent":15777,"menu_order":0,"comment_status":"closed","ping_status":"closed","template":"","meta":{"om_disable_all_campaigns":false,"_monsterinsights_skip_tracking":false,"_monsterinsights_sitenote_active":false,"_monsterinsights_sitenote_note":"","_monsterinsights_sitenote_category":0,"footnotes":""},"class_list":["post-15780","page","type-page","status-publish","hentry"],"aioseo_notices":[],"_links":{"self":[{"href":"https:\/\/bim6d.eu\/es\/wp-json\/wp\/v2\/pages\/15780"}],"collection":[{"href":"https:\/\/bim6d.eu\/es\/wp-json\/wp\/v2\/pages"}],"about":[{"href":"https:\/\/bim6d.eu\/es\/wp-json\/wp\/v2\/types\/page"}],"author":[{"embeddable":true,"href":"https:\/\/bim6d.eu\/es\/wp-json\/wp\/v2\/users\/1"}],"replies":[{"embeddable":true,"href":"https:\/\/bim6d.eu\/es\/wp-json\/wp\/v2\/comments?post=15780"}],"version-history":[{"count":2,"href":"https:\/\/bim6d.eu\/es\/wp-json\/wp\/v2\/pages\/15780\/revisions"}],"predecessor-version":[{"id":15782,"href":"https:\/\/bim6d.eu\/es\/wp-json\/wp\/v2\/pages\/15780\/revisions\/15782"}],"up":[{"embeddable":true,"href":"https:\/\/bim6d.eu\/es\/wp-json\/wp\/v2\/pages\/15777"}],"wp:attachment":[{"href":"https:\/\/bim6d.eu\/es\/wp-json\/wp\/v2\/media?parent=15780"}],"curies":[{"name":"wp","href":"https:\/\/api.w.org\/{rel}","templated":true}]}}