{"id":15783,"date":"2021-02-12T20:04:25","date_gmt":"2021-02-12T20:04:25","guid":{"rendered":"https:\/\/bim6d.eu\/servicios-digitales-por-dimensiones\/bim1d\/entorno-comun-de-datos\/"},"modified":"2024-06-04T20:28:08","modified_gmt":"2024-06-04T20:28:08","slug":"entorno-comun-de-datos","status":"publish","type":"page","link":"https:\/\/bim6d.eu\/es\/servicios-digitales-por-dimensiones\/bim1d\/entorno-comun-de-datos\/","title":{"rendered":"ENTORNO COM\u00daN DE DATOS"},"content":{"rendered":"<p>[vc_row][vc_column][vc_column_text]Desde el origen de la concepci\u00f3n de un proyecto hasta el final de su ciclo de vida, el proyecto debe evolucionar y reaccionar a trav\u00e9s de la toma de decisiones de los responsables o l\u00edderes junto con la informaci\u00f3n necesaria para esta evoluci\u00f3n. Se trata, por tanto, de gestionar la informaci\u00f3n del proyecto necesaria para su finalidad de la mejor manera posible, de forma coordinada y direccional, y de la eficacia de este proceso evolutivo depende el \u00e9xito o el fracaso del proyecto.<\/p>\n<p>Con el uso de BIM se genera informaci\u00f3n cada vez m\u00e1s abundante, compleja y de forma m\u00e1s r\u00e1pida, siendo necesarias sofisticadas herramientas tecnol\u00f3gicas para gestionar esta informaci\u00f3n y transmitirla de forma eficiente y comprensible a los agentes implicados. Sin duda, BIM se encamina a ser una tecnolog\u00eda en s\u00ed misma con autonom\u00eda suficiente para generar proyectos m\u00e1s eficientes.<\/p>\n<p>Siempre hemos utilizado herramientas y sistemas de comunicaci\u00f3n que facilitan el progreso del proyecto, pero desde la llegada del BIM, estas herramientas tambi\u00e9n est\u00e1n evolucionando y se est\u00e1n integrando cada vez m\u00e1s para convertirse en una \u00fanica estructura.<\/p>\n<p>Hoy en d\u00eda utilizamos multitud de sistemas que ya son entornos colaborativos habituales, desde un servidor que gestiona m\u00faltiples ordenadores en una red local, el correo electr\u00f3nico, plataformas ftp para el intercambio de archivos entre oficinas en diferentes ubicaciones, plataformas de sincronizaci\u00f3n en la nube, sistemas virtualizados, incluso el programa de chat que tenemos en nuestros m\u00f3viles son herramientas muy potentes para intercambiar informaci\u00f3n relacionada con un proyecto de una forma muy eficiente. Todos ellos en su evoluci\u00f3n dependen de Internet.<\/p>\n<p><span style=\"font-family: inherit; font-size: inherit; font-style: inherit; font-variant-ligatures: inherit; font-variant-caps: inherit; font-weight: inherit;\">El problema es que todas estas herramientas funcionan por separado, y una vez m\u00e1s corremos el riesgo de perder informaci\u00f3n, no transmitirla correctamente a todos los necesarios, duplicar versiones y complicar los flujos de trabajo al no simplificar e integrar estas herramientas para todos los implicados. Adem\u00e1s, estas herramientas deben formar parte de la metodolog\u00eda BIM, deben ser capaces de trabajar con el modelo como punto de partida y, en nuestra opini\u00f3n, trabajar de forma bidireccional desde el modelo a las fuentes externas de informaci\u00f3n.<\/span><\/p>\n<p>Por eso podemos definir el entorno com\u00fan de datos como:[\/vc_column_text][\/vc_column][\/vc_row][vc_row][vc_column]<blockquote class=\"grve-element\" style=\"\"><p>Un lugar virtual \u00fanico, accesible y operable desde internet, para la gesti\u00f3n de los modelos federados BIM, la informaci\u00f3n que genera BIM (gr\u00e1fica y no gr\u00e1fica), los procesos evolutivos del proyecto, los roles de los agentes implicados y sus comunicaciones, de forma estructurada y direccionada hacia la consecuci\u00f3n de los objetivos del proyecto.<\/p><\/blockquote>[\/vc_column][\/vc_row][vc_row][vc_column][vc_column_text]El CDE (Entorno Com\u00fan de Datos) proporciona un entorno de colaboraci\u00f3n en el que los equipos pueden compartir su trabajo y archivos para el proceso de gesti\u00f3n de la informaci\u00f3n. El CDE podr\u00eda constar de m\u00e1s de un sistema configurado para cumplir los requisitos definidos en normas como la ISO 19650. Este documento presenta el proceso de gesti\u00f3n dentro del CDE necesario para facilitar la entrega de la informaci\u00f3n necesaria sobre el proyecto. Este proceso es claramente direccional desde la fase denominada CAPEX (Capital Expediture) que comienza definiendo las estrategias del proyecto que se reflejar\u00e1n en el BIM Execution Plan, hasta el inicio del OPEX (Operational Expediture) donde comienza la fase de Operaciones y Mantenimiento en el uso del edificio o infraestructura (Activo).<\/p>\n<h6>Las ventajas de utilizar un CDE son las siguientes<\/h6>\n<ul>\n<li>La propiedad de la informaci\u00f3n generada (maquetas, documentaci\u00f3n gr\u00e1fica y no gr\u00e1fica) est\u00e1 garantizada y permanece con sus creadores, aunque se comparta y reutilice, s\u00f3lo quien la genera est\u00e1 autorizado a intercambiarla.<\/li>\n<li>La informaci\u00f3n compartida reduce la producci\u00f3n de informaci\u00f3n coordinada en tiempo y coste (modelos federados)<\/li>\n<li>Se puede generar cualquier cantidad y variedad de documentos y conjuntos de datos a partir de la combinaci\u00f3n de distintos modelos de trabajo.<\/li>\n<\/ul>\n<p>If information sharing procedures are continuously, regularly and appropriately updated by the design teams, spatial coordination of the model is an advantage provided by the use of the EDC.<\/p>\n<p>Si los procedimientos para compartir la informaci\u00f3n son realizados peri\u00f3dicamente por los equipos implicados, la coordinaci\u00f3n espacial del modelo es una ventaja que proporciona el uso del CDE.<\/p>\n<p>La informaci\u00f3n puede utilizarse para la planificaci\u00f3n de la construcci\u00f3n (4D), la estimaci\u00f3n de costes (5D), la eficiencia y la sostenibilidad o la gesti\u00f3n de instalaciones (6D), entre otros posibles usos. El flujo colaborativo de informaci\u00f3n relacionada con el proyecto se desarrolla dentro del CDE, que evoluciona al mismo tiempo que las fases del proyecto, desde un proyecto esquem\u00e1tico, un modelo detallado para la construcci\u00f3n, hasta un modelo que simula el uso del proyecto con gr\u00e1ficos y no gr\u00e1ficos.[\/vc_column_text][\/vc_column][\/vc_row][vc_row][vc_column]<div class=\"grve-element grve-image grve-align-center\" style=\"\"><img loading=\"lazy\" decoding=\"async\" width=\"1900\" height=\"958\" src=\"https:\/\/bim6d.eu\/wp-content\/uploads\/2021\/02\/CDE_001.png\" class=\"grve-full-image attachment-full size-full\" alt=\"\" srcset=\"https:\/\/bim6d.eu\/wp-content\/uploads\/2021\/02\/CDE_001.png 1900w, https:\/\/bim6d.eu\/wp-content\/uploads\/2021\/02\/CDE_001-300x151.png 300w, https:\/\/bim6d.eu\/wp-content\/uploads\/2021\/02\/CDE_001-1024x516.png 1024w, https:\/\/bim6d.eu\/wp-content\/uploads\/2021\/02\/CDE_001-768x387.png 768w, https:\/\/bim6d.eu\/wp-content\/uploads\/2021\/02\/CDE_001-1536x774.png 1536w, https:\/\/bim6d.eu\/wp-content\/uploads\/2021\/02\/CDE_001-600x303.png 600w\" sizes=\"(max-width: 1900px) 100vw, 1900px\" \/><\/div>[\/vc_column][\/vc_row][vc_row][vc_column][vc_column_text]Al tratarse de un entorno \u00fanico en el que convergen diferentes disciplinas, intereses y acciones de colaboraci\u00f3n, este sistema debe facilitar la interoperabilidad entre las distintas plataformas inform\u00e1ticas y basarse en formatos accesibles de est\u00e1ndares abiertos. El formato est\u00e1ndar reconocido en los sistemas BIM que contiene la informaci\u00f3n gr\u00e1fica y de metadatos necesaria para definir el proyecto es el <strong>IFC<\/strong> (Industry Foundation Classes), un formato que hoy garantiza la interoperabilidad entre las distintas plataformas comerciales que trabajan en BIM.<\/p>\n<p>Existen otros formatos a tener en cuenta y estudiar su aplicaci\u00f3n como el <strong>BCF<\/strong> (Formato de Colaboraci\u00f3n Bim) que proporciona informaci\u00f3n sobre la coordinaci\u00f3n de modelos federados para la resoluci\u00f3n de conflictos detectados en la revisi\u00f3n del proyecto, y el <strong>COBie<\/strong>  (<a href=\"http:\/\/www.designingbuildings.co.uk\/wiki\/Construction_Operations_Building_Information_Exchange\" target=\"_blank\" rel=\"noopener\">Operaciones de construcci\u00f3n Intercambio de informaci\u00f3n sobre edificios<\/a>) que define la informaci\u00f3n del proyecto necesaria para una gesti\u00f3n adecuada de los activos en la fase de explotaci\u00f3n y mantenimiento.<\/p>\n<h6>El entorno de colaboraci\u00f3n com\u00fan deber\u00eda:<\/h6>\n<ul>\n<li>Ser un espacio \u00fanico para gestionar un proyecto.<\/li>\n<li>Ser accesible y operable desde Internet de forma abierta.<\/li>\n<li>Garantizar la correcta coordinaci\u00f3n y distribuci\u00f3n de la informaci\u00f3n del proyecto.<\/li>\n<li>Almacenar adecuadamente la documentaci\u00f3n v\u00e1lida y \u00fatil del proyecto durante toda su vida \u00fatil.<\/li>\n<li>Permitir la visualizaci\u00f3n y el control del modelo federado en formatos BIM est\u00e1ndar.<\/li>\n<li>Garantizar la propiedad y autor\u00eda de los modelos y la informaci\u00f3n del proyecto por parte de sus creadores.<\/li>\n<li>Servir para justificar la entrega de la documentaci\u00f3n requerida por los equipos.<\/li>\n<li>Servir para validar y aprobar la documentaci\u00f3n presentada requerida por los equipos.<\/li>\n<li>Definir las funciones, responsabilidades y derechos de cada equipo y persona implicada en el proyecto. Por ello, debe contener el BIM Execution Plan como documento que defina los usos y estrategias en el desarrollo del proyecto.<\/li>\n<\/ul>\n<p>[\/vc_column_text][\/vc_column][\/vc_row]<\/p>\n","protected":false},"excerpt":{"rendered":"<p>[vc_row][vc_column][vc_column_text]Desde el origen de la concepci\u00f3n de un proyecto hasta el final de su ciclo de vida, el proyecto debe evolucionar y reaccionar a trav\u00e9s de la toma de decisiones de los responsables o l\u00edderes junto con la informaci\u00f3n necesaria para esta evoluci\u00f3n. Se trata, por tanto, de gestionar la informaci\u00f3n del proyecto necesaria para [&hellip;]<\/p>\n","protected":false},"author":1,"featured_media":0,"parent":15780,"menu_order":0,"comment_status":"closed","ping_status":"closed","template":"","meta":{"om_disable_all_campaigns":false,"_monsterinsights_skip_tracking":false,"_monsterinsights_sitenote_active":false,"_monsterinsights_sitenote_note":"","_monsterinsights_sitenote_category":0,"footnotes":""},"class_list":["post-15783","page","type-page","status-publish","hentry"],"aioseo_notices":[],"_links":{"self":[{"href":"https:\/\/bim6d.eu\/es\/wp-json\/wp\/v2\/pages\/15783"}],"collection":[{"href":"https:\/\/bim6d.eu\/es\/wp-json\/wp\/v2\/pages"}],"about":[{"href":"https:\/\/bim6d.eu\/es\/wp-json\/wp\/v2\/types\/page"}],"author":[{"embeddable":true,"href":"https:\/\/bim6d.eu\/es\/wp-json\/wp\/v2\/users\/1"}],"replies":[{"embeddable":true,"href":"https:\/\/bim6d.eu\/es\/wp-json\/wp\/v2\/comments?post=15783"}],"version-history":[{"count":2,"href":"https:\/\/bim6d.eu\/es\/wp-json\/wp\/v2\/pages\/15783\/revisions"}],"predecessor-version":[{"id":15785,"href":"https:\/\/bim6d.eu\/es\/wp-json\/wp\/v2\/pages\/15783\/revisions\/15785"}],"up":[{"embeddable":true,"href":"https:\/\/bim6d.eu\/es\/wp-json\/wp\/v2\/pages\/15780"}],"wp:attachment":[{"href":"https:\/\/bim6d.eu\/es\/wp-json\/wp\/v2\/media?parent=15783"}],"curies":[{"name":"wp","href":"https:\/\/api.w.org\/{rel}","templated":true}]}}