{"id":15795,"date":"2020-09-23T09:59:37","date_gmt":"2020-09-23T09:59:37","guid":{"rendered":"https:\/\/bim6d.eu\/servicios-digitales-por-dimensiones\/bim3d\/modelado-bim\/"},"modified":"2024-06-05T07:59:21","modified_gmt":"2024-06-05T07:59:21","slug":"modelado-bim","status":"publish","type":"page","link":"https:\/\/bim6d.eu\/es\/servicios-digitales-por-dimensiones\/bim3d\/modelado-bim\/","title":{"rendered":"MODELADO BIM"},"content":{"rendered":"<p>[vc_row bg_type=\u00bbcolor\u00bb header_feature=\u00bbyes\u00bb equal_column_height=\u00bbmiddle-content\u00bb bg_color=\u00bb#ff9900&#8243; padding_top=\u00bb70&#8243; padding_bottom=\u00bb100&#8243;][vc_column tablet_sm_width=\u00bb1&#8243;]<h3 class=\"grve-element grve-typed-text grve-align-left grve-h3\" style=\"\">    <span class=\"grve-typed-text-prefix\"> CREAMOS MODELOS BIM DE ALTA CALIDAD PARA<\/span>    <span class=\"grve-animated-text grve-text-white\">    \t<span id=\"grve-typed-item-69ef59d0a7705\"><\/span>    <\/span>    <span class=\"grve-typed-text-suffix\"> <\/span><script type=\"text\/javascript\">\r\n\t\t\t\tjQuery(function($){ $(\"#grve-typed-item-69ef59d0a7705\").typed({\r\n\t\t\t\t\tstrings: [\"HOSPITALES\",\"RASCACIELOS\",\"AEROPUERTOS\",\"INFRAESTRUCTURAS\",\"EDIFICIOS DE OFICINAS\",\"CENTROS LOG\u00cdSTICOS\",\"NAVES INDUSTRIALES\",\"VIVIENDAS\",\"INSTALACIONES DEPORTIVAS\",\"ARQUITECTOS\",\"INGENIEROS MEP\",\"INGENIEROS DE ESTRUCTURAS\",\"INGENIEROS CIVILES\",\"EMPRESAS CONSTRUCTORAS\",\"FACILITY MANAGEMENT\",\"MODELIZACI\u00d3N ENERG\u00c9TICA\",\"INMOBILIARIAS\",\"PROPIETARIOS\",\"ORGANIZACIONES\",\"MEDICIONES\",\"INTEGRACI\u00d3N VR\/AR\",\"\",\"\"],\r\n\t\t\t\t\ttypeSpeed: 100,\r\n\t\t\t\t\tbackSpeed: 80,\r\n\t\t\t\t\tstartDelay: 0,\r\n\t\t\t\t\tbackDelay: 500,\r\n\t\t\t\t\tloop: true,\r\n\t\t\t\t\tloopCount: false,\r\n\t\t\t\t\tshowCursor: true,\r\n\t\t\t\t\tcursorChar: \"_\",\r\n\t\t\t\t\tcontentType: null,\r\n\t\t\t\t\tattr: null\r\n\t\t\t\t});\r\n\t\t\t});\r\n\t\t<\/script><\/h3>[\/vc_column][\/vc_row][vc_row section_type=\u00bbfullwidth\u00bb bg_type=\u00bbcolor\u00bb bg_color=\u00bb#ffffff\u00bb font_color=\u00bb#0a0a0a\u00bb][vc_column css=\u00bb.vc_custom_1614009125338{padding-right: 8% !important;padding-left: 8% !important;}\u00bb]<div class=\"grve-element grve-image-text grve-animated-item grve-fadeInRight\" style=\"\" data-delay=\"200\"><div class=\"grve-image grve-position-left\">\t<a class=\"grve-image-popup\" href=\"https:\/\/bim6d.eu\/wp-content\/uploads\/2021\/02\/BIM-TOPICS-BY-STAGES-1920x1305.jpg\"><img loading=\"lazy\" decoding=\"async\" width=\"2560\" height=\"1740\" src=\"https:\/\/bim6d.eu\/wp-content\/uploads\/2021\/02\/BIM-TOPICS-BY-STAGES-scaled.jpg\" class=\"grve-full-image attachment-full size-full\" alt=\"\" srcset=\"https:\/\/bim6d.eu\/wp-content\/uploads\/2021\/02\/BIM-TOPICS-BY-STAGES-scaled.jpg 1x,https:\/\/bim6d.eu\/wp-content\/uploads\/2021\/02\/BIM-TOPICS-BY-STAGES-scaled.jpg 2x\" \/>\t<\/a><\/div>  <div class=\"grve-content grve-position-right grve-align-left\"><h3 class=\"grve-h3\">ENCUENTRE SU \u00c1MBITO BIM<\/h3>  <p>BIM6D crea y gestiona modelos digitales de informaci\u00f3n en 3D. Se utilizan para optimizar el desarrollo reduciendo riesgos, costes y plazos, y permitiendo una mayor calidad en todas las fases del ciclo de vida del proyecto.<\/p>\n<p>Desarrollamos modelos BIM realmente adaptados a los requisitos del proyecto. As\u00ed, en funci\u00f3n de la fase, el nivel de desarrollo, las necesidades de datos, la tipolog\u00eda del proyecto y el calendario o los aspectos contractuales, nos adaptamos para ofrecer resultados de alto nivel.<\/p>\n<p>Nuestra recomendaci\u00f3n es que antes de empezar a modelar, defina su estrategia BIM \/ digital en funci\u00f3n de estos m\u00faltiples factores a tener en cuenta. Podemos ayudarle a orientar y crear con usted una estrategia BIM orientada a sus necesidades. As\u00ed que a partir de este BIM todos los requisitos estar\u00e1n m\u00e1s claros y comprometidos con los resultados.<\/p>  <\/div><\/div>[\/vc_column][\/vc_row][vc_row heading_color=\u00bblight\u00bb section_type=\u00bbfullwidth\u00bb bg_type=\u00bbimage\u00bb bg_image=\u00bb13075&#8243; bg_image_type=\u00bbparallax\u00bb parallax_sensor=\u00bb350&#8243; color_overlay=\u00bbdark\u00bb opacity_overlay=\u00bb50&#8243; column_gap=\u00bb10&#8243; scroll_header_style=\u00bblight\u00bb font_color=\u00bb#ffffff\u00bb padding_top=\u00bb50&#8243; padding_bottom=\u00bb50&#8243; margin_bottom=\u00bb0&#8243;][vc_column]<div class=\"grve-element grve-slogan grve-align-center grve-animated-item grve-fadeInUp\" style=\"\" data-delay=\"200\"><h2 class=\"grve-slogan-title grve-align-center grve-h2\"><span>COLABORAMOS EN BIM CON USTED<\/span><\/h2>  <p class=\"grve-leader-text\">Ofrecemos nuestra experiencia en m\u00faltiples \u00e1reas<\/p><\/div>[\/vc_column][vc_column width=\u00bb1\/4&#8243; tablet_sm_width=\u00bb1&#8243; heading_color=\u00bblight\u00bb css=\u00bb.vc_custom_1614441092684{padding-top: 30px !important;padding-right: 30px !important;padding-bottom: 30px !important;padding-left: 30px !important;}\u00bb font_color=\u00bb#ffffff\u00bb][vc_row_inner][vc_column_inner css=\u00bb.vc_custom_1614438386676{border-top-width: 5px !important;border-right-width: 5px !important;border-bottom-width: 5px !important;border-left-width: 5px !important;padding-top: 15px !important;padding-right: 15px !important;padding-bottom: 15px !important;padding-left: 15px !important;border-left-color: #ffffff !important;border-left-style: solid !important;border-right-color: #ffffff !important;border-right-style: solid !important;border-top-color: #ffffff !important;border-top-style: solid !important;border-bottom-color: #ffffff !important;border-bottom-style: solid !important;border-radius: 20px !important;}\u00bb]<div class=\"grve-element grve-box-icon grve-align-center grve-medium grve-animated-item grve-zoomIn\" style=\"\" data-delay=\"400\"><div class=\"grve-image-icon\"><img loading=\"lazy\" decoding=\"async\" width=\"177\" height=\"117\" src=\"https:\/\/bim6d.eu\/wp-content\/uploads\/2021\/02\/BIM-OWNERS-PEOPLE.png\" class=\"attachment-full size-full\" alt=\"\" srcset=\"\" \/><\/div>  <div class=\"grve-box-content\">      <h2 class=\"grve-box-title grve-h2\">BIM PARA ORGANIZACIONES DE PROPIETARIOS<\/h2>    <p class=\"grve-leader-text\">BIM AUDIT MANAGEMENT<br \/>\nBIM PARA LA GESTI\u00d3N DE INSTALACIONES<br \/>\nESCANEAR A BIM<br \/>\nMODELIZACI\u00d3N DEL ESTADO REAL<\/p>  <\/div><\/div><div class=\"grve-element grve-counter grve-align-center grve-animated-item grve-fadeInUp\" style=\"\" data-delay=\"400\">  <div class=\"grve-counter-content\">    <div class=\"grve-counter-item grve-text-white grve-small\">      <span data-thousands-separator-vis=\"\" data-thousands-separator=\",\" data-prefix=\"+\" data-suffix=\"\" data-start-val=\"0\" data-end-val=\"4730\" data-decimal-points=\"0\" data-decimal-separator=\".\" >0<\/span>    <\/div>\t<h3 class=\"grve-counter-title grve-h6\">Horas<\/h3>  <\/div><\/div>[\/vc_column_inner][\/vc_row_inner][\/vc_column][vc_column width=\u00bb1\/4&#8243; tablet_sm_width=\u00bb1&#8243; heading_color=\u00bblight\u00bb css=\u00bb.vc_custom_1614438148853{padding-top: 30px !important;padding-right: 30px !important;padding-bottom: 30px !important;padding-left: 30px !important;}\u00bb font_color=\u00bb#ffffff\u00bb][vc_row_inner][vc_column_inner css=\u00bb.vc_custom_1614438402120{border-top-width: 5px !important;border-right-width: 5px !important;border-bottom-width: 5px !important;border-left-width: 5px !important;padding-top: 15px !important;padding-right: 15px !important;padding-bottom: 15px !important;padding-left: 15px !important;border-left-color: #ffffff !important;border-left-style: solid !important;border-right-color: #ffffff !important;border-right-style: solid !important;border-top-color: #ffffff !important;border-top-style: solid !important;border-bottom-color: #ffffff !important;border-bottom-style: solid !important;border-radius: 20px !important;}\u00bb]<div class=\"grve-element grve-box-icon grve-align-center grve-medium grve-animated-item grve-zoomIn\" style=\"\" data-delay=\"400\"><div class=\"grve-image-icon\"><img loading=\"lazy\" decoding=\"async\" width=\"229\" height=\"117\" src=\"https:\/\/bim6d.eu\/wp-content\/uploads\/2021\/02\/BIM-COLLABORATION-PEOPLE.png\" class=\"attachment-full size-full\" alt=\"\" srcset=\"\" \/><\/div>  <div class=\"grve-box-content\">      <h2 class=\"grve-box-title grve-h2\">BIM EN COLABORACI\u00d3N<\/h2>    <p class=\"grve-leader-text\">BIM PARA ARQUITECTOS<br \/>\nBIM PARA ESTRUCTURAS<br \/>\nMODELADO BIM MEP<br \/>\nCOORDINACI\u00d3N BIM<\/p>  <\/div><\/div><div class=\"grve-element grve-counter grve-align-center grve-animated-item grve-fadeInUp\" style=\"\" data-delay=\"600\">  <div class=\"grve-counter-content\">    <div class=\"grve-counter-item grve-text-white grve-small\">      <span data-thousands-separator-vis=\"\" data-thousands-separator=\",\" data-prefix=\"+\" data-suffix=\"\" data-start-val=\"0\" data-end-val=\"27950\" data-decimal-points=\"0\" data-decimal-separator=\".\" >0<\/span>    <\/div>\t<h3 class=\"grve-counter-title grve-h6\">Horas<\/h3>  <\/div><\/div>[\/vc_column_inner][\/vc_row_inner][\/vc_column][vc_column width=\u00bb1\/4&#8243; tablet_sm_width=\u00bb1&#8243; heading_color=\u00bblight\u00bb css=\u00bb.vc_custom_1614438132164{padding-top: 30px !important;padding-right: 30px !important;padding-bottom: 30px !important;padding-left: 30px !important;}\u00bb][vc_row_inner][vc_column_inner css=\u00bb.vc_custom_1614438412719{border-top-width: 5px !important;border-right-width: 5px !important;border-bottom-width: 5px !important;border-left-width: 5px !important;padding-top: 15px !important;padding-right: 15px !important;padding-bottom: 15px !important;padding-left: 15px !important;border-left-color: #ffffff !important;border-left-style: solid !important;border-right-color: #ffffff !important;border-right-style: solid !important;border-top-color: #ffffff !important;border-top-style: solid !important;border-bottom-color: #ffffff !important;border-bottom-style: solid !important;border-radius: 20px !important;}\u00bb]<div class=\"grve-element grve-box-icon grve-align-center grve-medium grve-animated-item grve-zoomIn\" style=\"\" data-delay=\"400\"><div class=\"grve-image-icon\"><img loading=\"lazy\" decoding=\"async\" width=\"177\" height=\"127\" src=\"https:\/\/bim6d.eu\/wp-content\/uploads\/2021\/02\/BIM-INDUSTRIAL-PEOPLE.png\" class=\"attachment-full size-full\" alt=\"\" srcset=\"\" \/><\/div>  <div class=\"grve-box-content\">      <h2 class=\"grve-box-title grve-h2\">BIM PARA LA INDUSTRIA<\/h2>    <p class=\"grve-leader-text\">MODELO CONSTRUIDO<br \/>\nMODELADO DE OBJETOS BIM<br \/>\nBIM PARA PREFABRICACI\u00d3N<br \/>\nBIM INDUSTRIAL<br \/>\n<\/p>  <\/div><\/div><div class=\"grve-element grve-counter grve-align-center grve-animated-item grve-fadeInUp\" style=\"\" data-delay=\"800\">  <div class=\"grve-counter-content\">    <div class=\"grve-counter-item grve-text-white grve-small\">      <span data-thousands-separator-vis=\"\" data-thousands-separator=\",\" data-prefix=\"+\" data-suffix=\"\" data-start-val=\"0\" data-end-val=\"6450\" data-decimal-points=\"0\" data-decimal-separator=\".\" >0<\/span>    <\/div>\t<h3 class=\"grve-counter-title grve-h6\">Horas<\/h3>  <\/div><\/div>[\/vc_column_inner][\/vc_row_inner][\/vc_column][vc_column width=\u00bb1\/4&#8243; heading_color=\u00bblight\u00bb css=\u00bb.vc_custom_1614441088539{padding-top: 30px !important;padding-right: 30px !important;padding-bottom: 30px !important;padding-left: 30px !important;}\u00bb font_color=\u00bb#ffffff\u00bb][vc_row_inner][vc_column_inner css=\u00bb.vc_custom_1614438412719{border-top-width: 5px !important;border-right-width: 5px !important;border-bottom-width: 5px !important;border-left-width: 5px !important;padding-top: 15px !important;padding-right: 15px !important;padding-bottom: 15px !important;padding-left: 15px !important;border-left-color: #ffffff !important;border-left-style: solid !important;border-right-color: #ffffff !important;border-right-style: solid !important;border-top-color: #ffffff !important;border-top-style: solid !important;border-bottom-color: #ffffff !important;border-bottom-style: solid !important;border-radius: 20px !important;}\u00bb]<div class=\"grve-element grve-box-icon grve-align-center grve-medium grve-animated-item grve-zoomIn\" style=\"\" data-delay=\"400\"><div class=\"grve-image-icon\"><img loading=\"lazy\" decoding=\"async\" width=\"177\" height=\"117\" src=\"https:\/\/bim6d.eu\/wp-content\/uploads\/2021\/02\/BIM-INNOVATION-PEOPLE.png\" class=\"attachment-full size-full\" alt=\"\" srcset=\"\" \/><\/div>  <div class=\"grve-box-content\">      <h2 class=\"grve-box-title grve-h2\">BIM PARA NUEVOS SERVICIOS<\/h2>    <p class=\"grve-leader-text\">INTEGRACI\u00d3N VR \/ AR BIM<br \/>\nBIM PARA SIMULACIONES<br \/>\nFLUJOS DE TRABAJO DE AUTOMATIZACI\u00d3N BIM<br \/>\nBIM PARA GEMELOS DIGITALES<\/p>  <\/div><\/div><div class=\"grve-element grve-counter grve-align-center grve-animated-item grve-fadeInUp\" style=\"\" data-delay=\"1000\">  <div class=\"grve-counter-content\">    <div class=\"grve-counter-item grve-text-white grve-small\">      <span data-thousands-separator-vis=\"\" data-thousands-separator=\",\" data-prefix=\"+\" data-suffix=\"\" data-start-val=\"0\" data-end-val=\"3780\" data-decimal-points=\"0\" data-decimal-separator=\".\" >0<\/span>    <\/div>\t<h3 class=\"grve-counter-title grve-h6\">Horas<\/h3>  <\/div><\/div>[\/vc_column_inner][\/vc_row_inner][\/vc_column][\/vc_row][vc_row section_type=\u00bbfullwidth\u00bb margin_bottom=\u00bb0&#8243;][vc_column]<div class=\"grve-element grve-hr \" style=\"\"><div class=\"grve-line-divider\"><\/div><\/div>[\/vc_column][\/vc_row][vc_row bg_type=\u00bbcolor\u00bb footer_feature=\u00bbyes\u00bb equal_column_height=\u00bbmiddle-content\u00bb bg_color=\u00bb#f7f7f7&#8243; padding_top=\u00bb50&#8243; padding_bottom=\u00bb50&#8243; margin_bottom=\u00bb0&#8243;][vc_column width=\u00bb1\/3&#8243; tablet_sm_width=\u00bb1&#8243;]<div class=\"grve-element grve-slogan grve-align-left grve-animated-item grve-fadeInLeft\" style=\"\" data-delay=\"200\"><div class=\"grve-subtitle\">BIM basado en sus necesidades<\/div><h2 class=\"grve-slogan-title grve-align-left grve-h2\"><span>Sus necesidades son nuestros retos<\/span><\/h2>  <p class=\"\">BIM<\/p><\/div>[\/vc_column][vc_column width=\u00bb1\/3&#8243; tablet_sm_width=\u00bb1-2&#8243;]<div class=\"grve-element grve-image grve-animated-item grve-fadeInUp grve-align-center\" style=\"\" data-delay=\"600\"><a href=\"https:\/\/bim6d.eu\/es\/proyectos\/\" target=\"_self\" class=\" \">  <figure class=\"grve-hover-style-3 grve-image-hover grve-zoom-in\">    <div class=\"grve-media\">      <div class=\"grve-hover-overlay grve-bg-dark grve-opacity-50\"><\/div><img loading=\"lazy\" decoding=\"async\" width=\"800\" height=\"600\" src=\"https:\/\/bim6d.eu\/wp-content\/uploads\/2021\/02\/joel-filipe-ZMRMFULofus-unsplash-1-800x600.jpg\" class=\"attachment-blade-grve-small-rect-horizontal size-blade-grve-small-rect-horizontal\" alt=\"\" \/>    <\/div>    <figcaption>      <div class=\"grve-image-content\"><h6 class=\"grve-title grve-text-light\">CONSULTE NUESTROS PROYECTOS<\/h6>      <\/div>    <\/figcaption>  <\/figure><\/a><\/div>[\/vc_column][vc_column width=\u00bb1\/3&#8243; tablet_sm_width=\u00bb1-2&#8243;]<div class=\"grve-element grve-image grve-animated-item grve-fadeInDown grve-align-center\" style=\"\" data-delay=\"800\"><a href=\"https:\/\/bim6d.eu\/es\/blog\/\" target=\"_self\" class=\" \">  <figure class=\"grve-hover-style-3 grve-image-hover grve-zoom-in\">    <div class=\"grve-media\">      <div class=\"grve-hover-overlay grve-bg-dark grve-opacity-50\"><\/div><img loading=\"lazy\" decoding=\"async\" width=\"800\" height=\"600\" src=\"https:\/\/bim6d.eu\/wp-content\/uploads\/2021\/02\/matthew-henry-VviFtDJakYk-unsplash-800x600.jpg\" class=\"attachment-blade-grve-small-rect-horizontal size-blade-grve-small-rect-horizontal\" alt=\"\" \/>    <\/div>    <figcaption>      <div class=\"grve-image-content\"><h6 class=\"grve-title grve-text-light\">CONSULTE NUESTRAS PUBLICACIONES<\/h6>      <\/div>    <\/figcaption>  <\/figure><\/a><\/div>[\/vc_column][\/vc_row]<\/p>\n","protected":false},"excerpt":{"rendered":"<p>[vc_row bg_type=\u00bbcolor\u00bb header_feature=\u00bbyes\u00bb equal_column_height=\u00bbmiddle-content\u00bb bg_color=\u00bb#ff9900&#8243; padding_top=\u00bb70&#8243; padding_bottom=\u00bb100&#8243;][vc_column tablet_sm_width=\u00bb1&#8243;][\/vc_column][\/vc_row][vc_row section_type=\u00bbfullwidth\u00bb bg_type=\u00bbcolor\u00bb bg_color=\u00bb#ffffff\u00bb font_color=\u00bb#0a0a0a\u00bb][vc_column css=\u00bb.vc_custom_1614009125338{padding-right: 8% !important;padding-left: 8% !important;}\u00bb][\/vc_column][\/vc_row][vc_row heading_color=\u00bblight\u00bb section_type=\u00bbfullwidth\u00bb bg_type=\u00bbimage\u00bb bg_image=\u00bb13075&#8243; bg_image_type=\u00bbparallax\u00bb parallax_sensor=\u00bb350&#8243; color_overlay=\u00bbdark\u00bb opacity_overlay=\u00bb50&#8243; column_gap=\u00bb10&#8243; scroll_header_style=\u00bblight\u00bb font_color=\u00bb#ffffff\u00bb padding_top=\u00bb50&#8243; padding_bottom=\u00bb50&#8243; margin_bottom=\u00bb0&#8243;][vc_column][\/vc_column][vc_column width=\u00bb1\/4&#8243; tablet_sm_width=\u00bb1&#8243; heading_color=\u00bblight\u00bb css=\u00bb.vc_custom_1614441092684{padding-top: 30px !important;padding-right: 30px !important;padding-bottom: 30px !important;padding-left: 30px !important;}\u00bb font_color=\u00bb#ffffff\u00bb][vc_row_inner][vc_column_inner css=\u00bb.vc_custom_1614438386676{border-top-width: 5px !important;border-right-width: 5px !important;border-bottom-width: 5px !important;border-left-width: 5px !important;padding-top: 15px !important;padding-right: [&hellip;]<\/p>\n","protected":false},"author":1,"featured_media":0,"parent":15789,"menu_order":0,"comment_status":"closed","ping_status":"closed","template":"","meta":{"om_disable_all_campaigns":false,"_monsterinsights_skip_tracking":false,"_monsterinsights_sitenote_active":false,"_monsterinsights_sitenote_note":"","_monsterinsights_sitenote_category":0,"footnotes":""},"class_list":["post-15795","page","type-page","status-publish","hentry"],"aioseo_notices":[],"_links":{"self":[{"href":"https:\/\/bim6d.eu\/es\/wp-json\/wp\/v2\/pages\/15795"}],"collection":[{"href":"https:\/\/bim6d.eu\/es\/wp-json\/wp\/v2\/pages"}],"about":[{"href":"https:\/\/bim6d.eu\/es\/wp-json\/wp\/v2\/types\/page"}],"author":[{"embeddable":true,"href":"https:\/\/bim6d.eu\/es\/wp-json\/wp\/v2\/users\/1"}],"replies":[{"embeddable":true,"href":"https:\/\/bim6d.eu\/es\/wp-json\/wp\/v2\/comments?post=15795"}],"version-history":[{"count":2,"href":"https:\/\/bim6d.eu\/es\/wp-json\/wp\/v2\/pages\/15795\/revisions"}],"predecessor-version":[{"id":15797,"href":"https:\/\/bim6d.eu\/es\/wp-json\/wp\/v2\/pages\/15795\/revisions\/15797"}],"up":[{"embeddable":true,"href":"https:\/\/bim6d.eu\/es\/wp-json\/wp\/v2\/pages\/15789"}],"wp:attachment":[{"href":"https:\/\/bim6d.eu\/es\/wp-json\/wp\/v2\/media?parent=15795"}],"curies":[{"name":"wp","href":"https:\/\/api.w.org\/{rel}","templated":true}]}}