{"id":15798,"date":"2020-09-23T08:25:58","date_gmt":"2020-09-23T08:25:58","guid":{"rendered":"https:\/\/bim6d.eu\/servicios-digitales-por-dimensiones\/bim4d\/"},"modified":"2024-06-05T08:08:58","modified_gmt":"2024-06-05T08:08:58","slug":"bim4d","status":"publish","type":"page","link":"https:\/\/bim6d.eu\/es\/servicios-digitales-por-dimensiones\/bim4d\/","title":{"rendered":"BIM4D"},"content":{"rendered":"<p>[vc_row section_type=\u00bbfullwidth\u00bb bg_type=\u00bbcolor\u00bb header_feature=\u00bbyes\u00bb equal_column_height=\u00bbmiddle-content\u00bb padding_top=\u00bb0&#8243; padding_bottom=\u00bb0&#8243; bg_color=\u00bb#939786&#8243; font_color=\u00bb#ffffff\u00bb][vc_column width=\u00bb1\/4&#8243;][vc_empty_space height=\u00bb50&#8243;]<div class=\"grve-element grve-image grve-align-center\" style=\"\"><img loading=\"lazy\" decoding=\"async\" width=\"300\" height=\"300\" src=\"https:\/\/bim6d.eu\/wp-content\/uploads\/2020\/09\/4D_SYMBOLTEXT.png\" class=\"attachment-full size-full\" alt=\"\" srcset=\"https:\/\/bim6d.eu\/wp-content\/uploads\/2020\/09\/4D_SYMBOLTEXT.png 1x,https:\/\/bim6d.eu\/wp-content\/uploads\/2020\/09\/4D_SYMBOLTEXT.png 2x\" \/><\/div>[vc_empty_space height=\u00bb50&#8243;][\/vc_column][vc_column width=\u00bb3\/4&#8243; font_color=\u00bb#ffffff\u00bb css=\u00bb.vc_custom_1613152630793{padding-right: 8% !important;padding-left: 8% !important;}\u00bb][vc_empty_space height=\u00bb75&#8243;][vc_column_text]<\/p>\n<div class=\"grve-subtitle\">PROGRAMACI\u00d3N Y PLANIFICACI\u00d3N DEL TIEMPO<\/div>\n<h2 class=\"grve-slogan-title grve-align-left grve-h2\"><span style=\"color: #ffffff;\">TIEMPO<\/span><\/h2>\n<p class=\"grve-leader-text\">La dimensi\u00f3n 4D se destina t\u00edpicamente a la programaci\u00f3n de tiempos en la gesti\u00f3n de la construcci\u00f3n mediante la integraci\u00f3n de herramientas BIM y de gesti\u00f3n de proyectos, pero tambi\u00e9n puede aplicarse a otras m\u00faltiples finalidades, siendo especialmente interesante la asignaci\u00f3n de tiempos a procesos de facility management y otros espec\u00edficos del sector como log\u00edstica o eventos. Conectando los espacios BIM a las aplicaciones de gesti\u00f3n del tiempo, podemos ofrecer nuevas soluciones innovadoras para la explotaci\u00f3n de sus proyectos.<\/p>\n<p>[\/vc_column_text][vc_empty_space height=\u00bb25&#8243;][\/vc_column][\/vc_row][vc_row section_type=\u00bbfullwidth\u00bb][vc_column width=\u00bb1\/4&#8243; css=\u00bb.vc_custom_1613152872233{padding-left: 100px !important;}\u00bb][vc_column_text]<\/p>\n<h3>Proyectos BIM4D<\/h3>\n<p>[\/vc_column_text]\t\t\t<div class=\"grve-element grve-portfolio grve-isotope\" style=\"\" data-spinner=\"no\" data-columns=\"2\" data-columns-tablet-landscape=\"2\" data-columns-tablet-portrait=\"2\" data-columns-mobile=\"1\" data-layout=\"fitRows\">\r\n\t\t\r\n\t\t\t<div class=\"grve-isotope-container\">\r\n\t\t\t\t\t\t\t<article id=\"portfolio-15590-69d4d0a725ee2\" class=\"grve-isotope-item grve-portfolio-item  post-15590 portfolio type-portfolio status-publish has-post-thumbnail hentry portfolio_category-1d-es portfolio_category-2d-es portfolio_category-3d-es portfolio_category-4d-es portfolio_category-5d-es portfolio_category-6d-es portfolio_category-apps-es portfolio_category-arquitectos portfolio_category-clientes portfolio_category-constructores portfolio_category-consultores-bim portfolio_category-dimensiones portfolio_category-estado-real portfolio_category-gestores-de-instalaciones portfolio_category-hosteleria portfolio_category-ingenieros-de-estructuras portfolio_category-ingenieros-mep portfolio_category-iot-es portfolio_category-oficinas portfolio_category-power-bi-es portfolio_category-powerbim-es portfolio_category-propietarios portfolio_category-proyectos portfolio_category-residencial portfolio_category-retail portfolio_category-servicios-de-plataforma-autodesk portfolio_category-usuarios-finales\">\r\n\t\t\t\t\t\t\t\t\t\t\t\t\t\t\t\t\t<a href=\"https:\/\/bim6d.eu\/es\/portfolio\/digitaltwin-para-el-proyecto-de-regeneracion-urbana-madrid-nuevo-norte\/\">\r\n\t\t\t\t\t\t\t\t\t\t<div class=\"grve-isotope-item-inner grve-zoomIn\">\r\n\t\t\t\t\t\t\t\t<figure class=\"grve-hover-style-1 grve-image-hover grve-zoom-none\">\r\n\t\t\t\t\t\t\t\t\t<div class=\"grve-media grve-bg-none\">\r\n\t\t\t\t\t\t\t\t\t\t\t\t\t\t\t\t\t\t\t\t<div class=\"grve-bg-light grve-hover-overlay grve-opacity-90\"><\/div>\r\n\t\t\t\t\t\t\t\t\t\t\t\t\t\t\t\t\t\t\t\t<img loading=\"lazy\" decoding=\"async\" width=\"600\" height=\"600\" src=\"https:\/\/bim6d.eu\/wp-content\/uploads\/2023\/01\/MNN_004-600x600.jpg\" class=\"attachment-blade-grve-small-square size-blade-grve-small-square\" alt=\"\" srcset=\"https:\/\/bim6d.eu\/wp-content\/uploads\/2023\/01\/MNN_004-600x600.jpg 600w, https:\/\/bim6d.eu\/wp-content\/uploads\/2023\/01\/MNN_004-150x150.jpg 150w, https:\/\/bim6d.eu\/wp-content\/uploads\/2023\/01\/MNN_004-300x300.jpg 300w, https:\/\/bim6d.eu\/wp-content\/uploads\/2023\/01\/MNN_004-100x100.jpg 100w\" sizes=\"(max-width: 600px) 100vw, 600px\" \/>\t\t\t\t\t\t\t\t\t<\/div>\r\n\t\t\t\t\t\t\t\t\t<figcaption class=\"grve-text-dark\">\r\n\t\t\t\t\t\t\t\t\t\t\t\t\t\t\t\t\t\t\t\t\t\t\t\t\t\t\t\t\t\t\t\t<div class=\"grve-portfolio-content\">\r\n\t\t\t\t\t\t\t\t\t\t\t\t\t\t\t\t\t\t\t\t\t\t\t\t<h2 class=\"grve-title grve-text-dark grve-h5\">DIGITALTWIN PARA EL PROYECTO DE REGENERACI\u00d3N URBANA MADRID NUEVO NORTE<\/h2>\r\n\t\t\t\t\t\t\t\t\t\t\t\t\t\t\t\t\t\t\t\t\t\t\t\t\t\t\t\t\t\t\t\t\t\t\t<\/div>\r\n\t\t\t\t\t\t\t\t\t\t\t\t\t\t\t\t\t\t\t<\/figcaption>\r\n\t\t\t\t\t\t\t\t<\/figure>\r\n\t\t\t\t\t\t\t<\/div>\r\n\t\t\t\t\t\t\t<\/a>\t\t\t\t\t\t\r\n\t\t\t\t\t<\/article>\r\n\t\t\t\t\t<article id=\"portfolio-15596-69d4d0a727f5c\" class=\"grve-isotope-item grve-portfolio-item  post-15596 portfolio type-portfolio status-publish has-post-thumbnail hentry portfolio_category-2d-es portfolio_category-3d-es portfolio_category-4d-es portfolio_category-5d-es portfolio_category-6d-es portfolio_category-apps-es portfolio_category-clientes portfolio_category-dimensiones portfolio_category-educativo portfolio_category-estado-real portfolio_category-gestores-de-instalaciones portfolio_category-iot-es portfolio_category-power-bi-es portfolio_category-powerbim-es portfolio_category-propietarios portfolio_category-proyectos portfolio_category-servicios-de-plataforma-autodesk\">\r\n\t\t\t\t\t\t\t\t\t\t\t\t\t\t\t\t\t<a href=\"https:\/\/bim6d.eu\/es\/portfolio\/digitaltwin-para-la-universidad-rey-juan-carlos\/\">\r\n\t\t\t\t\t\t\t\t\t\t<div class=\"grve-isotope-item-inner grve-zoomIn\">\r\n\t\t\t\t\t\t\t\t<figure class=\"grve-hover-style-1 grve-image-hover grve-zoom-none\">\r\n\t\t\t\t\t\t\t\t\t<div class=\"grve-media grve-bg-none\">\r\n\t\t\t\t\t\t\t\t\t\t\t\t\t\t\t\t\t\t\t\t<div class=\"grve-bg-light grve-hover-overlay grve-opacity-90\"><\/div>\r\n\t\t\t\t\t\t\t\t\t\t\t\t\t\t\t\t\t\t\t\t<img loading=\"lazy\" decoding=\"async\" width=\"600\" height=\"600\" src=\"https:\/\/bim6d.eu\/wp-content\/uploads\/2021\/07\/Captura-de-pantalla-2021-07-28-16.50.43-600x600.png\" class=\"attachment-blade-grve-small-square size-blade-grve-small-square\" alt=\"\" srcset=\"https:\/\/bim6d.eu\/wp-content\/uploads\/2021\/07\/Captura-de-pantalla-2021-07-28-16.50.43-600x600.png 600w, https:\/\/bim6d.eu\/wp-content\/uploads\/2021\/07\/Captura-de-pantalla-2021-07-28-16.50.43-150x150.png 150w, https:\/\/bim6d.eu\/wp-content\/uploads\/2021\/07\/Captura-de-pantalla-2021-07-28-16.50.43-300x300.png 300w, https:\/\/bim6d.eu\/wp-content\/uploads\/2021\/07\/Captura-de-pantalla-2021-07-28-16.50.43-100x100.png 100w\" sizes=\"(max-width: 600px) 100vw, 600px\" \/>\t\t\t\t\t\t\t\t\t<\/div>\r\n\t\t\t\t\t\t\t\t\t<figcaption class=\"grve-text-dark\">\r\n\t\t\t\t\t\t\t\t\t\t\t\t\t\t\t\t\t\t\t\t\t\t\t\t\t\t\t\t\t\t\t\t<div class=\"grve-portfolio-content\">\r\n\t\t\t\t\t\t\t\t\t\t\t\t\t\t\t\t\t\t\t\t\t\t\t\t<h2 class=\"grve-title grve-text-dark grve-h5\">DIGITALTWIN PARA LA UNIVERSIDAD REY JUAN CARLOS<\/h2>\r\n\t\t\t\t\t\t\t\t\t\t\t\t\t\t\t\t\t\t\t\t\t\t\t\t\t\t\t\t\t\t\t\t\t\t\t<\/div>\r\n\t\t\t\t\t\t\t\t\t\t\t\t\t\t\t\t\t\t\t<\/figcaption>\r\n\t\t\t\t\t\t\t\t<\/figure>\r\n\t\t\t\t\t\t\t<\/div>\r\n\t\t\t\t\t\t\t<\/a>\t\t\t\t\t\t\r\n\t\t\t\t\t<\/article>\r\n\t\t\t\t\t<article id=\"portfolio-15600-69d4d0a72bfed\" class=\"grve-isotope-item grve-portfolio-item  post-15600 portfolio type-portfolio status-publish has-post-thumbnail hentry portfolio_category-2d-es portfolio_category-3d-es portfolio_category-4d-es portfolio_category-5d-es portfolio_category-6d-es portfolio_category-apps-es portfolio_category-clientes portfolio_category-constructores portfolio_category-dimensiones portfolio_category-estado-real portfolio_category-gestores-de-instalaciones portfolio_category-integracion-del-sge portfolio_category-iot-es portfolio_category-power-bi-es portfolio_category-powerbim-es portfolio_category-propietarios portfolio_category-proyectos portfolio_category-sanidad portfolio_category-servicios-de-plataforma-autodesk portfolio_category-vision-por-ordenador\">\r\n\t\t\t\t\t\t\t\t\t\t\t\t\t\t\t\t\t<a href=\"https:\/\/bim6d.eu\/es\/portfolio\/inspeccion-remota-de-2-hospitales-durante-la-construccion-de-emergencia-para-covid-19\/\">\r\n\t\t\t\t\t\t\t\t\t\t<div class=\"grve-isotope-item-inner grve-zoomIn\">\r\n\t\t\t\t\t\t\t\t<figure class=\"grve-hover-style-1 grve-image-hover grve-zoom-none\">\r\n\t\t\t\t\t\t\t\t\t<div class=\"grve-media grve-bg-none\">\r\n\t\t\t\t\t\t\t\t\t\t\t\t\t\t\t\t\t\t\t\t<div class=\"grve-bg-light grve-hover-overlay grve-opacity-90\"><\/div>\r\n\t\t\t\t\t\t\t\t\t\t\t\t\t\t\t\t\t\t\t\t<img loading=\"lazy\" decoding=\"async\" width=\"600\" height=\"600\" src=\"https:\/\/bim6d.eu\/wp-content\/uploads\/2021\/03\/COVER-600x600.jpg\" class=\"attachment-blade-grve-small-square size-blade-grve-small-square\" alt=\"\" srcset=\"https:\/\/bim6d.eu\/wp-content\/uploads\/2021\/03\/COVER-600x600.jpg 600w, https:\/\/bim6d.eu\/wp-content\/uploads\/2021\/03\/COVER-150x150.jpg 150w, https:\/\/bim6d.eu\/wp-content\/uploads\/2021\/03\/COVER-300x300.jpg 300w, https:\/\/bim6d.eu\/wp-content\/uploads\/2021\/03\/COVER-100x100.jpg 100w\" sizes=\"(max-width: 600px) 100vw, 600px\" \/>\t\t\t\t\t\t\t\t\t<\/div>\r\n\t\t\t\t\t\t\t\t\t<figcaption class=\"grve-text-dark\">\r\n\t\t\t\t\t\t\t\t\t\t\t\t\t\t\t\t\t\t\t\t\t\t\t\t\t\t\t\t\t\t\t\t<div class=\"grve-portfolio-content\">\r\n\t\t\t\t\t\t\t\t\t\t\t\t\t\t\t\t\t\t\t\t\t\t\t\t<h2 class=\"grve-title grve-text-dark grve-h5\">INSPECCI\u00d3N REMOTA DE 2 HOSPITALES DURANTE LA CONSTRUCCI\u00d3N DE EMERGENCIA PARA COVID-19<\/h2>\r\n\t\t\t\t\t\t\t\t\t\t\t\t\t\t\t\t\t\t\t\t\t\t\t\t\t\t\t\t\t\t\t\t\t\t\t<\/div>\r\n\t\t\t\t\t\t\t\t\t\t\t\t\t\t\t\t\t\t\t<\/figcaption>\r\n\t\t\t\t\t\t\t\t<\/figure>\r\n\t\t\t\t\t\t\t<\/div>\r\n\t\t\t\t\t\t\t<\/a>\t\t\t\t\t\t\r\n\t\t\t\t\t<\/article>\r\n\t\t\t\t\t<article id=\"portfolio-15608-69d4d0a72d1bc\" class=\"grve-isotope-item grve-portfolio-item  post-15608 portfolio type-portfolio status-publish has-post-thumbnail hentry portfolio_category-2d-es portfolio_category-3d-es portfolio_category-4d-es portfolio_category-almacen portfolio_category-clientes portfolio_category-constructores portfolio_category-logistica portfolio_category-proyectos\">\r\n\t\t\t\t\t\t\t\t\t\t\t\t\t\t\t\t\t<a href=\"https:\/\/bim6d.eu\/es\/portfolio\/centro-logistico-en-barcelona-zona-franca\/\">\r\n\t\t\t\t\t\t\t\t\t\t<div class=\"grve-isotope-item-inner grve-zoomIn\">\r\n\t\t\t\t\t\t\t\t<figure class=\"grve-hover-style-1 grve-image-hover grve-zoom-none\">\r\n\t\t\t\t\t\t\t\t\t<div class=\"grve-media grve-bg-none\">\r\n\t\t\t\t\t\t\t\t\t\t\t\t\t\t\t\t\t\t\t\t<div class=\"grve-bg-light grve-hover-overlay grve-opacity-90\"><\/div>\r\n\t\t\t\t\t\t\t\t\t\t\t\t\t\t\t\t\t\t\t\t<img loading=\"lazy\" decoding=\"async\" width=\"600\" height=\"600\" src=\"https:\/\/bim6d.eu\/wp-content\/uploads\/2021\/02\/nave-copcisa-acciona-portada-600x600.jpg\" class=\"attachment-blade-grve-small-square size-blade-grve-small-square\" alt=\"\" srcset=\"https:\/\/bim6d.eu\/wp-content\/uploads\/2021\/02\/nave-copcisa-acciona-portada-600x600.jpg 600w, https:\/\/bim6d.eu\/wp-content\/uploads\/2021\/02\/nave-copcisa-acciona-portada-150x150.jpg 150w, https:\/\/bim6d.eu\/wp-content\/uploads\/2021\/02\/nave-copcisa-acciona-portada-300x300.jpg 300w, https:\/\/bim6d.eu\/wp-content\/uploads\/2021\/02\/nave-copcisa-acciona-portada-100x100.jpg 100w\" sizes=\"(max-width: 600px) 100vw, 600px\" \/>\t\t\t\t\t\t\t\t\t<\/div>\r\n\t\t\t\t\t\t\t\t\t<figcaption class=\"grve-text-dark\">\r\n\t\t\t\t\t\t\t\t\t\t\t\t\t\t\t\t\t\t\t\t\t\t\t\t\t\t\t\t\t\t\t\t<div class=\"grve-portfolio-content\">\r\n\t\t\t\t\t\t\t\t\t\t\t\t\t\t\t\t\t\t\t\t\t\t\t\t<h2 class=\"grve-title grve-text-dark grve-h5\">CENTRO LOG\u00cdSTICO EN BARCELONA ZONA FRANCA<\/h2>\r\n\t\t\t\t\t\t\t\t\t\t\t\t\t\t\t\t\t\t\t\t\t\t\t\t\t\t\t\t\t\t\t\t\t\t\t<\/div>\r\n\t\t\t\t\t\t\t\t\t\t\t\t\t\t\t\t\t\t\t<\/figcaption>\r\n\t\t\t\t\t\t\t\t<\/figure>\r\n\t\t\t\t\t\t\t<\/div>\r\n\t\t\t\t\t\t\t<\/a>\t\t\t\t\t\t\r\n\t\t\t\t\t<\/article>\r\n\t\t\t\t\t<article id=\"portfolio-15621-69d4d0a72e156\" class=\"grve-isotope-item grve-portfolio-item  post-15621 portfolio type-portfolio status-publish has-post-thumbnail hentry portfolio_category-1d-es portfolio_category-2d-es portfolio_category-3d-es portfolio_category-4d-es portfolio_category-6d-es portfolio_category-clientes portfolio_category-constructores portfolio_category-dimensiones portfolio_category-ingenieros-mep portfolio_category-oficinas portfolio_category-power-bi-es portfolio_category-powerbim-es portfolio_category-proyectos portfolio_category-residencial portfolio_category-retail portfolio_category-servicios-de-plataforma-autodesk\">\r\n\t\t\t\t\t\t\t\t\t\t\t\t\t\t\t\t\t<a href=\"https:\/\/bim6d.eu\/es\/portfolio\/torre-bmce-en-rabat\/\">\r\n\t\t\t\t\t\t\t\t\t\t<div class=\"grve-isotope-item-inner grve-zoomIn\">\r\n\t\t\t\t\t\t\t\t<figure class=\"grve-hover-style-1 grve-image-hover grve-zoom-none\">\r\n\t\t\t\t\t\t\t\t\t<div class=\"grve-media grve-bg-none\">\r\n\t\t\t\t\t\t\t\t\t\t\t\t\t\t\t\t\t\t\t\t<div class=\"grve-bg-light grve-hover-overlay grve-opacity-90\"><\/div>\r\n\t\t\t\t\t\t\t\t\t\t\t\t\t\t\t\t\t\t\t\t<img loading=\"lazy\" decoding=\"async\" width=\"600\" height=\"600\" src=\"https:\/\/bim6d.eu\/wp-content\/uploads\/2021\/02\/Tour-BMCE_01-600x600.png\" class=\"attachment-blade-grve-small-square size-blade-grve-small-square\" alt=\"\" srcset=\"https:\/\/bim6d.eu\/wp-content\/uploads\/2021\/02\/Tour-BMCE_01-600x600.png 600w, https:\/\/bim6d.eu\/wp-content\/uploads\/2021\/02\/Tour-BMCE_01-150x150.png 150w, https:\/\/bim6d.eu\/wp-content\/uploads\/2021\/02\/Tour-BMCE_01-300x300.png 300w, https:\/\/bim6d.eu\/wp-content\/uploads\/2021\/02\/Tour-BMCE_01-100x100.png 100w\" sizes=\"(max-width: 600px) 100vw, 600px\" \/>\t\t\t\t\t\t\t\t\t<\/div>\r\n\t\t\t\t\t\t\t\t\t<figcaption class=\"grve-text-dark\">\r\n\t\t\t\t\t\t\t\t\t\t\t\t\t\t\t\t\t\t\t\t\t\t\t\t\t\t\t\t\t\t\t\t<div class=\"grve-portfolio-content\">\r\n\t\t\t\t\t\t\t\t\t\t\t\t\t\t\t\t\t\t\t\t\t\t\t\t<h2 class=\"grve-title grve-text-dark grve-h5\">TORRE BMCE EN RABAT<\/h2>\r\n\t\t\t\t\t\t\t\t\t\t\t\t\t\t\t\t\t\t\t\t\t\t\t\t\t\t\t\t\t\t\t\t\t\t\t<\/div>\r\n\t\t\t\t\t\t\t\t\t\t\t\t\t\t\t\t\t\t\t<\/figcaption>\r\n\t\t\t\t\t\t\t\t<\/figure>\r\n\t\t\t\t\t\t\t<\/div>\r\n\t\t\t\t\t\t\t<\/a>\t\t\t\t\t\t\r\n\t\t\t\t\t<\/article>\r\n\t\t\t\t\t<article id=\"portfolio-15627-69d4d0a72f1ff\" class=\"grve-isotope-item grve-portfolio-item  post-15627 portfolio type-portfolio status-publish has-post-thumbnail hentry portfolio_category-2d-es portfolio_category-3d-es portfolio_category-4d-es portfolio_category-arquitectos portfolio_category-clientes portfolio_category-proyectos portfolio_category-residencial\">\r\n\t\t\t\t\t\t\t\t\t\t\t\t\t\t\t\t\t<a href=\"https:\/\/bim6d.eu\/es\/portfolio\/residencia-geriatrica-en-tarragona\/\">\r\n\t\t\t\t\t\t\t\t\t\t<div class=\"grve-isotope-item-inner grve-zoomIn\">\r\n\t\t\t\t\t\t\t\t<figure class=\"grve-hover-style-1 grve-image-hover grve-zoom-none\">\r\n\t\t\t\t\t\t\t\t\t<div class=\"grve-media grve-bg-none\">\r\n\t\t\t\t\t\t\t\t\t\t\t\t\t\t\t\t\t\t\t\t<div class=\"grve-bg-light grve-hover-overlay grve-opacity-90\"><\/div>\r\n\t\t\t\t\t\t\t\t\t\t\t\t\t\t\t\t\t\t\t\t<img loading=\"lazy\" decoding=\"async\" width=\"600\" height=\"600\" src=\"https:\/\/bim6d.eu\/wp-content\/uploads\/2016\/06\/BSV-14291-04_perspectiva-600x600.png\" class=\"attachment-blade-grve-small-square size-blade-grve-small-square\" alt=\"\" srcset=\"https:\/\/bim6d.eu\/wp-content\/uploads\/2016\/06\/BSV-14291-04_perspectiva-600x600.png 600w, https:\/\/bim6d.eu\/wp-content\/uploads\/2016\/06\/BSV-14291-04_perspectiva-150x150.png 150w, https:\/\/bim6d.eu\/wp-content\/uploads\/2016\/06\/BSV-14291-04_perspectiva-300x300.png 300w, https:\/\/bim6d.eu\/wp-content\/uploads\/2016\/06\/BSV-14291-04_perspectiva-100x100.png 100w\" sizes=\"(max-width: 600px) 100vw, 600px\" \/>\t\t\t\t\t\t\t\t\t<\/div>\r\n\t\t\t\t\t\t\t\t\t<figcaption class=\"grve-text-dark\">\r\n\t\t\t\t\t\t\t\t\t\t\t\t\t\t\t\t\t\t\t\t\t\t\t\t\t\t\t\t\t\t\t\t<div class=\"grve-portfolio-content\">\r\n\t\t\t\t\t\t\t\t\t\t\t\t\t\t\t\t\t\t\t\t\t\t\t\t<h2 class=\"grve-title grve-text-dark grve-h5\">RESIDENCIA GERI\u00c1TRICA EN TARRAGONA<\/h2>\r\n\t\t\t\t\t\t\t\t\t\t\t\t\t\t\t\t\t\t\t\t\t\t\t\t\t\t\t\t\t\t\t\t\t\t\t<\/div>\r\n\t\t\t\t\t\t\t\t\t\t\t\t\t\t\t\t\t\t\t<\/figcaption>\r\n\t\t\t\t\t\t\t\t<\/figure>\r\n\t\t\t\t\t\t\t<\/div>\r\n\t\t\t\t\t\t\t<\/a>\t\t\t\t\t\t\r\n\t\t\t\t\t<\/article>\r\n\t\t\t\t<\/div>\r\n\t\t\t<\/div>\r\n\r\n\t\t[vc_empty_space height=\u00bb50&#8243;][\/vc_column][vc_column width=\u00bb3\/4&#8243; css=\u00bb.vc_custom_1613152810928{padding-right: 8% !important;padding-left: 8% !important;}\u00bb][vc_tta_accordion autoplay=\u00bb5&#8243; active_section=\u00bb1&#8243;][vc_tta_section title=\u00bbModelado 4D para la gesti\u00f3n de la construcci\u00f3n de proyectos\u00bb tab_id=\u00bb1613071578028-1e2556fd-81e6&#8243;]<blockquote class=\"grve-element\" style=\"\"><p>El modelado en 4D proporciona una potente herramienta de visualizaci\u00f3n y comunicaci\u00f3n que permite a los equipos del proyecto (incluidos propietarios y usuarios del edificio) comprender mejor los hitos del proyecto y los planes de construcci\u00f3n. La simulaci\u00f3n 4D puede ayudar a los equipos a identificar problemas mucho antes de las actividades de construcci\u00f3n, cuando son mucho m\u00e1s f\u00e1ciles y menos costosos de resolver.<\/p>\n<p>Los modelos BIM pueden vincularse con los calendarios de las actividades de construcci\u00f3n para explorar las necesidades de espacio y secuenciaci\u00f3n. La informaci\u00f3n adicional que describe la ubicaci\u00f3n de los equipos y las zonas de almacenamiento de materiales puede integrarse en el modelo de proyecto para facilitar y respaldar las decisiones de gesti\u00f3n de la obra, permitiendo a los equipos de proyecto generar y evaluar eficazmente los dise\u00f1os de las instalaciones temporales, las zonas de montaje y las entregas de materiales para todas las fases de la construcci\u00f3n.<\/p><\/blockquote><div class=\"grve-element grve-image grve-align-center\" style=\"\"><img loading=\"lazy\" decoding=\"async\" width=\"739\" height=\"415\" src=\"https:\/\/bim6d.eu\/wp-content\/uploads\/2021\/02\/building_operations2-high.gif\" class=\"attachment-full size-full\" alt=\"\" srcset=\"https:\/\/bim6d.eu\/wp-content\/uploads\/2021\/02\/building_operations2-high.gif 1x,https:\/\/bim6d.eu\/wp-content\/uploads\/2021\/02\/building_operations2-high.gif 2x\" \/><\/div>[\/vc_tta_section][vc_tta_section title=\u00bb4D para Facility Management\u00bb tab_id=\u00bb1614155513833-759f09b5-6bcf\u00bb]<blockquote class=\"grve-element\" style=\"\"><p>Esperamos utilizar modelos digitales para explotar los edificios mediante la integraci\u00f3n de sistemas de gesti\u00f3n de edificios para la energ\u00eda, los equipos, las funcionalidades del espacio y los servicios de mantenimiento, entre otros m\u00faltiples servicios en funci\u00f3n de la tipolog\u00eda o la estrategia de FM definida. Todos los procesos deben tener en cuenta el tiempo, por lo que una de las principales prioridades a la hora de crear BIM es tener en cuenta el ciclo de vida de los materiales, equipos y sistemas, integrando datos de tiempo de garant\u00eda, informaci\u00f3n de an\u00e1lisis del ciclo de vida y, por supuesto, datos en tiempo real integrados en una l\u00ednea de tiempo. Somos expertos en la integraci\u00f3n de datos est\u00e1ticos y din\u00e1micos en BIM para crear una plataforma global de gesti\u00f3n de instalaciones que integre la l\u00ednea de tiempo 4D para m\u00faltiples fines relacionados con el funcionamiento de los edificios.<\/p><\/blockquote>[\/vc_tta_section][vc_tta_section title=\u00bb4D para simulaciones de flujo de peatones\u00bb tab_id=\u00bb1614155538752-cace925d-4863&#8243;]<blockquote class=\"grve-element\" style=\"\"><p>Desde el inicio de la pandemia covid-19, todo est\u00e1 cambiando r\u00e1pidamente. Hay cambios importantes en nuestra forma de vivir en un entorno social, incluido por supuesto el modo en que utilizamos los edificios y las infraestructuras. Hay una diferencia importante entre antes de la covida y durante la covida, que implicar\u00e1 una forma diferente de vivir en sociedad despu\u00e9s de ella. As\u00ed que necesitamos simular nuestro propio comportamiento para disponer de informaci\u00f3n fiable como base para tomar decisiones importantes.<br \/>\nSimulando el flujo peatonal en situaciones tipicas en edificios, como la entrada o salida de estudiantes de una escuela, o como la gente debe evacuar un edificio en caso de emergencia, o simulando el flujo de personas dentro de un centro logistico o una cola de personas en un hospital, son situaciones que necesitamos simular para tomar decisiones de dise\u00f1o \/ operacionales importantes que impactaran en la seguridad \/ salud y productividad de las empresas de servicios y operaciones de edificios. Somos expertos en simular el comportamiento humano utilizando BIM integrado a herramientas avanzadas de simulaciones y analizando los resultados gracias a nuestro equipo de analistas de datos especializados en el sector AECO.<\/p><\/blockquote>[\/vc_tta_section][vc_tta_section title=\u00bb4D para la sostenibilidad\u00bb tab_id=\u00bb1614155593259-cf1afa74-5264&#8243;]<blockquote class=\"grve-element\" style=\"\"><p>El tiempo es importante para casi todo lo que tenemos que simular. As\u00ed que tenemos que predecir lo que va a ocurrir en el futuro si tomamos determinadas decisiones. En nuestro sector de AECO, el tiempo es la base de m\u00faltiples simulaciones que podemos crear sobre modelos digitales, una de las m\u00e1s relevantes son las simulaciones energ\u00e9ticas y simulaciones relacionadas como el an\u00e1lisis de iluminaci\u00f3n, o el confort t\u00e9rmico, incluyendo el an\u00e1lisis CFD.<\/p>\n<p>Es cierto que las simulaciones est\u00e1n m\u00e1s relacionadas con la dimensi\u00f3n 6D, pero debemos asegurarnos de que es obligatorio gestionar los datos temporales para tener en cuenta los distintos escenarios de las simulaciones.<\/p><\/blockquote>[\/vc_tta_section][\/vc_tta_accordion][vc_empty_space height=\u00bb25&#8243;][\/vc_column][\/vc_row]<\/p>\n","protected":false},"excerpt":{"rendered":"<p>[vc_row section_type=\u00bbfullwidth\u00bb bg_type=\u00bbcolor\u00bb header_feature=\u00bbyes\u00bb equal_column_height=\u00bbmiddle-content\u00bb padding_top=\u00bb0&#8243; padding_bottom=\u00bb0&#8243; bg_color=\u00bb#939786&#8243; font_color=\u00bb#ffffff\u00bb][vc_column width=\u00bb1\/4&#8243;][vc_empty_space height=\u00bb50&#8243;][vc_empty_space height=\u00bb50&#8243;][\/vc_column][vc_column width=\u00bb3\/4&#8243; font_color=\u00bb#ffffff\u00bb css=\u00bb.vc_custom_1613152630793{padding-right: 8% !important;padding-left: 8% !important;}\u00bb][vc_empty_space height=\u00bb75&#8243;][vc_column_text] PROGRAMACI\u00d3N Y PLANIFICACI\u00d3N DEL TIEMPO TIEMPO La dimensi\u00f3n 4D se destina t\u00edpicamente a la programaci\u00f3n de tiempos en la gesti\u00f3n de la construcci\u00f3n mediante la integraci\u00f3n de herramientas BIM y de gesti\u00f3n de proyectos, pero [&hellip;]<\/p>\n","protected":false},"author":1,"featured_media":0,"parent":15777,"menu_order":0,"comment_status":"closed","ping_status":"closed","template":"","meta":{"om_disable_all_campaigns":false,"_monsterinsights_skip_tracking":false,"_monsterinsights_sitenote_active":false,"_monsterinsights_sitenote_note":"","_monsterinsights_sitenote_category":0,"footnotes":""},"class_list":["post-15798","page","type-page","status-publish","hentry"],"aioseo_notices":[],"_links":{"self":[{"href":"https:\/\/bim6d.eu\/es\/wp-json\/wp\/v2\/pages\/15798"}],"collection":[{"href":"https:\/\/bim6d.eu\/es\/wp-json\/wp\/v2\/pages"}],"about":[{"href":"https:\/\/bim6d.eu\/es\/wp-json\/wp\/v2\/types\/page"}],"author":[{"embeddable":true,"href":"https:\/\/bim6d.eu\/es\/wp-json\/wp\/v2\/users\/1"}],"replies":[{"embeddable":true,"href":"https:\/\/bim6d.eu\/es\/wp-json\/wp\/v2\/comments?post=15798"}],"version-history":[{"count":2,"href":"https:\/\/bim6d.eu\/es\/wp-json\/wp\/v2\/pages\/15798\/revisions"}],"predecessor-version":[{"id":15800,"href":"https:\/\/bim6d.eu\/es\/wp-json\/wp\/v2\/pages\/15798\/revisions\/15800"}],"up":[{"embeddable":true,"href":"https:\/\/bim6d.eu\/es\/wp-json\/wp\/v2\/pages\/15777"}],"wp:attachment":[{"href":"https:\/\/bim6d.eu\/es\/wp-json\/wp\/v2\/media?parent=15798"}],"curies":[{"name":"wp","href":"https:\/\/api.w.org\/{rel}","templated":true}]}}