{"id":15804,"date":"2020-09-23T08:26:10","date_gmt":"2020-09-23T08:26:10","guid":{"rendered":"https:\/\/bim6d.eu\/servicios-digitales-por-dimensiones\/bim5d\/"},"modified":"2024-06-05T08:25:11","modified_gmt":"2024-06-05T08:25:11","slug":"bim5d","status":"publish","type":"page","link":"https:\/\/bim6d.eu\/es\/servicios-digitales-por-dimensiones\/bim5d\/","title":{"rendered":"BIM5D"},"content":{"rendered":"<p>[vc_row section_type=\u00bbfullwidth\u00bb bg_type=\u00bbcolor\u00bb header_feature=\u00bbyes\u00bb equal_column_height=\u00bbmiddle-content\u00bb padding_top=\u00bb0&#8243; padding_bottom=\u00bb0&#8243; bg_color=\u00bb#7399b0&#8243; font_color=\u00bb#ffffff\u00bb][vc_column width=\u00bb1\/4&#8243;][vc_empty_space height=\u00bb50&#8243;]<div class=\"grve-element grve-image grve-align-center\" style=\"\"><img loading=\"lazy\" decoding=\"async\" width=\"300\" height=\"300\" src=\"https:\/\/bim6d.eu\/wp-content\/uploads\/2020\/09\/5D_SYMBOLTEXT.png\" class=\"attachment-full size-full\" alt=\"\" srcset=\"https:\/\/bim6d.eu\/wp-content\/uploads\/2020\/09\/5D_SYMBOLTEXT.png 1x,https:\/\/bim6d.eu\/wp-content\/uploads\/2020\/09\/5D_SYMBOLTEXT.png 2x\" \/><\/div>[vc_empty_space height=\u00bb50&#8243;][\/vc_column][vc_column width=\u00bb3\/4&#8243; font_color=\u00bb#ffffff\u00bb css=\u00bb.vc_custom_1613152630793{padding-right: 8% !important;padding-left: 8% !important;}\u00bb][vc_empty_space height=\u00bb75&#8243;][vc_column_text]<\/p>\n<div class=\"grve-subtitle\">GESTI\u00d3N DE CANTIDADES Y COSTES<\/div>\n<h2 class=\"grve-slogan-title grve-align-left grve-h2\"><span style=\"color: #ffffff;\">COSTE<\/span><\/h2>\n<p class=\"grve-leader-text\">En la dimensi\u00f3n 5D trabajamos con la realidad de los edificios o infraestructuras en t\u00e9rminos de cantidades y precios, lo que significa que necesitamos obtener de los modelos digitales y las bases de datos la verdad de los proyectos. No toda la informaci\u00f3n debe estar dentro de los modelos y nuestra experiencia dice que el coste es uno de ellos que debe calcularse con herramientas espec\u00edficas y por profesionales y conectarse a los modelos de forma automatizada. Perm\u00edtanos explicarle nuestro m\u00e9todo.<\/p>\n<p>[\/vc_column_text][vc_empty_space height=\u00bb25&#8243;][\/vc_column][\/vc_row][vc_row section_type=\u00bbfullwidth\u00bb][vc_column width=\u00bb1\/4&#8243; css=\u00bb.vc_custom_1613152872233{padding-left: 100px !important;}\u00bb][vc_column_text]<\/p>\n<h3>Proyectos BIM5D<\/h3>\n<p>[\/vc_column_text]\t\t\t<div class=\"grve-element grve-portfolio grve-isotope\" style=\"\" data-spinner=\"no\" data-columns=\"2\" data-columns-tablet-landscape=\"2\" data-columns-tablet-portrait=\"2\" data-columns-mobile=\"1\" data-layout=\"fitRows\">\r\n\t\t\r\n\t\t\t<div class=\"grve-isotope-container\">\r\n\t\t\t\t\t\t\t<article id=\"portfolio-15590-69d4d3f64c8a6\" class=\"grve-isotope-item grve-portfolio-item  post-15590 portfolio type-portfolio status-publish has-post-thumbnail hentry portfolio_category-1d-es portfolio_category-2d-es portfolio_category-3d-es portfolio_category-4d-es portfolio_category-5d-es portfolio_category-6d-es portfolio_category-apps-es portfolio_category-arquitectos portfolio_category-clientes portfolio_category-constructores portfolio_category-consultores-bim portfolio_category-dimensiones portfolio_category-estado-real portfolio_category-gestores-de-instalaciones portfolio_category-hosteleria portfolio_category-ingenieros-de-estructuras portfolio_category-ingenieros-mep portfolio_category-iot-es portfolio_category-oficinas portfolio_category-power-bi-es portfolio_category-powerbim-es portfolio_category-propietarios portfolio_category-proyectos portfolio_category-residencial portfolio_category-retail portfolio_category-servicios-de-plataforma-autodesk portfolio_category-usuarios-finales\">\r\n\t\t\t\t\t\t\t\t\t\t\t\t\t\t\t\t\t<a href=\"https:\/\/bim6d.eu\/es\/portfolio\/digitaltwin-para-el-proyecto-de-regeneracion-urbana-madrid-nuevo-norte\/\">\r\n\t\t\t\t\t\t\t\t\t\t<div class=\"grve-isotope-item-inner grve-zoomIn\">\r\n\t\t\t\t\t\t\t\t<figure class=\"grve-hover-style-1 grve-image-hover grve-zoom-none\">\r\n\t\t\t\t\t\t\t\t\t<div class=\"grve-media grve-bg-none\">\r\n\t\t\t\t\t\t\t\t\t\t\t\t\t\t\t\t\t\t\t\t<div class=\"grve-bg-light grve-hover-overlay grve-opacity-90\"><\/div>\r\n\t\t\t\t\t\t\t\t\t\t\t\t\t\t\t\t\t\t\t\t<img loading=\"lazy\" decoding=\"async\" width=\"600\" height=\"600\" src=\"https:\/\/bim6d.eu\/wp-content\/uploads\/2023\/01\/MNN_004-600x600.jpg\" class=\"attachment-blade-grve-small-square size-blade-grve-small-square\" alt=\"\" srcset=\"https:\/\/bim6d.eu\/wp-content\/uploads\/2023\/01\/MNN_004-600x600.jpg 600w, https:\/\/bim6d.eu\/wp-content\/uploads\/2023\/01\/MNN_004-150x150.jpg 150w, https:\/\/bim6d.eu\/wp-content\/uploads\/2023\/01\/MNN_004-300x300.jpg 300w, https:\/\/bim6d.eu\/wp-content\/uploads\/2023\/01\/MNN_004-100x100.jpg 100w\" sizes=\"(max-width: 600px) 100vw, 600px\" \/>\t\t\t\t\t\t\t\t\t<\/div>\r\n\t\t\t\t\t\t\t\t\t<figcaption class=\"grve-text-dark\">\r\n\t\t\t\t\t\t\t\t\t\t\t\t\t\t\t\t\t\t\t\t\t\t\t\t\t\t\t\t\t\t\t\t<div class=\"grve-portfolio-content\">\r\n\t\t\t\t\t\t\t\t\t\t\t\t\t\t\t\t\t\t\t\t\t\t\t\t<h2 class=\"grve-title grve-text-dark grve-h5\">DIGITALTWIN PARA EL PROYECTO DE REGENERACI\u00d3N URBANA MADRID NUEVO NORTE<\/h2>\r\n\t\t\t\t\t\t\t\t\t\t\t\t\t\t\t\t\t\t\t\t\t\t\t\t\t\t\t\t\t\t\t\t\t\t\t<\/div>\r\n\t\t\t\t\t\t\t\t\t\t\t\t\t\t\t\t\t\t\t<\/figcaption>\r\n\t\t\t\t\t\t\t\t<\/figure>\r\n\t\t\t\t\t\t\t<\/div>\r\n\t\t\t\t\t\t\t<\/a>\t\t\t\t\t\t\r\n\t\t\t\t\t<\/article>\r\n\t\t\t\t\t<article id=\"portfolio-15596-69d4d3f64d4c4\" class=\"grve-isotope-item grve-portfolio-item  post-15596 portfolio type-portfolio status-publish has-post-thumbnail hentry portfolio_category-2d-es portfolio_category-3d-es portfolio_category-4d-es portfolio_category-5d-es portfolio_category-6d-es portfolio_category-apps-es portfolio_category-clientes portfolio_category-dimensiones portfolio_category-educativo portfolio_category-estado-real portfolio_category-gestores-de-instalaciones portfolio_category-iot-es portfolio_category-power-bi-es portfolio_category-powerbim-es portfolio_category-propietarios portfolio_category-proyectos portfolio_category-servicios-de-plataforma-autodesk\">\r\n\t\t\t\t\t\t\t\t\t\t\t\t\t\t\t\t\t<a href=\"https:\/\/bim6d.eu\/es\/portfolio\/digitaltwin-para-la-universidad-rey-juan-carlos\/\">\r\n\t\t\t\t\t\t\t\t\t\t<div class=\"grve-isotope-item-inner grve-zoomIn\">\r\n\t\t\t\t\t\t\t\t<figure class=\"grve-hover-style-1 grve-image-hover grve-zoom-none\">\r\n\t\t\t\t\t\t\t\t\t<div class=\"grve-media grve-bg-none\">\r\n\t\t\t\t\t\t\t\t\t\t\t\t\t\t\t\t\t\t\t\t<div class=\"grve-bg-light grve-hover-overlay grve-opacity-90\"><\/div>\r\n\t\t\t\t\t\t\t\t\t\t\t\t\t\t\t\t\t\t\t\t<img loading=\"lazy\" decoding=\"async\" width=\"600\" height=\"600\" src=\"https:\/\/bim6d.eu\/wp-content\/uploads\/2021\/07\/Captura-de-pantalla-2021-07-28-16.50.43-600x600.png\" class=\"attachment-blade-grve-small-square size-blade-grve-small-square\" alt=\"\" srcset=\"https:\/\/bim6d.eu\/wp-content\/uploads\/2021\/07\/Captura-de-pantalla-2021-07-28-16.50.43-600x600.png 600w, https:\/\/bim6d.eu\/wp-content\/uploads\/2021\/07\/Captura-de-pantalla-2021-07-28-16.50.43-150x150.png 150w, https:\/\/bim6d.eu\/wp-content\/uploads\/2021\/07\/Captura-de-pantalla-2021-07-28-16.50.43-300x300.png 300w, https:\/\/bim6d.eu\/wp-content\/uploads\/2021\/07\/Captura-de-pantalla-2021-07-28-16.50.43-100x100.png 100w\" sizes=\"(max-width: 600px) 100vw, 600px\" \/>\t\t\t\t\t\t\t\t\t<\/div>\r\n\t\t\t\t\t\t\t\t\t<figcaption class=\"grve-text-dark\">\r\n\t\t\t\t\t\t\t\t\t\t\t\t\t\t\t\t\t\t\t\t\t\t\t\t\t\t\t\t\t\t\t\t<div class=\"grve-portfolio-content\">\r\n\t\t\t\t\t\t\t\t\t\t\t\t\t\t\t\t\t\t\t\t\t\t\t\t<h2 class=\"grve-title grve-text-dark grve-h5\">DIGITALTWIN PARA LA UNIVERSIDAD REY JUAN CARLOS<\/h2>\r\n\t\t\t\t\t\t\t\t\t\t\t\t\t\t\t\t\t\t\t\t\t\t\t\t\t\t\t\t\t\t\t\t\t\t\t<\/div>\r\n\t\t\t\t\t\t\t\t\t\t\t\t\t\t\t\t\t\t\t<\/figcaption>\r\n\t\t\t\t\t\t\t\t<\/figure>\r\n\t\t\t\t\t\t\t<\/div>\r\n\t\t\t\t\t\t\t<\/a>\t\t\t\t\t\t\r\n\t\t\t\t\t<\/article>\r\n\t\t\t\t\t<article id=\"portfolio-15600-69d4d3f64e0d6\" class=\"grve-isotope-item grve-portfolio-item  post-15600 portfolio type-portfolio status-publish has-post-thumbnail hentry portfolio_category-2d-es portfolio_category-3d-es portfolio_category-4d-es portfolio_category-5d-es portfolio_category-6d-es portfolio_category-apps-es portfolio_category-clientes portfolio_category-constructores portfolio_category-dimensiones portfolio_category-estado-real portfolio_category-gestores-de-instalaciones portfolio_category-integracion-del-sge portfolio_category-iot-es portfolio_category-power-bi-es portfolio_category-powerbim-es portfolio_category-propietarios portfolio_category-proyectos portfolio_category-sanidad portfolio_category-servicios-de-plataforma-autodesk portfolio_category-vision-por-ordenador\">\r\n\t\t\t\t\t\t\t\t\t\t\t\t\t\t\t\t\t<a href=\"https:\/\/bim6d.eu\/es\/portfolio\/inspeccion-remota-de-2-hospitales-durante-la-construccion-de-emergencia-para-covid-19\/\">\r\n\t\t\t\t\t\t\t\t\t\t<div class=\"grve-isotope-item-inner grve-zoomIn\">\r\n\t\t\t\t\t\t\t\t<figure class=\"grve-hover-style-1 grve-image-hover grve-zoom-none\">\r\n\t\t\t\t\t\t\t\t\t<div class=\"grve-media grve-bg-none\">\r\n\t\t\t\t\t\t\t\t\t\t\t\t\t\t\t\t\t\t\t\t<div class=\"grve-bg-light grve-hover-overlay grve-opacity-90\"><\/div>\r\n\t\t\t\t\t\t\t\t\t\t\t\t\t\t\t\t\t\t\t\t<img loading=\"lazy\" decoding=\"async\" width=\"600\" height=\"600\" src=\"https:\/\/bim6d.eu\/wp-content\/uploads\/2021\/03\/COVER-600x600.jpg\" class=\"attachment-blade-grve-small-square size-blade-grve-small-square\" alt=\"\" srcset=\"https:\/\/bim6d.eu\/wp-content\/uploads\/2021\/03\/COVER-600x600.jpg 600w, https:\/\/bim6d.eu\/wp-content\/uploads\/2021\/03\/COVER-150x150.jpg 150w, https:\/\/bim6d.eu\/wp-content\/uploads\/2021\/03\/COVER-300x300.jpg 300w, https:\/\/bim6d.eu\/wp-content\/uploads\/2021\/03\/COVER-100x100.jpg 100w\" sizes=\"(max-width: 600px) 100vw, 600px\" \/>\t\t\t\t\t\t\t\t\t<\/div>\r\n\t\t\t\t\t\t\t\t\t<figcaption class=\"grve-text-dark\">\r\n\t\t\t\t\t\t\t\t\t\t\t\t\t\t\t\t\t\t\t\t\t\t\t\t\t\t\t\t\t\t\t\t<div class=\"grve-portfolio-content\">\r\n\t\t\t\t\t\t\t\t\t\t\t\t\t\t\t\t\t\t\t\t\t\t\t\t<h2 class=\"grve-title grve-text-dark grve-h5\">INSPECCI\u00d3N REMOTA DE 2 HOSPITALES DURANTE LA CONSTRUCCI\u00d3N DE EMERGENCIA PARA COVID-19<\/h2>\r\n\t\t\t\t\t\t\t\t\t\t\t\t\t\t\t\t\t\t\t\t\t\t\t\t\t\t\t\t\t\t\t\t\t\t\t<\/div>\r\n\t\t\t\t\t\t\t\t\t\t\t\t\t\t\t\t\t\t\t<\/figcaption>\r\n\t\t\t\t\t\t\t\t<\/figure>\r\n\t\t\t\t\t\t\t<\/div>\r\n\t\t\t\t\t\t\t<\/a>\t\t\t\t\t\t\r\n\t\t\t\t\t<\/article>\r\n\t\t\t\t\t<article id=\"portfolio-15602-69d4d3f64ebfb\" class=\"grve-isotope-item grve-portfolio-item  post-15602 portfolio type-portfolio status-publish has-post-thumbnail hentry portfolio_category-3d-es portfolio_category-5d-es portfolio_category-apps-es portfolio_category-arquitectos portfolio_category-clientes portfolio_category-constructores portfolio_category-estado-real portfolio_category-power-bi-es portfolio_category-powerbim-es portfolio_category-propietarios portfolio_category-residencial portfolio_category-servicios-de-plataforma-autodesk\">\r\n\t\t\t\t\t\t\t\t\t\t\t\t\t\t\t\t\t<a href=\"https:\/\/bim6d.eu\/es\/portfolio\/proyecto-piloto-powerbim-5d-para-inmobiliaria\/\">\r\n\t\t\t\t\t\t\t\t\t\t<div class=\"grve-isotope-item-inner grve-zoomIn\">\r\n\t\t\t\t\t\t\t\t<figure class=\"grve-hover-style-1 grve-image-hover grve-zoom-none\">\r\n\t\t\t\t\t\t\t\t\t<div class=\"grve-media grve-bg-none\">\r\n\t\t\t\t\t\t\t\t\t\t\t\t\t\t\t\t\t\t\t\t<div class=\"grve-bg-light grve-hover-overlay grve-opacity-90\"><\/div>\r\n\t\t\t\t\t\t\t\t\t\t\t\t\t\t\t\t\t\t\t\t<img loading=\"lazy\" decoding=\"async\" width=\"600\" height=\"600\" src=\"https:\/\/bim6d.eu\/wp-content\/uploads\/2020\/08\/Captura-de-pantalla-2020-08-15-13.04.45-600x600.png\" class=\"attachment-blade-grve-small-square size-blade-grve-small-square\" alt=\"\" srcset=\"https:\/\/bim6d.eu\/wp-content\/uploads\/2020\/08\/Captura-de-pantalla-2020-08-15-13.04.45-600x600.png 600w, https:\/\/bim6d.eu\/wp-content\/uploads\/2020\/08\/Captura-de-pantalla-2020-08-15-13.04.45-150x150.png 150w, https:\/\/bim6d.eu\/wp-content\/uploads\/2020\/08\/Captura-de-pantalla-2020-08-15-13.04.45-300x300.png 300w, https:\/\/bim6d.eu\/wp-content\/uploads\/2020\/08\/Captura-de-pantalla-2020-08-15-13.04.45-100x100.png 100w\" sizes=\"(max-width: 600px) 100vw, 600px\" \/>\t\t\t\t\t\t\t\t\t<\/div>\r\n\t\t\t\t\t\t\t\t\t<figcaption class=\"grve-text-dark\">\r\n\t\t\t\t\t\t\t\t\t\t\t\t\t\t\t\t\t\t\t\t\t\t\t\t\t\t\t\t\t\t\t\t<div class=\"grve-portfolio-content\">\r\n\t\t\t\t\t\t\t\t\t\t\t\t\t\t\t\t\t\t\t\t\t\t\t\t<h2 class=\"grve-title grve-text-dark grve-h5\">PROYECTO PILOTO POWERBIM 5D PARA INMOBILIARIA<\/h2>\r\n\t\t\t\t\t\t\t\t\t\t\t\t\t\t\t\t\t\t\t\t\t\t\t\t\t\t\t\t\t\t\t\t\t\t\t<\/div>\r\n\t\t\t\t\t\t\t\t\t\t\t\t\t\t\t\t\t\t\t<\/figcaption>\r\n\t\t\t\t\t\t\t\t<\/figure>\r\n\t\t\t\t\t\t\t<\/div>\r\n\t\t\t\t\t\t\t<\/a>\t\t\t\t\t\t\r\n\t\t\t\t\t<\/article>\r\n\t\t\t\t\t<article id=\"portfolio-15607-69d4d3f64f6d6\" class=\"grve-isotope-item grve-portfolio-item  post-15607 portfolio type-portfolio status-publish has-post-thumbnail hentry portfolio_category-2d-es portfolio_category-3d-es portfolio_category-5d-es portfolio_category-apps-es portfolio_category-clientes portfolio_category-ingenieros-mep portfolio_category-oficinas portfolio_category-power-bi-es portfolio_category-powerbim-es portfolio_category-proyectos portfolio_category-residencial portfolio_category-retail portfolio_category-servicios-de-plataforma-autodesk\">\r\n\t\t\t\t\t\t\t\t\t\t\t\t\t\t\t\t\t<a href=\"https:\/\/bim6d.eu\/es\/portfolio\/torre-garellano\/\">\r\n\t\t\t\t\t\t\t\t\t\t<div class=\"grve-isotope-item-inner grve-zoomIn\">\r\n\t\t\t\t\t\t\t\t<figure class=\"grve-hover-style-1 grve-image-hover grve-zoom-none\">\r\n\t\t\t\t\t\t\t\t\t<div class=\"grve-media grve-bg-none\">\r\n\t\t\t\t\t\t\t\t\t\t\t\t\t\t\t\t\t\t\t\t<div class=\"grve-bg-light grve-hover-overlay grve-opacity-90\"><\/div>\r\n\t\t\t\t\t\t\t\t\t\t\t\t\t\t\t\t\t\t\t\t<img loading=\"lazy\" decoding=\"async\" width=\"600\" height=\"600\" src=\"https:\/\/bim6d.eu\/wp-content\/uploads\/2020\/10\/2437378-600x600.jpg\" class=\"attachment-blade-grve-small-square size-blade-grve-small-square\" alt=\"\" srcset=\"https:\/\/bim6d.eu\/wp-content\/uploads\/2020\/10\/2437378-600x600.jpg 600w, https:\/\/bim6d.eu\/wp-content\/uploads\/2020\/10\/2437378-150x150.jpg 150w, https:\/\/bim6d.eu\/wp-content\/uploads\/2020\/10\/2437378-300x300.jpg 300w, https:\/\/bim6d.eu\/wp-content\/uploads\/2020\/10\/2437378-100x100.jpg 100w\" sizes=\"(max-width: 600px) 100vw, 600px\" \/>\t\t\t\t\t\t\t\t\t<\/div>\r\n\t\t\t\t\t\t\t\t\t<figcaption class=\"grve-text-dark\">\r\n\t\t\t\t\t\t\t\t\t\t\t\t\t\t\t\t\t\t\t\t\t\t\t\t\t\t\t\t\t\t\t\t<div class=\"grve-portfolio-content\">\r\n\t\t\t\t\t\t\t\t\t\t\t\t\t\t\t\t\t\t\t\t\t\t\t\t<h2 class=\"grve-title grve-text-dark grve-h5\">Torre Garellano<\/h2>\r\n\t\t\t\t\t\t\t\t\t\t\t\t\t\t\t\t\t\t\t\t\t\t\t\t\t\t\t\t\t\t\t\t\t\t\t<\/div>\r\n\t\t\t\t\t\t\t\t\t\t\t\t\t\t\t\t\t\t\t<\/figcaption>\r\n\t\t\t\t\t\t\t\t<\/figure>\r\n\t\t\t\t\t\t\t<\/div>\r\n\t\t\t\t\t\t\t<\/a>\t\t\t\t\t\t\r\n\t\t\t\t\t<\/article>\r\n\t\t\t\t<\/div>\r\n\t\t\t<\/div>\r\n\r\n\t\t[vc_empty_space height=\u00bb50&#8243;][\/vc_column][vc_column width=\u00bb3\/4&#8243; css=\u00bb.vc_custom_1613152810928{padding-right: 8% !important;padding-left: 8% !important;}\u00bb][vc_tta_accordion autoplay=\u00bb5&#8243; active_section=\u00bb1&#8243;][vc_tta_section title=\u00bbBIM PARA DESPACHOS DE CANTIDAD\u00bb tab_id=\u00bb1613071578028-1e2556fd-81e6&#8243;]<blockquote class=\"grve-element\" style=\"\"><p>Ayudamos a las empresas a implantar correctamente BIM desde un punto de vista 5D. En nuestra visi\u00f3n hay 3 puntos importantes con los que trabajar. La primera es saber si las competencias del cliente est\u00e1n preparadas para cuantificar un proyecto desde un punto de vista profesional. En segundo lugar, aprender a trabajar con la estructuraci\u00f3n de datos para adaptar BIM a las mediciones profesionales. La tercera consiste en disponer de herramientas y automatizaciones listas para comparar las diferencias entre BIM y la realidad f\u00edsica, y de una metodolog\u00eda lista para automatizar la mayor parte del despegue cuantitativo del proyecto a partir de modelos BIM.<\/p><\/blockquote>[\/vc_tta_section][vc_tta_section title=\u00bbBIM PARA LA LISTA DE CANTIDADES\u00bb tab_id=\u00bb1614462662067-cda2d65d-bcbe\u00bb]<blockquote class=\"grve-element\" style=\"\"><p>Una vez que sepamos cuantificar un proyecto mediante BIM y t\u00e9cnicas afines, podremos obtener f\u00e1cilmente presupuestos para m\u00faltiples fines, pero recordemos que no todo el presupuesto procede de los modelos BIM. En realidad, nuestra recomendaci\u00f3n es evitar por completo la inclusi\u00f3n de precios en los modelos BIM o en los objetos BIM por m\u00faltiples razones razonables.<\/p><\/blockquote>[\/vc_tta_section][vc_tta_section title=\u00bbBIM PARA PROCESOS DE LICITACI\u00d3N\u00bb tab_id=\u00bb1614462744422-f8567d1c-92ef\u00bb]<blockquote class=\"grve-element\" style=\"\"><p>Yendo m\u00e1s all\u00e1, una vez que estemos preparados para extraer cantidades y presupuestos de BIM. Estamos dispuestos a utilizar BIM para comparar ofertas, automatizar los procesos de licitaci\u00f3n y utilizar modelos BIM estructurados en funciones y responsabilidades para los proveedores, con el fin de obtener precios precisos y gestionar la 5D de forma completa y exigente. \u00bfC\u00f3mo hacerlo? Utilizar modelos BIM para los procesos de licitaci\u00f3n ser\u00e1 una tendencia en un futuro pr\u00f3ximo y hoy podemos ayudar a estar preparados para ello.<\/p><\/blockquote>[\/vc_tta_section][vc_tta_section title=\u00bbBIM INTEGRADO EN ERP \/ CRM\u00bb tab_id=\u00bb1614462774392-5c3e6493-6721&#8243;]<blockquote class=\"grve-element\" style=\"\"><p>El futuro de BIM est\u00e1 fuera de BIM. En otras palabras, necesitamos integrar BIM a las tecnolog\u00edas efectivas existentes, si lo conseguimos estaremos listos para sacar provecho de la inversi\u00f3n en BIM de forma definitiva, cruzar los datos estructurados del edificio a los sistemas CRM \/ ERP proporcionar\u00e1 una nueva visi\u00f3n de 5D, m\u00e1s completa y eficiente. Somos expertos en integrar BIM con otras m\u00faltiples tecnolog\u00edas.<\/p><\/blockquote>[\/vc_tta_section][\/vc_tta_accordion][vc_empty_space height=\u00bb25&#8243;][\/vc_column][\/vc_row]<\/p>\n","protected":false},"excerpt":{"rendered":"<p>[vc_row section_type=\u00bbfullwidth\u00bb bg_type=\u00bbcolor\u00bb header_feature=\u00bbyes\u00bb equal_column_height=\u00bbmiddle-content\u00bb padding_top=\u00bb0&#8243; padding_bottom=\u00bb0&#8243; bg_color=\u00bb#7399b0&#8243; font_color=\u00bb#ffffff\u00bb][vc_column width=\u00bb1\/4&#8243;][vc_empty_space height=\u00bb50&#8243;][vc_empty_space height=\u00bb50&#8243;][\/vc_column][vc_column width=\u00bb3\/4&#8243; font_color=\u00bb#ffffff\u00bb css=\u00bb.vc_custom_1613152630793{padding-right: 8% !important;padding-left: 8% !important;}\u00bb][vc_empty_space height=\u00bb75&#8243;][vc_column_text] GESTI\u00d3N DE CANTIDADES Y COSTES COSTE En la dimensi\u00f3n 5D trabajamos con la realidad de los edificios o infraestructuras en t\u00e9rminos de cantidades y precios, lo que significa que necesitamos obtener de los modelos digitales [&hellip;]<\/p>\n","protected":false},"author":1,"featured_media":0,"parent":15777,"menu_order":0,"comment_status":"closed","ping_status":"closed","template":"","meta":{"om_disable_all_campaigns":false,"_monsterinsights_skip_tracking":false,"_monsterinsights_sitenote_active":false,"_monsterinsights_sitenote_note":"","_monsterinsights_sitenote_category":0,"footnotes":""},"class_list":["post-15804","page","type-page","status-publish","hentry"],"aioseo_notices":[],"_links":{"self":[{"href":"https:\/\/bim6d.eu\/es\/wp-json\/wp\/v2\/pages\/15804"}],"collection":[{"href":"https:\/\/bim6d.eu\/es\/wp-json\/wp\/v2\/pages"}],"about":[{"href":"https:\/\/bim6d.eu\/es\/wp-json\/wp\/v2\/types\/page"}],"author":[{"embeddable":true,"href":"https:\/\/bim6d.eu\/es\/wp-json\/wp\/v2\/users\/1"}],"replies":[{"embeddable":true,"href":"https:\/\/bim6d.eu\/es\/wp-json\/wp\/v2\/comments?post=15804"}],"version-history":[{"count":2,"href":"https:\/\/bim6d.eu\/es\/wp-json\/wp\/v2\/pages\/15804\/revisions"}],"predecessor-version":[{"id":15806,"href":"https:\/\/bim6d.eu\/es\/wp-json\/wp\/v2\/pages\/15804\/revisions\/15806"}],"up":[{"embeddable":true,"href":"https:\/\/bim6d.eu\/es\/wp-json\/wp\/v2\/pages\/15777"}],"wp:attachment":[{"href":"https:\/\/bim6d.eu\/es\/wp-json\/wp\/v2\/media?parent=15804"}],"curies":[{"name":"wp","href":"https:\/\/api.w.org\/{rel}","templated":true}]}}